{"id":11424,"date":"2022-03-06T13:28:29","date_gmt":"2022-03-06T13:28:29","guid":{"rendered":"http:\/\/www.mesastrigo-advocats.com\/areas-sectores\/"},"modified":"2025-07-07T08:28:39","modified_gmt":"2025-07-07T08:28:39","slug":"arees-sectors","status":"publish","type":"page","link":"https:\/\/www.mesastrigoadvocats.com\/ca\/arees-sectors\/","title":{"rendered":"\u00c0rees i sectors"},"content":{"rendered":"\t\t<div data-elementor-type=\"wp-page\" data-elementor-id=\"11424\" class=\"elementor elementor-11424 elementor-983\">\n\t\t\t\t        <section class=\"elementor-section elementor-top-section elementor-element elementor-element-213635f elementor-section-stretched elementor-section-boxed elementor-section-height-default elementor-section-height-default pxl-type-header-none pxl-row-scroll-none pxl-bg-color-none pxl-section-overlay-none\" data-id=\"213635f\" data-element_type=\"section\" data-settings=\"{&quot;stretch_section&quot;:&quot;section-stretched&quot;,&quot;background_background&quot;:&quot;classic&quot;}\">\n\n                \n                <div class=\"elementor-container elementor-column-gap-extended \">\n                <div class=\"elementor-column elementor-col-100 elementor-top-column elementor-element elementor-element-7e8a89f pxl-col-none pxl-column-none\" data-id=\"7e8a89f\" data-element_type=\"column\">\r\n        <div class=\"elementor-widget-wrap elementor-element-populated\">\r\n                     \r\n        \t\t<div class=\"elementor-element elementor-element-2d1a83e elementor-widget__width-auto elementor-widget-tablet__width-inherit elementor-hidden-mobile elementor-widget elementor-widget-heading\" data-id=\"2d1a83e\" data-element_type=\"widget\" data-widget_type=\"heading.default\">\n\t\t\t\t<div class=\"elementor-widget-container\">\n\t\t\t<div id=\"pxl-heading-2d1a83e-4906\" class=\"pxl-heading typewriter-color\">\n\t<div class=\"pxl-heading--inner\">\n\t\t\n\t\t<div class=\"pxl-item--dividerwrap divider-position-left\">\n\t\t\t<div class=\"pxl-item--divider\"><\/div>\t\t\t<h2 class=\"pxl-item--title  highlight-default \" data-wow-delay=\"ms\">\n\t\t\t\tEls nostres serveis\t\t\n\t\t\t<\/h2>\n\t\t<\/div>\n\t\t\t<\/div>\n<\/div>\t\t<\/div>\n\t\t\t\t<\/div>\n\t\t\t\t<div class=\"elementor-element elementor-element-9b845fe elementor-widget__width-auto elementor-widget-tablet__width-inherit elementor-hidden-desktop elementor-hidden-tablet elementor-widget elementor-widget-heading\" data-id=\"9b845fe\" data-element_type=\"widget\" data-widget_type=\"heading.default\">\n\t\t\t\t<div class=\"elementor-widget-container\">\n\t\t\t<div id=\"pxl-heading-9b845fe-1052\" class=\"pxl-heading typewriter-color\">\n\t<div class=\"pxl-heading--inner\">\n\t\t\n\t\t<div class=\"pxl-item--dividerwrap divider-position-left\">\n\t\t\t<div class=\"pxl-item--divider\"><\/div>\t\t\t<h2 class=\"pxl-item--title  highlight-default \" data-wow-delay=\"ms\">\n\t\t\t\tNuestros servicios\t\t\n\t\t\t<\/h2>\n\t\t<\/div>\n\t\t\t<\/div>\n<\/div>\t\t<\/div>\n\t\t\t\t<\/div>\n\t\t\t\t<div class=\"elementor-element elementor-element-6285239 elementor-widget__width-auto elementor-widget-tablet__width-inherit elementor-hidden-mobile elementor-widget elementor-widget-heading\" data-id=\"6285239\" data-element_type=\"widget\" data-widget_type=\"heading.default\">\n\t\t\t\t<div class=\"elementor-widget-container\">\n\t\t\t<div id=\"pxl-heading-6285239-9285\" class=\"pxl-heading typewriter-color\">\n\t<div class=\"pxl-heading--inner\">\n\t\t\n\t\t\t\t\t<h3 class=\"pxl-item--title  highlight-default \" data-wow-delay=\"ms\">\n\t\t\t\tEl client com a prioritat en la nostra estrat\u00e8gia\t\t\n\t\t\t<\/h3>\n\t\t\n\t\t\t<\/div>\n<\/div>\t\t<\/div>\n\t\t\t\t<\/div>\n\t\t\t\t<div class=\"elementor-element elementor-element-ab04f9f elementor-widget__width-auto elementor-widget-tablet__width-inherit elementor-hidden-desktop elementor-hidden-tablet elementor-widget elementor-widget-heading\" data-id=\"ab04f9f\" data-element_type=\"widget\" data-widget_type=\"heading.default\">\n\t\t\t\t<div class=\"elementor-widget-container\">\n\t\t\t<div id=\"pxl-heading-ab04f9f-9538\" class=\"pxl-heading typewriter-color\">\n\t<div class=\"pxl-heading--inner\">\n\t\t\n\t\t\t\t\t<h3 class=\"pxl-item--title  highlight-default \" data-wow-delay=\"ms\">\n\t\t\t\tEl cliente como prioridad en nuestra estrategia\t\t\n\t\t\t<\/h3>\n\t\t\n\t\t\t<\/div>\n<\/div>\t\t<\/div>\n\t\t\t\t<\/div>\n\t\t\t\t<div class=\"elementor-element elementor-element-dc7f773 elementor-widget__width-auto elementor-widget elementor-widget-text-editor\" data-id=\"dc7f773\" data-element_type=\"widget\" data-widget_type=\"text-editor.default\">\n\t\t\t\t<div class=\"elementor-widget-container\">\n\t\t\t\t\t\t\t<p><span style=\"font-weight: 400;\">L&#8217;especialitzaci\u00f3 en els serveis que oferim optimitza els recursos i millora l&#8217;efici\u00e8ncia en el compliment dels objectius dels nostres clients.<\/span><\/p>\t\t\t\t\t\t<\/div>\n\t\t\t\t<\/div>\n\t\t            <\/div>\r\n        <\/div>\r\n        \t\t\t<\/div>\n\t\t<\/section>\n\t\t        <section class=\"elementor-section elementor-top-section elementor-element elementor-element-82e8a6e elementor-section-boxed elementor-section-height-default elementor-section-height-default pxl-type-header-none pxl-row-scroll-none pxl-bg-color-none pxl-section-overlay-none\" data-id=\"82e8a6e\" data-element_type=\"section\">\n\n                \n                <div class=\"elementor-container elementor-column-gap-default \">\n                <div class=\"elementor-column elementor-col-50 elementor-top-column elementor-element elementor-element-0f2cbc1 pxl-col-none pxl-column-none\" data-id=\"0f2cbc1\" data-element_type=\"column\">\r\n        <div class=\"elementor-widget-wrap elementor-element-populated\">\r\n                     \r\n        \t\t<div class=\"elementor-element elementor-element-e22e9a5 pxl-post-layout-service-2 elementor-widget__width-inherit elementor-widget elementor-widget-post_grid\" data-id=\"e22e9a5\" data-element_type=\"widget\" data-widget_type=\"post_grid.default\">\n\t\t\t\t<div class=\"elementor-widget-container\">\n\t\t\t\n<div id=\"post_grid-e22e9a5-9931\" class=\"pxl-grid pxl-service-grid pxl-service-grid-layout2\" data-layout=\"masonry\" data-start-page=\"1\" data-max-pages=\"0\" data-total=\"0\" data-perpage=\"8\" data-next-link=\"https:\/\/www.mesastrigoadvocats.com\/ca\/wp-json\/wp\/v2\/pages\/11424\/page\/2\/\">\n    \n    <div class=\"pxl-grid-inner pxl-grid-masonry row\" data-gutter=\"15\">\n        <div class=\"grid-sizer col-xl-4 col-lg-4 col-md-6 col-sm-6 col-12\"><\/div>\n            <\/div>\n                <div class=\"pxl-load-more\" data-loadmore=\"{&quot;post_type&quot;:&quot;service&quot;,&quot;layout&quot;:&quot;service-2&quot;,&quot;startPage&quot;:1,&quot;maxPages&quot;:0,&quot;total&quot;:0,&quot;perpage&quot;:8,&quot;nextLink&quot;:&quot;https:\\\/\\\/www.mesastrigoadvocats.com\\\/ca\\\/wp-json\\\/wp\\\/v2\\\/pages\\\/11424\\\/page\\\/2\\\/&quot;,&quot;source&quot;:[&quot;abogados|service-category&quot;],&quot;orderby&quot;:&quot;date&quot;,&quot;order&quot;:&quot;desc&quot;,&quot;limit&quot;:8,&quot;post_ids&quot;:[],&quot;col_xl&quot;:4,&quot;col_lg&quot;:4,&quot;col_md&quot;:6,&quot;col_sm&quot;:6,&quot;col_xs&quot;:12,&quot;pagination_type&quot;:&quot;loadmore&quot;,&quot;show_excerpt&quot;:&quot;true&quot;,&quot;num_words&quot;:25,&quot;show_button&quot;:&quot;&quot;,&quot;img_size&quot;:&quot;&quot;,&quot;grid_masonry&quot;:&quot;&quot;,&quot;pxl_animate&quot;:&quot;&quot;,&quot;html_id&quot;:&quot;post_grid-e22e9a5-9931&quot;,&quot;title_line_break&quot;:&quot;no&quot;,&quot;tax&quot;:[]}\">\n            <span class=\"btn pxl-btn-effect14\">\n                <span class=\"pxl-btn-divider1\"><\/span>\n                <span class=\"pxl-btn-divider2\"><\/span>\n                Load More                <span class=\"pxl-load-icon\"><i class=\"flaticon-reset\"><\/i><\/span>\n            <\/span>\n        <\/div>\n    <\/div>\t\t<\/div>\n\t\t\t\t<\/div>\n\t\t            <\/div>\r\n        <\/div>\r\n                <div class=\"elementor-column elementor-col-50 elementor-top-column elementor-element elementor-element-d7ca7db pxl-col-none pxl-column-none\" data-id=\"d7ca7db\" data-element_type=\"column\">\r\n        <div class=\"elementor-widget-wrap elementor-element-populated\">\r\n                     \r\n        \t\t<div class=\"elementor-element elementor-element-1c22bcc elementor-hidden-mobile elementor-widget elementor-widget-image\" data-id=\"1c22bcc\" data-element_type=\"widget\" data-widget_type=\"image.default\">\n\t\t\t\t<div class=\"elementor-widget-container\">\n\t\t\t\t\t\t\t\t\t\t\t\t\t<img fetchpriority=\"high\" decoding=\"async\" width=\"727\" height=\"1024\" src=\"https:\/\/www.mesastrigoadvocats.com\/wp-content\/uploads\/2024\/12\/Areas-y-sectores-e1737644747589-727x1024.jpg\" class=\"attachment-large size-large wp-image-9162\" alt=\"\" srcset=\"https:\/\/www.mesastrigoadvocats.com\/wp-content\/uploads\/2024\/12\/Areas-y-sectores-e1737644747589-727x1024.jpg 727w, https:\/\/www.mesastrigoadvocats.com\/wp-content\/uploads\/2024\/12\/Areas-y-sectores-e1737644747589-213x300.jpg 213w, https:\/\/www.mesastrigoadvocats.com\/wp-content\/uploads\/2024\/12\/Areas-y-sectores-e1737644747589-768x1082.jpg 768w, https:\/\/www.mesastrigoadvocats.com\/wp-content\/uploads\/2024\/12\/Areas-y-sectores-e1737644747589-1090x1536.jpg 1090w, https:\/\/www.mesastrigoadvocats.com\/wp-content\/uploads\/2024\/12\/Areas-y-sectores-e1737644747589-504x710.jpg 504w, https:\/\/www.mesastrigoadvocats.com\/wp-content\/uploads\/2024\/12\/Areas-y-sectores-e1737644747589.jpg 1164w\" sizes=\"(max-width: 727px) 100vw, 727px\" \/>\t\t\t\t\t\t\t\t\t\t\t\t\t<\/div>\n\t\t\t\t<\/div>\n\t\t            <\/div>\r\n        <\/div>\r\n        \t\t\t<\/div>\n\t\t<\/section>\n\t\t\t\t<\/div>\n\t\t","protected":false},"excerpt":{"rendered":"<p>Els nostres serveis Nuestros servicios El client com a prioritat en la nostra estrat\u00e8gia El cliente como prioridad en nuestra estrategia L&#8217;especialitzaci\u00f3 en els serveis que oferim optimitza els recursos i millora l&#8217;efici\u00e8ncia en el compliment dels objectius dels nostres clients. 01 Fiscalidad contenciosa 02 Tributaci\u00f3n corporativa 03 Fiscalidad financiera 04 Tributaci\u00f3n indirecta 05 Deporte [&hellip;]<\/p>\n","protected":false},"author":3,"featured_media":0,"parent":0,"menu_order":0,"comment_status":"closed","ping_status":"closed","template":"","meta":{"footnotes":""},"class_list":["post-11424","page","type-page","status-publish","hentry"],"yoast_head":"<!-- This site is optimized with the Yoast SEO Premium plugin v25.3 (Yoast SEO v25.3) - https:\/\/yoast.com\/wordpress\/plugins\/seo\/ -->\n<title>\u00c0rees i sectors - Mesas Trigo advocats<\/title>\n<meta name=\"description\" content=\"En Mesas Trigo oferim serveis legals i fiscals especialitzats, adaptats a les necessitats de cada client, amb un enfocament estrat\u00e8gic i comprom\u00eds amb l&#039;excel\u00b7l\u00e8ncia.\" \/>\n<meta name=\"robots\" content=\"index, follow, max-snippet:-1, max-image-preview:large, max-video-preview:-1\" \/>\n<link rel=\"canonical\" href=\"https:\/\/www.mesastrigoadvocats.com\/areas-sectores\/\" \/>\n<meta property=\"og:locale\" content=\"ca_ES\" \/>\n<meta property=\"og:type\" content=\"article\" \/>\n<meta property=\"og:title\" content=\"\u00c0rees i sectors\" \/>\n<meta property=\"og:description\" content=\"En Mesas Trigo oferim serveis legals i fiscals especialitzats, adaptats a les necessitats de cada client, amb un enfocament estrat\u00e8gic i comprom\u00eds amb l&#039;excel\u00b7l\u00e8ncia.\" \/>\n<meta property=\"og:url\" content=\"https:\/\/www.mesastrigoadvocats.com\/areas-sectores\/\" \/>\n<meta property=\"og:site_name\" content=\"Mesas Trigo advocats\" \/>\n<meta property=\"article:modified_time\" content=\"2025-07-07T08:28:39+00:00\" \/>\n<meta property=\"og:image\" content=\"https:\/\/www.mesastrigoadvocats.com\/wp-content\/uploads\/2024\/12\/Areas-y-sectores-e1737644747589.jpg\" \/>\n\t<meta property=\"og:image:width\" content=\"1164\" \/>\n\t<meta property=\"og:image:height\" content=\"1640\" \/>\n\t<meta property=\"og:image:type\" content=\"image\/jpeg\" \/>\n<meta name=\"twitter:card\" content=\"summary_large_image\" \/>\n<meta name=\"twitter:label1\" content=\"Temps estimat de lectura\" \/>\n\t<meta name=\"twitter:data1\" content=\"1 minut\" \/>\n<script type=\"application\/ld+json\" class=\"yoast-schema-graph\">{\"@context\":\"https:\/\/schema.org\",\"@graph\":[{\"@type\":\"WebPage\",\"@id\":\"https:\/\/www.mesastrigoadvocats.com\/areas-sectores\/\",\"url\":\"https:\/\/www.mesastrigoadvocats.com\/areas-sectores\/\",\"name\":\"\u00c0rees i sectors - Mesas Trigo advocats\",\"isPartOf\":{\"@id\":\"https:\/\/www.mesastrigoadvocats.com\/#website\"},\"primaryImageOfPage\":{\"@id\":\"https:\/\/www.mesastrigoadvocats.com\/areas-sectores\/#primaryimage\"},\"image\":{\"@id\":\"https:\/\/www.mesastrigoadvocats.com\/areas-sectores\/#primaryimage\"},\"thumbnailUrl\":\"https:\/\/www.mesastrigoadvocats.com\/wp-content\/uploads\/2024\/12\/Areas-y-sectores-e1737644747589-727x1024.jpg\",\"datePublished\":\"2022-03-06T13:28:29+00:00\",\"dateModified\":\"2025-07-07T08:28:39+00:00\",\"description\":\"En Mesas Trigo oferim serveis legals i fiscals especialitzats, adaptats a les necessitats de cada client, amb un enfocament estrat\u00e8gic i comprom\u00eds amb l'excel\u00b7l\u00e8ncia.\",\"breadcrumb\":{\"@id\":\"https:\/\/www.mesastrigoadvocats.com\/areas-sectores\/#breadcrumb\"},\"inLanguage\":\"ca\",\"potentialAction\":[{\"@type\":\"ReadAction\",\"target\":[\"https:\/\/www.mesastrigoadvocats.com\/areas-sectores\/\"]}]},{\"@type\":\"ImageObject\",\"inLanguage\":\"ca\",\"@id\":\"https:\/\/www.mesastrigoadvocats.com\/areas-sectores\/#primaryimage\",\"url\":\"https:\/\/www.mesastrigoadvocats.com\/wp-content\/uploads\/2024\/12\/Areas-y-sectores-e1737644747589-727x1024.jpg\",\"contentUrl\":\"https:\/\/www.mesastrigoadvocats.com\/wp-content\/uploads\/2024\/12\/Areas-y-sectores-e1737644747589-727x1024.jpg\"},{\"@type\":\"BreadcrumbList\",\"@id\":\"https:\/\/www.mesastrigoadvocats.com\/areas-sectores\/#breadcrumb\",\"itemListElement\":[{\"@type\":\"ListItem\",\"position\":1,\"name\":\"Portada\",\"item\":\"https:\/\/www.mesastrigoadvocats.com\/\"},{\"@type\":\"ListItem\",\"position\":2,\"name\":\"\u00c0rees i sectors\"}]},{\"@type\":\"WebSite\",\"@id\":\"https:\/\/www.mesastrigoadvocats.com\/#website\",\"url\":\"https:\/\/www.mesastrigoadvocats.com\/\",\"name\":\"Mesas Trigo\",\"description\":\"Mesas Trigo advocats\",\"publisher\":{\"@id\":\"https:\/\/www.mesastrigoadvocats.com\/#organization\"},\"potentialAction\":[{\"@type\":\"SearchAction\",\"target\":{\"@type\":\"EntryPoint\",\"urlTemplate\":\"https:\/\/www.mesastrigoadvocats.com\/?s={search_term_string}\"},\"query-input\":{\"@type\":\"PropertyValueSpecification\",\"valueRequired\":true,\"valueName\":\"search_term_string\"}}],\"inLanguage\":\"ca\"},{\"@type\":\"Organization\",\"@id\":\"https:\/\/www.mesastrigoadvocats.com\/#organization\",\"name\":\"Mesas Trigo\",\"url\":\"https:\/\/www.mesastrigoadvocats.com\/\",\"logo\":{\"@type\":\"ImageObject\",\"inLanguage\":\"ca\",\"@id\":\"https:\/\/www.mesastrigoadvocats.com\/#\/schema\/logo\/image\/\",\"url\":\"https:\/\/www.mesastrigoadvocats.com\/wp-content\/uploads\/2024\/11\/cropped-favicon-mesas-trigo.png\",\"contentUrl\":\"https:\/\/www.mesastrigoadvocats.com\/wp-content\/uploads\/2024\/11\/cropped-favicon-mesas-trigo.png\",\"width\":512,\"height\":245,\"caption\":\"Mesas Trigo\"},\"image\":{\"@id\":\"https:\/\/www.mesastrigoadvocats.com\/#\/schema\/logo\/image\/\"}}]}<\/script>\n<!-- \/ Yoast SEO Premium plugin. -->","yoast_head_json":{"title":"\u00c0rees i sectors - Mesas Trigo advocats","description":"En Mesas Trigo oferim serveis legals i fiscals especialitzats, adaptats a les necessitats de cada client, amb un enfocament estrat\u00e8gic i comprom\u00eds amb l'excel\u00b7l\u00e8ncia.","robots":{"index":"index","follow":"follow","max-snippet":"max-snippet:-1","max-image-preview":"max-image-preview:large","max-video-preview":"max-video-preview:-1"},"canonical":"https:\/\/www.mesastrigoadvocats.com\/areas-sectores\/","og_locale":"ca_ES","og_type":"article","og_title":"\u00c0rees i sectors","og_description":"En Mesas Trigo oferim serveis legals i fiscals especialitzats, adaptats a les necessitats de cada client, amb un enfocament estrat\u00e8gic i comprom\u00eds amb l'excel\u00b7l\u00e8ncia.","og_url":"https:\/\/www.mesastrigoadvocats.com\/areas-sectores\/","og_site_name":"Mesas Trigo advocats","article_modified_time":"2025-07-07T08:28:39+00:00","og_image":[{"width":1164,"height":1640,"url":"https:\/\/www.mesastrigoadvocats.com\/wp-content\/uploads\/2024\/12\/Areas-y-sectores-e1737644747589.jpg","type":"image\/jpeg"}],"twitter_card":"summary_large_image","twitter_misc":{"Temps estimat de lectura":"1 minut"},"schema":{"@context":"https:\/\/schema.org","@graph":[{"@type":"WebPage","@id":"https:\/\/www.mesastrigoadvocats.com\/areas-sectores\/","url":"https:\/\/www.mesastrigoadvocats.com\/areas-sectores\/","name":"\u00c0rees i sectors - Mesas Trigo advocats","isPartOf":{"@id":"https:\/\/www.mesastrigoadvocats.com\/#website"},"primaryImageOfPage":{"@id":"https:\/\/www.mesastrigoadvocats.com\/areas-sectores\/#primaryimage"},"image":{"@id":"https:\/\/www.mesastrigoadvocats.com\/areas-sectores\/#primaryimage"},"thumbnailUrl":"https:\/\/www.mesastrigoadvocats.com\/wp-content\/uploads\/2024\/12\/Areas-y-sectores-e1737644747589-727x1024.jpg","datePublished":"2022-03-06T13:28:29+00:00","dateModified":"2025-07-07T08:28:39+00:00","description":"En Mesas Trigo oferim serveis legals i fiscals especialitzats, adaptats a les necessitats de cada client, amb un enfocament estrat\u00e8gic i comprom\u00eds amb l'excel\u00b7l\u00e8ncia.","breadcrumb":{"@id":"https:\/\/www.mesastrigoadvocats.com\/areas-sectores\/#breadcrumb"},"inLanguage":"ca","potentialAction":[{"@type":"ReadAction","target":["https:\/\/www.mesastrigoadvocats.com\/areas-sectores\/"]}]},{"@type":"ImageObject","inLanguage":"ca","@id":"https:\/\/www.mesastrigoadvocats.com\/areas-sectores\/#primaryimage","url":"https:\/\/www.mesastrigoadvocats.com\/wp-content\/uploads\/2024\/12\/Areas-y-sectores-e1737644747589-727x1024.jpg","contentUrl":"https:\/\/www.mesastrigoadvocats.com\/wp-content\/uploads\/2024\/12\/Areas-y-sectores-e1737644747589-727x1024.jpg"},{"@type":"BreadcrumbList","@id":"https:\/\/www.mesastrigoadvocats.com\/areas-sectores\/#breadcrumb","itemListElement":[{"@type":"ListItem","position":1,"name":"Portada","item":"https:\/\/www.mesastrigoadvocats.com\/"},{"@type":"ListItem","position":2,"name":"\u00c0rees i sectors"}]},{"@type":"WebSite","@id":"https:\/\/www.mesastrigoadvocats.com\/#website","url":"https:\/\/www.mesastrigoadvocats.com\/","name":"Mesas Trigo","description":"Mesas Trigo advocats","publisher":{"@id":"https:\/\/www.mesastrigoadvocats.com\/#organization"},"potentialAction":[{"@type":"SearchAction","target":{"@type":"EntryPoint","urlTemplate":"https:\/\/www.mesastrigoadvocats.com\/?s={search_term_string}"},"query-input":{"@type":"PropertyValueSpecification","valueRequired":true,"valueName":"search_term_string"}}],"inLanguage":"ca"},{"@type":"Organization","@id":"https:\/\/www.mesastrigoadvocats.com\/#organization","name":"Mesas Trigo","url":"https:\/\/www.mesastrigoadvocats.com\/","logo":{"@type":"ImageObject","inLanguage":"ca","@id":"https:\/\/www.mesastrigoadvocats.com\/#\/schema\/logo\/image\/","url":"https:\/\/www.mesastrigoadvocats.com\/wp-content\/uploads\/2024\/11\/cropped-favicon-mesas-trigo.png","contentUrl":"https:\/\/www.mesastrigoadvocats.com\/wp-content\/uploads\/2024\/11\/cropped-favicon-mesas-trigo.png","width":512,"height":245,"caption":"Mesas Trigo"},"image":{"@id":"https:\/\/www.mesastrigoadvocats.com\/#\/schema\/logo\/image\/"}}]}},"_links":{"self":[{"href":"https:\/\/www.mesastrigoadvocats.com\/ca\/wp-json\/wp\/v2\/pages\/11424","targetHints":{"allow":["GET"]}}],"collection":[{"href":"https:\/\/www.mesastrigoadvocats.com\/ca\/wp-json\/wp\/v2\/pages"}],"about":[{"href":"https:\/\/www.mesastrigoadvocats.com\/ca\/wp-json\/wp\/v2\/types\/page"}],"author":[{"embeddable":true,"href":"https:\/\/www.mesastrigoadvocats.com\/ca\/wp-json\/wp\/v2\/users\/3"}],"replies":[{"embeddable":true,"href":"https:\/\/www.mesastrigoadvocats.com\/ca\/wp-json\/wp\/v2\/comments?post=11424"}],"version-history":[{"count":7,"href":"https:\/\/www.mesastrigoadvocats.com\/ca\/wp-json\/wp\/v2\/pages\/11424\/revisions"}],"predecessor-version":[{"id":12691,"href":"https:\/\/www.mesastrigoadvocats.com\/ca\/wp-json\/wp\/v2\/pages\/11424\/revisions\/12691"}],"wp:attachment":[{"href":"https:\/\/www.mesastrigoadvocats.com\/ca\/wp-json\/wp\/v2\/media?parent=11424"}],"curies":[{"name":"wp","href":"https:\/\/api.w.org\/{rel}","templated":true}]}}