{"id":11509,"date":"2024-11-28T17:02:01","date_gmt":"2024-11-28T17:02:01","guid":{"rendered":"http:\/\/www.mesastrigo-advocats.com\/jaime-mesas-tapia\/"},"modified":"2025-07-07T08:41:19","modified_gmt":"2025-07-07T08:41:19","slug":"jaime-mesas-tapia","status":"publish","type":"page","link":"https:\/\/www.mesastrigoadvocats.com\/ca\/jaime-mesas-tapia\/","title":{"rendered":"Jaime Mesas Tapia"},"content":{"rendered":"\t\t<div data-elementor-type=\"wp-page\" data-elementor-id=\"11509\" class=\"elementor elementor-11509 elementor-8667\">\n\t\t\t\t        <section class=\"elementor-section elementor-top-section elementor-element elementor-element-7c0dbe7 elementor-section-boxed elementor-section-height-default elementor-section-height-default pxl-type-header-none pxl-row-scroll-none pxl-bg-color-none pxl-section-overlay-none\" data-id=\"7c0dbe7\" data-element_type=\"section\" data-settings=\"{&quot;background_background&quot;:&quot;classic&quot;}\">\n\n                \n                <div class=\"elementor-container elementor-column-gap-default \">\n                <div class=\"elementor-column elementor-col-50 elementor-top-column elementor-element elementor-element-c1a1af1 pxl-col-none pxl-column-none\" data-id=\"c1a1af1\" data-element_type=\"column\">\r\n        <div class=\"elementor-widget-wrap elementor-element-populated\">\r\n                     \r\n        \t\t<div class=\"elementor-element elementor-element-fb2f3eb elementor-widget elementor-widget-spacer\" data-id=\"fb2f3eb\" data-element_type=\"widget\" data-widget_type=\"spacer.default\">\n\t\t\t\t<div class=\"elementor-widget-container\">\n\t\t\t\t\t<div class=\"elementor-spacer\">\n\t\t\t<div class=\"elementor-spacer-inner\"><\/div>\n\t\t<\/div>\n\t\t\t\t<\/div>\n\t\t\t\t<\/div>\n\t\t\t\t<div class=\"elementor-element elementor-element-3b6dea0 pxl-gradient elementor-widget elementor-widget-pxl_image\" data-id=\"3b6dea0\" data-element_type=\"widget\" data-widget_type=\"pxl_image.default\">\n\t\t\t\t<div class=\"elementor-widget-container\">\n\t\t\t<div id=\"pxl_image-3b6dea0-5377\" class=\"pxl-image-single  shape-gradient-left \" data-wow-delay=\"ms\" >\r\n    \r\n                        <div class=\"pxl-item--inner\">\r\n                                            <img fetchpriority=\"high\" decoding=\"async\" width=\"364\" height=\"370\" src=\"https:\/\/www.mesastrigoadvocats.com\/wp-content\/uploads\/2025\/02\/2.png\" class=\"no-lazyload attachment-full\" alt=\"Jaime Mesas\" \/>                                    <\/div>\r\n                \r\n    <\/div>\t\t<\/div>\n\t\t\t\t<\/div>\n\t\t\t\t<div class=\"elementor-element elementor-element-8c6c947 elementor-widget elementor-widget-spacer\" data-id=\"8c6c947\" data-element_type=\"widget\" data-widget_type=\"spacer.default\">\n\t\t\t\t<div class=\"elementor-widget-container\">\n\t\t\t\t\t<div class=\"elementor-spacer\">\n\t\t\t<div class=\"elementor-spacer-inner\"><\/div>\n\t\t<\/div>\n\t\t\t\t<\/div>\n\t\t\t\t<\/div>\n\t\t            <\/div>\r\n        <\/div>\r\n                <div class=\"elementor-column elementor-col-50 elementor-top-column elementor-element elementor-element-1a5d153 pxl-col-none pxl-column-none\" data-id=\"1a5d153\" data-element_type=\"column\">\r\n        <div class=\"elementor-widget-wrap elementor-element-populated\">\r\n                     \r\n        \t\t<div class=\"elementor-element elementor-element-aaa459d elementor-widget elementor-widget-spacer\" data-id=\"aaa459d\" data-element_type=\"widget\" data-widget_type=\"spacer.default\">\n\t\t\t\t<div class=\"elementor-widget-container\">\n\t\t\t\t\t<div class=\"elementor-spacer\">\n\t\t\t<div class=\"elementor-spacer-inner\"><\/div>\n\t\t<\/div>\n\t\t\t\t<\/div>\n\t\t\t\t<\/div>\n\t\t\t\t<div class=\"elementor-element elementor-element-d8a251e elementor-widget elementor-widget-team_single\" data-id=\"d8a251e\" data-element_type=\"widget\" data-widget_type=\"team_single.default\">\n\t\t\t\t<div class=\"elementor-widget-container\">\n\t\t\t<div class=\"pxl-team-single pxl-team-single1 \" data-wow-delay=\"ms\">\r\n    <div class=\"pxl-item--inner\">\r\n                <div class=\"pxl-item--holder\">\r\n            <h4 class=\"pxl-item--title el-empty\">Jaime Mesas Tapia<\/h4>\r\n            <div class=\"pxl-item--position el-empty\"><\/div>\r\n            <div class=\"pxl-item--description el-empty\">Soci fundador<\/div>\r\n        <\/div>\r\n    <\/div>\r\n<\/div>\t\t<\/div>\n\t\t\t\t<\/div>\n\t\t\t\t<div class=\"elementor-element elementor-element-d52f6d6 elementor-widget elementor-widget-spacer\" data-id=\"d52f6d6\" data-element_type=\"widget\" data-widget_type=\"spacer.default\">\n\t\t\t\t<div class=\"elementor-widget-container\">\n\t\t\t\t\t<div class=\"elementor-spacer\">\n\t\t\t<div class=\"elementor-spacer-inner\"><\/div>\n\t\t<\/div>\n\t\t\t\t<\/div>\n\t\t\t\t<\/div>\n\t\t        <section class=\"elementor-section elementor-inner-section elementor-element elementor-element-cf085b6 elementor-section-boxed elementor-section-height-default elementor-section-height-default pxl-type-header-none pxl-row-scroll-none pxl-bg-color-none pxl-section-overlay-none\" data-id=\"cf085b6\" data-element_type=\"section\">\n\n                \n                <div class=\"elementor-container elementor-column-gap-default \">\n                <div class=\"elementor-column elementor-col-50 elementor-inner-column elementor-element elementor-element-e5c0137 pxl-col-none pxl-column-none\" data-id=\"e5c0137\" data-element_type=\"column\">\r\n        <div class=\"elementor-widget-wrap elementor-element-populated\">\r\n                     \r\n        \t\t<div class=\"elementor-element elementor-element-c3d5378 elementor-shape-square e-grid-align-left elementor-widget__width-initial elementor-grid-0 elementor-widget elementor-widget-social-icons\" data-id=\"c3d5378\" data-element_type=\"widget\" data-widget_type=\"social-icons.default\">\n\t\t\t\t<div class=\"elementor-widget-container\">\n\t\t\t\t\t<div class=\"elementor-social-icons-wrapper elementor-grid\">\n\t\t\t\t\t\t\t<span class=\"elementor-grid-item\">\n\t\t\t\t\t<a class=\"elementor-icon elementor-social-icon elementor-social-icon-linkedin elementor-repeater-item-b2ecd59\" href=\"https:\/\/www.linkedin.com\/in\/jaime-mesas-875a1142\/\" target=\"_blank\">\n\t\t\t\t\t\t<span class=\"elementor-screen-only\">Linkedin<\/span>\n\t\t\t\t\t\t<i class=\"fab fa-linkedin\"><\/i>\t\t\t\t\t<\/a>\n\t\t\t\t<\/span>\n\t\t\t\t\t<\/div>\n\t\t\t\t<\/div>\n\t\t\t\t<\/div>\n\t\t            <\/div>\r\n        <\/div>\r\n                <div class=\"elementor-column elementor-col-50 elementor-inner-column elementor-element elementor-element-ed393f9 pxl-col-none pxl-column-none\" data-id=\"ed393f9\" data-element_type=\"column\">\r\n        <div class=\"elementor-widget-wrap\">\r\n                     \r\n                    <\/div>\r\n        <\/div>\r\n        \t\t\t<\/div>\n\t\t<\/section>\n\t\t            <\/div>\r\n        <\/div>\r\n        \t\t\t<\/div>\n\t\t<\/section>\n\t\t        <section class=\"elementor-section elementor-top-section elementor-element elementor-element-523c4ac elementor-section-boxed elementor-section-height-default elementor-section-height-default pxl-type-header-none pxl-row-scroll-none pxl-bg-color-none pxl-section-overlay-none\" data-id=\"523c4ac\" data-element_type=\"section\">\n\n                \n                <div class=\"elementor-container elementor-column-gap-default \">\n                <div class=\"elementor-column elementor-col-100 elementor-top-column elementor-element elementor-element-793a4b8 pxl-col-none pxl-column-none\" data-id=\"793a4b8\" data-element_type=\"column\">\r\n        <div class=\"elementor-widget-wrap elementor-element-populated\">\r\n                     \r\n        \t\t<div class=\"elementor-element elementor-element-ecd7ae1 elementor-widget elementor-widget-spacer\" data-id=\"ecd7ae1\" data-element_type=\"widget\" data-widget_type=\"spacer.default\">\n\t\t\t\t<div class=\"elementor-widget-container\">\n\t\t\t\t\t<div class=\"elementor-spacer\">\n\t\t\t<div class=\"elementor-spacer-inner\"><\/div>\n\t\t<\/div>\n\t\t\t\t<\/div>\n\t\t\t\t<\/div>\n\t\t            <\/div>\r\n        <\/div>\r\n        \t\t\t<\/div>\n\t\t<\/section>\n\t\t        <section class=\"elementor-section elementor-top-section elementor-element elementor-element-74ebd51 elementor-section-boxed elementor-section-height-default elementor-section-height-default pxl-type-header-none pxl-row-scroll-none pxl-bg-color-none pxl-section-overlay-none\" data-id=\"74ebd51\" data-element_type=\"section\">\n\n                \n                <div class=\"elementor-container elementor-column-gap-default \">\n                <div class=\"elementor-column elementor-col-100 elementor-top-column elementor-element elementor-element-5249d69 pxl-col-none pxl-column-none\" data-id=\"5249d69\" data-element_type=\"column\">\r\n        <div class=\"elementor-widget-wrap elementor-element-populated\">\r\n                     \r\n        \t\t<div class=\"elementor-element elementor-element-1869ef1 elementor-widget elementor-widget-heading\" data-id=\"1869ef1\" data-element_type=\"widget\" data-widget_type=\"heading.default\">\n\t\t\t\t<div class=\"elementor-widget-container\">\n\t\t\t<div id=\"pxl-heading-1869ef1-5396\" class=\"pxl-heading typewriter-color\">\n\t<div class=\"pxl-heading--inner\">\n\t\t\n\t\t\t\t\t<h3 class=\"pxl-item--title  highlight-default \" data-wow-delay=\"ms\">\n\t\t\t\tDescripci\u00f3 i experi\u00e8ncia\t\t\n\t\t\t<\/h3>\n\t\t\n\t\t\t<\/div>\n<\/div>\t\t<\/div>\n\t\t\t\t<\/div>\n\t\t\t\t<div class=\"elementor-element elementor-element-370e948 elementor-widget elementor-widget-spacer\" data-id=\"370e948\" data-element_type=\"widget\" data-widget_type=\"spacer.default\">\n\t\t\t\t<div class=\"elementor-widget-container\">\n\t\t\t\t\t<div class=\"elementor-spacer\">\n\t\t\t<div class=\"elementor-spacer-inner\"><\/div>\n\t\t<\/div>\n\t\t\t\t<\/div>\n\t\t\t\t<\/div>\n\t\t\t\t<div class=\"elementor-element elementor-element-8c6066a elementor-widget elementor-widget-text-editor\" data-id=\"8c6066a\" data-element_type=\"widget\" data-widget_type=\"text-editor.default\">\n\t\t\t\t<div class=\"elementor-widget-container\">\n\t\t\t\t\t\t\t<p><span style=\"font-weight: 400;\">El Jaime \u00e9s soci de Mesas Trigo, bufet que va cofundar el 2014 i dirigeix el grup de fiscalitat. La seva experi\u00e8ncia professional va comen\u00e7ar l&#8217;any 2013, a Espanya, i abans de fundar Mesas Trigo va desenvolupar la seva carrera en una de les grans companyies internacionals d&#8217;auditoria i serveis legals i fiscals.<\/span><span style=\"font-weight: 400;\"><br \/><\/span><span style=\"font-weight: 400;\"><br \/>Est\u00e0 especialitzat en fiscalitat internacional per a fam\u00edlies amb grans patrimonis, family offices i empreses, centrant la seva pr\u00e0ctica en operacions de reestructuraci\u00f3 patrimonial, dret fiscal societari, assessorant en fusions, adquisicions i combinacions de negocis i fiscalitat d&#8217;estructures d&#8217;inversi\u00f3 estrangera. Tamb\u00e9 compta amb una important experi\u00e8ncia en planificaci\u00f3 success\u00f2ria transfronterera, combinant jurisdiccions tant de dret civil com de common law.<\/span><span style=\"font-weight: 400;\"><br \/><\/span><\/p><p><span style=\"font-weight: 400;\">El Jaime assessora regularment empreses internacionals, grups d&#8217;empreses i entitats financeres en relaci\u00f3 amb estrat\u00e8gies generals de planificaci\u00f3 fiscal, aix\u00ed com en \u00e0rees clau com l&#8217;impost de societats, imposici\u00f3 indirecta i procediments tributaris. El seu enfocament integral li permet proporcionar assessorament fiscal en una varietat de contextos, des de la gesti\u00f3 de la tributaci\u00f3 corporativa fins a la resoluci\u00f3 de conflictes fiscals complexos.<\/span><\/p>\t\t\t\t\t\t<\/div>\n\t\t\t\t<\/div>\n\t\t\t\t<div class=\"elementor-element elementor-element-4347a06 elementor-widget elementor-widget-spacer\" data-id=\"4347a06\" data-element_type=\"widget\" data-widget_type=\"spacer.default\">\n\t\t\t\t<div class=\"elementor-widget-container\">\n\t\t\t\t\t<div class=\"elementor-spacer\">\n\t\t\t<div class=\"elementor-spacer-inner\"><\/div>\n\t\t<\/div>\n\t\t\t\t<\/div>\n\t\t\t\t<\/div>\n\t\t            <\/div>\r\n        <\/div>\r\n        \t\t\t<\/div>\n\t\t<\/section>\n\t\t        <section class=\"elementor-section elementor-top-section elementor-element elementor-element-8aca744 elementor-section-boxed elementor-section-height-default elementor-section-height-default pxl-type-header-none pxl-row-scroll-none pxl-bg-color-none pxl-section-overlay-none\" data-id=\"8aca744\" data-element_type=\"section\">\n\n                \n                <div class=\"elementor-container elementor-column-gap-default \">\n                <div class=\"elementor-column elementor-col-100 elementor-top-column elementor-element elementor-element-dd66eb9 pxl-col-none pxl-column-none\" data-id=\"dd66eb9\" data-element_type=\"column\">\r\n        <div class=\"elementor-widget-wrap elementor-element-populated\">\r\n                     \r\n        \t\t<div class=\"elementor-element elementor-element-9c59830 elementor-widget elementor-widget-accordion\" data-id=\"9c59830\" data-element_type=\"widget\" data-widget_type=\"accordion.default\">\n\t\t\t\t<div class=\"elementor-widget-container\">\n\t\t\t    <div class=\"pxl-accordion pxl-accordion1 style8 \" data-wow-delay=\"ms\">\r\n                    <div class=\"pxl--item \">\r\n                <h3 class=\"pxl-item--title\" data-target=\"#accordion-9c59830-5089-4d973cf\">\r\n                                        <span class=\"pxl-title--text\">Educaci\u00f3<\/span>\r\n                    <i class=\"pxl-icon--plus\"><\/i>\r\n                <\/h3>\r\n                <div id=\"accordion-9c59830-5089-4d973cf\" class=\"pxl-item--content\" >Especialitzaci\u00f3 en Gesti\u00f3 i Inspecci\u00f3 Tribut\u00e0ria, Universitat de ESADE, Espanya (2014)<br \/>\n<br \/>\nM\u00e0ster en Assessorament i Gesti\u00f3 Tribut\u00e0ria (AGT), Universitat de ESADE, Espanya (2013)<br \/>\n<br \/>\nM\u00e0ster d'Acc\u00e9s a l'Advocacia, Universitat de ESADE, Espanya (2013)<br \/>\n<br \/>\nGrau en Dret, Universitat de ESADE, Espanya (2012)<br \/>\n<\/div>\r\n            <\/div>\r\n                    <div class=\"pxl--item \">\r\n                <h3 class=\"pxl-item--title\" data-target=\"#accordion-9c59830-5089-9c871a4\">\r\n                                        <span class=\"pxl-title--text\">\u00c0rees de pr\u00e0ctica<\/span>\r\n                    <i class=\"pxl-icon--plus\"><\/i>\r\n                <\/h3>\r\n                <div id=\"accordion-9c59830-5089-9c871a4\" class=\"pxl-item--content\" >Reorganitzaci\u00f3 patrimonial i protecci\u00f3 d'actius<br \/>\n<br \/>\nPlanificaci\u00f3 de successions transfrontereres<br \/>\n<br \/>\nVehicles d'inversi\u00f3 i productes d'assegurances de vida<br \/>\n<\/div>\r\n            <\/div>\r\n                    <div class=\"pxl--item \">\r\n                <h3 class=\"pxl-item--title\" data-target=\"#accordion-9c59830-5089-f11a1c4\">\r\n                                        <span class=\"pxl-title--text\">Associacions professionals i membresies<\/span>\r\n                    <i class=\"pxl-icon--plus\"><\/i>\r\n                <\/h3>\r\n                <div id=\"accordion-9c59830-5089-f11a1c4\" class=\"pxl-item--content\" >Membre de l'Associaci\u00f3 d'Assessors Tributaris i Fiscals d'Andorra<br \/>\n<br \/>\nMembre col\u00b7legiat N\u00ba 348 del Col\u00b7legi d\u2019Advocats d\u2019Andorra (NPL: 2795)<br \/>\n<\/div>\r\n            <\/div>\r\n                    <div class=\"pxl--item \">\r\n                <h3 class=\"pxl-item--title\" data-target=\"#accordion-9c59830-5089-5f50866\">\r\n                                        <span class=\"pxl-title--text\">Idiomes<\/span>\r\n                    <i class=\"pxl-icon--plus\"><\/i>\r\n                <\/h3>\r\n                <div id=\"accordion-9c59830-5089-5f50866\" class=\"pxl-item--content\" >Espanyol<br \/>\n<br \/>\nCatal\u00e0<br \/>\n<br \/>\nAngl\u00e8s<br \/>\n<br \/>\nFranc\u00e8s<\/div>\r\n            <\/div>\r\n            <\/div>\r\n\t\t<\/div>\n\t\t\t\t<\/div>\n\t\t            <\/div>\r\n        <\/div>\r\n        \t\t\t<\/div>\n\t\t<\/section>\n\t\t\t\t<\/div>\n\t\t","protected":false},"excerpt":{"rendered":"<p>Jaime Mesas Tapia Soci fundador Linkedin Descripci\u00f3 i experi\u00e8ncia El Jaime \u00e9s soci de Mesas Trigo, bufet que va cofundar el 2014 i dirigeix el grup de fiscalitat. La seva experi\u00e8ncia professional va comen\u00e7ar l&#8217;any 2013, a Espanya, i abans de fundar Mesas Trigo va desenvolupar la seva carrera en una de les grans companyies [&hellip;]<\/p>\n","protected":false},"author":3,"featured_media":0,"parent":0,"menu_order":0,"comment_status":"closed","ping_status":"closed","template":"","meta":{"footnotes":""},"class_list":["post-11509","page","type-page","status-publish","hentry"],"yoast_head":"<!-- This site is optimized with the Yoast SEO Premium plugin v25.3 (Yoast SEO v25.3) - https:\/\/yoast.com\/wordpress\/plugins\/seo\/ -->\n<title>Jaime Mesas Tapia - Mesas Trigo advocats<\/title>\n<meta name=\"description\" content=\"Jaime Mesas \u00e9s soci fundador, especialitzat en fiscalitat, planificaci\u00f3 success\u00f2ria i assessoria fiscal a grans patrimonis i empreses\" \/>\n<meta name=\"robots\" content=\"index, follow, max-snippet:-1, max-image-preview:large, max-video-preview:-1\" \/>\n<link rel=\"canonical\" href=\"https:\/\/www.mesastrigoadvocats.com\/ca\/jaime-mesas-tapia\/\" \/>\n<meta property=\"og:locale\" content=\"ca_ES\" \/>\n<meta property=\"og:type\" content=\"article\" \/>\n<meta property=\"og:title\" content=\"Jaime Mesas Tapia\" \/>\n<meta property=\"og:description\" content=\"Jaime Mesas \u00e9s soci fundador, especialitzat en fiscalitat, planificaci\u00f3 success\u00f2ria i assessoria fiscal a grans patrimonis i empreses\" \/>\n<meta property=\"og:url\" content=\"https:\/\/www.mesastrigoadvocats.com\/ca\/jaime-mesas-tapia\/\" \/>\n<meta property=\"og:site_name\" content=\"Mesas Trigo advocats\" \/>\n<meta property=\"article:modified_time\" content=\"2025-07-07T08:41:19+00:00\" \/>\n<meta property=\"og:image\" content=\"https:\/\/www.mesastrigoadvocats.com\/wp-content\/uploads\/2025\/02\/2.png\" \/>\n<meta name=\"twitter:card\" content=\"summary_large_image\" \/>\n<meta name=\"twitter:label1\" content=\"Temps estimat de lectura\" \/>\n\t<meta name=\"twitter:data1\" content=\"2 minuts\" \/>\n<script type=\"application\/ld+json\" class=\"yoast-schema-graph\">{\"@context\":\"https:\/\/schema.org\",\"@graph\":[{\"@type\":\"WebPage\",\"@id\":\"https:\/\/www.mesastrigoadvocats.com\/ca\/jaime-mesas-tapia\/\",\"url\":\"https:\/\/www.mesastrigoadvocats.com\/ca\/jaime-mesas-tapia\/\",\"name\":\"Jaime Mesas Tapia - Mesas Trigo advocats\",\"isPartOf\":{\"@id\":\"https:\/\/www.mesastrigoadvocats.com\/#website\"},\"primaryImageOfPage\":{\"@id\":\"https:\/\/www.mesastrigoadvocats.com\/ca\/jaime-mesas-tapia\/#primaryimage\"},\"image\":{\"@id\":\"https:\/\/www.mesastrigoadvocats.com\/ca\/jaime-mesas-tapia\/#primaryimage\"},\"thumbnailUrl\":\"https:\/\/www.mesastrigoadvocats.com\/wp-content\/uploads\/2025\/02\/2.png\",\"datePublished\":\"2024-11-28T17:02:01+00:00\",\"dateModified\":\"2025-07-07T08:41:19+00:00\",\"description\":\"Jaime Mesas \u00e9s soci fundador, especialitzat en fiscalitat, planificaci\u00f3 success\u00f2ria i assessoria fiscal a grans patrimonis i empreses\",\"breadcrumb\":{\"@id\":\"https:\/\/www.mesastrigoadvocats.com\/ca\/jaime-mesas-tapia\/#breadcrumb\"},\"inLanguage\":\"ca\",\"potentialAction\":[{\"@type\":\"ReadAction\",\"target\":[\"https:\/\/www.mesastrigoadvocats.com\/ca\/jaime-mesas-tapia\/\"]}]},{\"@type\":\"ImageObject\",\"inLanguage\":\"ca\",\"@id\":\"https:\/\/www.mesastrigoadvocats.com\/ca\/jaime-mesas-tapia\/#primaryimage\",\"url\":\"https:\/\/www.mesastrigoadvocats.com\/wp-content\/uploads\/2025\/02\/2.png\",\"contentUrl\":\"https:\/\/www.mesastrigoadvocats.com\/wp-content\/uploads\/2025\/02\/2.png\"},{\"@type\":\"BreadcrumbList\",\"@id\":\"https:\/\/www.mesastrigoadvocats.com\/ca\/jaime-mesas-tapia\/#breadcrumb\",\"itemListElement\":[{\"@type\":\"ListItem\",\"position\":1,\"name\":\"Portada\",\"item\":\"https:\/\/www.mesastrigoadvocats.com\/\"},{\"@type\":\"ListItem\",\"position\":2,\"name\":\"Jaime Mesas Tapia\"}]},{\"@type\":\"WebSite\",\"@id\":\"https:\/\/www.mesastrigoadvocats.com\/#website\",\"url\":\"https:\/\/www.mesastrigoadvocats.com\/\",\"name\":\"Mesas Trigo\",\"description\":\"Mesas Trigo advocats\",\"publisher\":{\"@id\":\"https:\/\/www.mesastrigoadvocats.com\/#organization\"},\"potentialAction\":[{\"@type\":\"SearchAction\",\"target\":{\"@type\":\"EntryPoint\",\"urlTemplate\":\"https:\/\/www.mesastrigoadvocats.com\/?s={search_term_string}\"},\"query-input\":{\"@type\":\"PropertyValueSpecification\",\"valueRequired\":true,\"valueName\":\"search_term_string\"}}],\"inLanguage\":\"ca\"},{\"@type\":\"Organization\",\"@id\":\"https:\/\/www.mesastrigoadvocats.com\/#organization\",\"name\":\"Mesas Trigo\",\"url\":\"https:\/\/www.mesastrigoadvocats.com\/\",\"logo\":{\"@type\":\"ImageObject\",\"inLanguage\":\"ca\",\"@id\":\"https:\/\/www.mesastrigoadvocats.com\/#\/schema\/logo\/image\/\",\"url\":\"https:\/\/www.mesastrigoadvocats.com\/wp-content\/uploads\/2024\/11\/cropped-favicon-mesas-trigo.png\",\"contentUrl\":\"https:\/\/www.mesastrigoadvocats.com\/wp-content\/uploads\/2024\/11\/cropped-favicon-mesas-trigo.png\",\"width\":512,\"height\":245,\"caption\":\"Mesas Trigo\"},\"image\":{\"@id\":\"https:\/\/www.mesastrigoadvocats.com\/#\/schema\/logo\/image\/\"}}]}<\/script>\n<!-- \/ Yoast SEO Premium plugin. -->","yoast_head_json":{"title":"Jaime Mesas Tapia - Mesas Trigo advocats","description":"Jaime Mesas \u00e9s soci fundador, especialitzat en fiscalitat, planificaci\u00f3 success\u00f2ria i assessoria fiscal a grans patrimonis i empreses","robots":{"index":"index","follow":"follow","max-snippet":"max-snippet:-1","max-image-preview":"max-image-preview:large","max-video-preview":"max-video-preview:-1"},"canonical":"https:\/\/www.mesastrigoadvocats.com\/ca\/jaime-mesas-tapia\/","og_locale":"ca_ES","og_type":"article","og_title":"Jaime Mesas Tapia","og_description":"Jaime Mesas \u00e9s soci fundador, especialitzat en fiscalitat, planificaci\u00f3 success\u00f2ria i assessoria fiscal a grans patrimonis i empreses","og_url":"https:\/\/www.mesastrigoadvocats.com\/ca\/jaime-mesas-tapia\/","og_site_name":"Mesas Trigo advocats","article_modified_time":"2025-07-07T08:41:19+00:00","og_image":[{"url":"https:\/\/www.mesastrigoadvocats.com\/wp-content\/uploads\/2025\/02\/2.png","type":"","width":"","height":""}],"twitter_card":"summary_large_image","twitter_misc":{"Temps estimat de lectura":"2 minuts"},"schema":{"@context":"https:\/\/schema.org","@graph":[{"@type":"WebPage","@id":"https:\/\/www.mesastrigoadvocats.com\/ca\/jaime-mesas-tapia\/","url":"https:\/\/www.mesastrigoadvocats.com\/ca\/jaime-mesas-tapia\/","name":"Jaime Mesas Tapia - Mesas Trigo advocats","isPartOf":{"@id":"https:\/\/www.mesastrigoadvocats.com\/#website"},"primaryImageOfPage":{"@id":"https:\/\/www.mesastrigoadvocats.com\/ca\/jaime-mesas-tapia\/#primaryimage"},"image":{"@id":"https:\/\/www.mesastrigoadvocats.com\/ca\/jaime-mesas-tapia\/#primaryimage"},"thumbnailUrl":"https:\/\/www.mesastrigoadvocats.com\/wp-content\/uploads\/2025\/02\/2.png","datePublished":"2024-11-28T17:02:01+00:00","dateModified":"2025-07-07T08:41:19+00:00","description":"Jaime Mesas \u00e9s soci fundador, especialitzat en fiscalitat, planificaci\u00f3 success\u00f2ria i assessoria fiscal a grans patrimonis i empreses","breadcrumb":{"@id":"https:\/\/www.mesastrigoadvocats.com\/ca\/jaime-mesas-tapia\/#breadcrumb"},"inLanguage":"ca","potentialAction":[{"@type":"ReadAction","target":["https:\/\/www.mesastrigoadvocats.com\/ca\/jaime-mesas-tapia\/"]}]},{"@type":"ImageObject","inLanguage":"ca","@id":"https:\/\/www.mesastrigoadvocats.com\/ca\/jaime-mesas-tapia\/#primaryimage","url":"https:\/\/www.mesastrigoadvocats.com\/wp-content\/uploads\/2025\/02\/2.png","contentUrl":"https:\/\/www.mesastrigoadvocats.com\/wp-content\/uploads\/2025\/02\/2.png"},{"@type":"BreadcrumbList","@id":"https:\/\/www.mesastrigoadvocats.com\/ca\/jaime-mesas-tapia\/#breadcrumb","itemListElement":[{"@type":"ListItem","position":1,"name":"Portada","item":"https:\/\/www.mesastrigoadvocats.com\/"},{"@type":"ListItem","position":2,"name":"Jaime Mesas Tapia"}]},{"@type":"WebSite","@id":"https:\/\/www.mesastrigoadvocats.com\/#website","url":"https:\/\/www.mesastrigoadvocats.com\/","name":"Mesas Trigo","description":"Mesas Trigo advocats","publisher":{"@id":"https:\/\/www.mesastrigoadvocats.com\/#organization"},"potentialAction":[{"@type":"SearchAction","target":{"@type":"EntryPoint","urlTemplate":"https:\/\/www.mesastrigoadvocats.com\/?s={search_term_string}"},"query-input":{"@type":"PropertyValueSpecification","valueRequired":true,"valueName":"search_term_string"}}],"inLanguage":"ca"},{"@type":"Organization","@id":"https:\/\/www.mesastrigoadvocats.com\/#organization","name":"Mesas Trigo","url":"https:\/\/www.mesastrigoadvocats.com\/","logo":{"@type":"ImageObject","inLanguage":"ca","@id":"https:\/\/www.mesastrigoadvocats.com\/#\/schema\/logo\/image\/","url":"https:\/\/www.mesastrigoadvocats.com\/wp-content\/uploads\/2024\/11\/cropped-favicon-mesas-trigo.png","contentUrl":"https:\/\/www.mesastrigoadvocats.com\/wp-content\/uploads\/2024\/11\/cropped-favicon-mesas-trigo.png","width":512,"height":245,"caption":"Mesas Trigo"},"image":{"@id":"https:\/\/www.mesastrigoadvocats.com\/#\/schema\/logo\/image\/"}}]}},"_links":{"self":[{"href":"https:\/\/www.mesastrigoadvocats.com\/ca\/wp-json\/wp\/v2\/pages\/11509","targetHints":{"allow":["GET"]}}],"collection":[{"href":"https:\/\/www.mesastrigoadvocats.com\/ca\/wp-json\/wp\/v2\/pages"}],"about":[{"href":"https:\/\/www.mesastrigoadvocats.com\/ca\/wp-json\/wp\/v2\/types\/page"}],"author":[{"embeddable":true,"href":"https:\/\/www.mesastrigoadvocats.com\/ca\/wp-json\/wp\/v2\/users\/3"}],"replies":[{"embeddable":true,"href":"https:\/\/www.mesastrigoadvocats.com\/ca\/wp-json\/wp\/v2\/comments?post=11509"}],"version-history":[{"count":9,"href":"https:\/\/www.mesastrigoadvocats.com\/ca\/wp-json\/wp\/v2\/pages\/11509\/revisions"}],"predecessor-version":[{"id":12730,"href":"https:\/\/www.mesastrigoadvocats.com\/ca\/wp-json\/wp\/v2\/pages\/11509\/revisions\/12730"}],"wp:attachment":[{"href":"https:\/\/www.mesastrigoadvocats.com\/ca\/wp-json\/wp\/v2\/media?parent=11509"}],"curies":[{"name":"wp","href":"https:\/\/api.w.org\/{rel}","templated":true}]}}