{"id":11521,"date":"2024-11-29T11:24:16","date_gmt":"2024-11-29T11:24:16","guid":{"rendered":"http:\/\/www.mesastrigo-advocats.com\/laura-camprubi-vazquez\/"},"modified":"2025-07-07T08:41:33","modified_gmt":"2025-07-07T08:41:33","slug":"laura-camprubi-vazquez","status":"publish","type":"page","link":"https:\/\/www.mesastrigoadvocats.com\/ca\/laura-camprubi-vazquez\/","title":{"rendered":"Laura Camprub\u00ed V\u00e1zquez"},"content":{"rendered":"\t\t<div data-elementor-type=\"wp-page\" data-elementor-id=\"11521\" class=\"elementor elementor-11521 elementor-8723\">\n\t\t\t\t        <section class=\"elementor-section elementor-top-section elementor-element elementor-element-e85b6d4 elementor-section-boxed elementor-section-height-default elementor-section-height-default pxl-type-header-none pxl-row-scroll-none pxl-bg-color-none pxl-section-overlay-none\" data-id=\"e85b6d4\" data-element_type=\"section\" data-settings=\"{&quot;background_background&quot;:&quot;classic&quot;}\">\n\n                \n                <div class=\"elementor-container elementor-column-gap-default \">\n                <div class=\"elementor-column elementor-col-50 elementor-top-column elementor-element elementor-element-1fc43b6 pxl-col-none pxl-column-none\" data-id=\"1fc43b6\" data-element_type=\"column\">\r\n        <div class=\"elementor-widget-wrap elementor-element-populated\">\r\n                     \r\n        \t\t<div class=\"elementor-element elementor-element-494b598 elementor-widget elementor-widget-spacer\" data-id=\"494b598\" data-element_type=\"widget\" data-widget_type=\"spacer.default\">\n\t\t\t\t<div class=\"elementor-widget-container\">\n\t\t\t\t\t<div class=\"elementor-spacer\">\n\t\t\t<div class=\"elementor-spacer-inner\"><\/div>\n\t\t<\/div>\n\t\t\t\t<\/div>\n\t\t\t\t<\/div>\n\t\t\t\t<div class=\"elementor-element elementor-element-499d25d elementor-widget elementor-widget-pxl_image\" data-id=\"499d25d\" data-element_type=\"widget\" data-widget_type=\"pxl_image.default\">\n\t\t\t\t<div class=\"elementor-widget-container\">\n\t\t\t<div id=\"pxl_image-499d25d-5646\" class=\"pxl-image-single  shape-gradient-left \" data-wow-delay=\"ms\" >\r\n    \r\n                        <div class=\"pxl-item--inner\">\r\n                                            <img fetchpriority=\"high\" decoding=\"async\" width=\"364\" height=\"370\" src=\"https:\/\/www.mesastrigoadvocats.com\/wp-content\/uploads\/2025\/02\/Mesas-Trigo-finales-264-x-311-px-3645-x-370-px-364-x-370-px-1.png\" class=\"no-lazyload attachment-full\" alt=\"Laura Camprub\u00ed\" \/>                                    <\/div>\r\n                \r\n    <\/div>\t\t<\/div>\n\t\t\t\t<\/div>\n\t\t\t\t<div class=\"elementor-element elementor-element-8b9ab4e elementor-widget elementor-widget-spacer\" data-id=\"8b9ab4e\" data-element_type=\"widget\" data-widget_type=\"spacer.default\">\n\t\t\t\t<div class=\"elementor-widget-container\">\n\t\t\t\t\t<div class=\"elementor-spacer\">\n\t\t\t<div class=\"elementor-spacer-inner\"><\/div>\n\t\t<\/div>\n\t\t\t\t<\/div>\n\t\t\t\t<\/div>\n\t\t            <\/div>\r\n        <\/div>\r\n                <div class=\"elementor-column elementor-col-50 elementor-top-column elementor-element elementor-element-38e231f pxl-col-none pxl-column-none\" data-id=\"38e231f\" data-element_type=\"column\">\r\n        <div class=\"elementor-widget-wrap elementor-element-populated\">\r\n                     \r\n        \t\t<div class=\"elementor-element elementor-element-af0e16f elementor-widget elementor-widget-spacer\" data-id=\"af0e16f\" data-element_type=\"widget\" data-widget_type=\"spacer.default\">\n\t\t\t\t<div class=\"elementor-widget-container\">\n\t\t\t\t\t<div class=\"elementor-spacer\">\n\t\t\t<div class=\"elementor-spacer-inner\"><\/div>\n\t\t<\/div>\n\t\t\t\t<\/div>\n\t\t\t\t<\/div>\n\t\t\t\t<div class=\"elementor-element elementor-element-2670296 elementor-widget elementor-widget-team_single\" data-id=\"2670296\" data-element_type=\"widget\" data-widget_type=\"team_single.default\">\n\t\t\t\t<div class=\"elementor-widget-container\">\n\t\t\t<div class=\"pxl-team-single pxl-team-single1 \" data-wow-delay=\"ms\">\r\n    <div class=\"pxl-item--inner\">\r\n                <div class=\"pxl-item--holder\">\r\n            <h4 class=\"pxl-item--title el-empty\">Laura Camprub\u00ed V\u00e1zquez<\/h4>\r\n            <div class=\"pxl-item--position el-empty\"><\/div>\r\n            <div class=\"pxl-item--description el-empty\">Associada s\u00e8nior<\/div>\r\n        <\/div>\r\n    <\/div>\r\n<\/div>\t\t<\/div>\n\t\t\t\t<\/div>\n\t\t\t\t<div class=\"elementor-element elementor-element-4c754e4 elementor-widget elementor-widget-spacer\" data-id=\"4c754e4\" data-element_type=\"widget\" data-widget_type=\"spacer.default\">\n\t\t\t\t<div class=\"elementor-widget-container\">\n\t\t\t\t\t<div class=\"elementor-spacer\">\n\t\t\t<div class=\"elementor-spacer-inner\"><\/div>\n\t\t<\/div>\n\t\t\t\t<\/div>\n\t\t\t\t<\/div>\n\t\t            <\/div>\r\n        <\/div>\r\n        \t\t\t<\/div>\n\t\t<\/section>\n\t\t        <section class=\"elementor-section elementor-top-section elementor-element elementor-element-b3c1c54 elementor-section-boxed elementor-section-height-default elementor-section-height-default pxl-type-header-none pxl-row-scroll-none pxl-bg-color-none pxl-section-overlay-none\" data-id=\"b3c1c54\" data-element_type=\"section\">\n\n                \n                <div class=\"elementor-container elementor-column-gap-default \">\n                <div class=\"elementor-column elementor-col-100 elementor-top-column elementor-element elementor-element-02fc597 pxl-col-none pxl-column-none\" data-id=\"02fc597\" data-element_type=\"column\">\r\n        <div class=\"elementor-widget-wrap elementor-element-populated\">\r\n                     \r\n        \t\t<div class=\"elementor-element elementor-element-f0380e8 elementor-widget elementor-widget-spacer\" data-id=\"f0380e8\" data-element_type=\"widget\" data-widget_type=\"spacer.default\">\n\t\t\t\t<div class=\"elementor-widget-container\">\n\t\t\t\t\t<div class=\"elementor-spacer\">\n\t\t\t<div class=\"elementor-spacer-inner\"><\/div>\n\t\t<\/div>\n\t\t\t\t<\/div>\n\t\t\t\t<\/div>\n\t\t            <\/div>\r\n        <\/div>\r\n        \t\t\t<\/div>\n\t\t<\/section>\n\t\t        <section class=\"elementor-section elementor-top-section elementor-element elementor-element-047fca5 elementor-section-boxed elementor-section-height-default elementor-section-height-default pxl-type-header-none pxl-row-scroll-none pxl-bg-color-none pxl-section-overlay-none\" data-id=\"047fca5\" data-element_type=\"section\">\n\n                \n                <div class=\"elementor-container elementor-column-gap-default \">\n                <div class=\"elementor-column elementor-col-100 elementor-top-column elementor-element elementor-element-b47c612 pxl-col-none pxl-column-none\" data-id=\"b47c612\" data-element_type=\"column\">\r\n        <div class=\"elementor-widget-wrap elementor-element-populated\">\r\n                     \r\n        \t\t<div class=\"elementor-element elementor-element-fd415d9 elementor-widget elementor-widget-heading\" data-id=\"fd415d9\" data-element_type=\"widget\" data-widget_type=\"heading.default\">\n\t\t\t\t<div class=\"elementor-widget-container\">\n\t\t\t<div id=\"pxl-heading-fd415d9-8247\" class=\"pxl-heading typewriter-color\">\n\t<div class=\"pxl-heading--inner\">\n\t\t\n\t\t\t\t\t<h3 class=\"pxl-item--title  highlight-default \" data-wow-delay=\"ms\">\n\t\t\t\tDescripci\u00f3 i experi\u00e8ncia\t\t\n\t\t\t<\/h3>\n\t\t\n\t\t\t<\/div>\n<\/div>\t\t<\/div>\n\t\t\t\t<\/div>\n\t\t\t\t<div class=\"elementor-element elementor-element-6e96e6e elementor-widget elementor-widget-spacer\" data-id=\"6e96e6e\" data-element_type=\"widget\" data-widget_type=\"spacer.default\">\n\t\t\t\t<div class=\"elementor-widget-container\">\n\t\t\t\t\t<div class=\"elementor-spacer\">\n\t\t\t<div class=\"elementor-spacer-inner\"><\/div>\n\t\t<\/div>\n\t\t\t\t<\/div>\n\t\t\t\t<\/div>\n\t\t\t\t<div class=\"elementor-element elementor-element-e65d35b elementor-widget__width-initial elementor-widget elementor-widget-text-editor\" data-id=\"e65d35b\" data-element_type=\"widget\" data-widget_type=\"text-editor.default\">\n\t\t\t\t<div class=\"elementor-widget-container\">\n\t\t\t\t\t\t\t<p><span style=\"font-weight: 400;\">La Laura ha dedicat diversos anys de la seva carrera professional al sistema financer andorr\u00e0.<\/span><\/p><p><span style=\"font-weight: 400;\">La seva pr\u00e0ctica professional s&#8217;ha centrat principalment en l&#8217;assessorament a clients privats nacionals i internacionals i compta amb una \u00e0mplia experi\u00e8ncia en fiscalitat empresarial, fiscalitat de no residents i dret comptable.<\/span><span style=\"font-weight: 400;\"><br \/><\/span><span style=\"font-weight: 400;\"><br \/>Assessora regularment a empreses internacionals, grups d&#8217;empreses i entitats financeres en relaci\u00f3 amb estrat\u00e8gies generals de planificaci\u00f3 fiscal, impost de societats, imposici\u00f3 indirecta i procediments tributaris.<\/span><span style=\"font-weight: 400;\"><br \/><\/span><span style=\"font-weight: 400;\"><br \/>La Laura assisteix l&#8217;equip en totes les \u00e0rees de la seva pr\u00e0ctica, en particular ajudant a assessorar particulars i empreses en mat\u00e8ria d&#8217;informaci\u00f3 fiscal, impostos locals i en fiscalitat associada a productes financers.<\/span><\/p>\t\t\t\t\t\t<\/div>\n\t\t\t\t<\/div>\n\t\t            <\/div>\r\n        <\/div>\r\n        \t\t\t<\/div>\n\t\t<\/section>\n\t\t        <section class=\"elementor-section elementor-top-section elementor-element elementor-element-e50fe73 elementor-section-boxed elementor-section-height-default elementor-section-height-default pxl-type-header-none pxl-row-scroll-none pxl-bg-color-none pxl-section-overlay-none\" data-id=\"e50fe73\" data-element_type=\"section\">\n\n                \n                <div class=\"elementor-container elementor-column-gap-default \">\n                <div class=\"elementor-column elementor-col-100 elementor-top-column elementor-element elementor-element-6a5dc35 pxl-col-none pxl-column-none\" data-id=\"6a5dc35\" data-element_type=\"column\">\r\n        <div class=\"elementor-widget-wrap elementor-element-populated\">\r\n                     \r\n        \t\t<div class=\"elementor-element elementor-element-7d59b4b elementor-widget elementor-widget-accordion\" data-id=\"7d59b4b\" data-element_type=\"widget\" data-widget_type=\"accordion.default\">\n\t\t\t\t<div class=\"elementor-widget-container\">\n\t\t\t    <div class=\"pxl-accordion pxl-accordion1 style8 \" data-wow-delay=\"ms\">\r\n                    <div class=\"pxl--item \">\r\n                <h3 class=\"pxl-item--title\" data-target=\"#accordion-7d59b4b-2504-14951c2\">\r\n                                        <span class=\"pxl-title--text\">Educaci\u00f3<\/span>\r\n                    <i class=\"pxl-icon--plus\"><\/i>\r\n                <\/h3>\r\n                <div id=\"accordion-7d59b4b-2504-14951c2\" class=\"pxl-item--content\" >ESG Advisor, Finances Sostenibles, Institut d'Estudis Financers, IEF, Espanya (2021)<br \/>\n<br \/>\nCertificaci\u00f3 de Mediadors d'Assegurances Grup B, Investigaci\u00f3 Cooperativa entre Entitats Asseguradores i Fons de Pensions, ICEA, Espanya (2020)<br \/>\n<br \/>\nEuropean Financial Advisor (EFA), Institut d'Estudis Financers, IEF, Espanya (2018)<br \/>\n<br \/>\nEspecialitzaci\u00f3 en Gesti\u00f3 i Inspecci\u00f3 Tribut\u00e0ria, Universitat de ESADE, Espanya (2014)<br \/>\n<br \/>\nM\u00e0ster en Assessorament i Gesti\u00f3 Tribut\u00e0ria (AGT), Universitat de ESADE, Espanya (2013)<br \/>\n<br \/>\nM\u00e0ster d'Acc\u00e9s a l'Advocacia, Universitat de ESADE, Espanya (2013)<br \/>\n<br \/>\nGrau en Dret, Universitat de ESADE, Espanya (2012)<br \/>\n<\/div>\r\n            <\/div>\r\n                    <div class=\"pxl--item \">\r\n                <h3 class=\"pxl-item--title\" data-target=\"#accordion-7d59b4b-2504-bff22da\">\r\n                                        <span class=\"pxl-title--text\">Associacions professionals i membresies<\/span>\r\n                    <i class=\"pxl-icon--plus\"><\/i>\r\n                <\/h3>\r\n                <div id=\"accordion-7d59b4b-2504-bff22da\" class=\"pxl-item--content\" >ESG Advisor n\u00fam. 132, European Financial Planning Association (EFPA)<br \/>\n<br \/>\nEFA n\u00fam. 27827, European Financial Planning Association (EFPA)<br \/>\n<\/div>\r\n            <\/div>\r\n                    <div class=\"pxl--item \">\r\n                <h3 class=\"pxl-item--title\" data-target=\"#accordion-7d59b4b-2504-c25308d\">\r\n                                        <span class=\"pxl-title--text\">Idiomes<\/span>\r\n                    <i class=\"pxl-icon--plus\"><\/i>\r\n                <\/h3>\r\n                <div id=\"accordion-7d59b4b-2504-c25308d\" class=\"pxl-item--content\" >Espanyol<br \/>\n<br \/>\nCatal\u00e0<br \/>\n<br \/>\nAngl\u00e8s<br \/>\n<br \/>\nAlemany<\/div>\r\n            <\/div>\r\n            <\/div>\r\n\t\t<\/div>\n\t\t\t\t<\/div>\n\t\t            <\/div>\r\n        <\/div>\r\n        \t\t\t<\/div>\n\t\t<\/section>\n\t\t\t\t<\/div>\n\t\t","protected":false},"excerpt":{"rendered":"<p>Laura Camprub\u00ed V\u00e1zquez Associada s\u00e8nior Descripci\u00f3 i experi\u00e8ncia La Laura ha dedicat diversos anys de la seva carrera professional al sistema financer andorr\u00e0. La seva pr\u00e0ctica professional s&#8217;ha centrat principalment en l&#8217;assessorament a clients privats nacionals i internacionals i compta amb una \u00e0mplia experi\u00e8ncia en fiscalitat empresarial, fiscalitat de no residents i dret comptable. Assessora [&hellip;]<\/p>\n","protected":false},"author":3,"featured_media":0,"parent":0,"menu_order":0,"comment_status":"closed","ping_status":"closed","template":"","meta":{"footnotes":""},"class_list":["post-11521","page","type-page","status-publish","hentry"],"yoast_head":"<!-- This site is optimized with the Yoast SEO Premium plugin v25.3 (Yoast SEO v25.3) - https:\/\/yoast.com\/wordpress\/plugins\/seo\/ -->\n<title>Laura Camprub\u00ed V\u00e1zquez - Mesas Trigo advocats<\/title>\n<meta name=\"description\" content=\"Laura Camprub\u00ed aporta la seva experi\u00e8ncia en fiscalitat empresarial, assessoria, planificaci\u00f3 fiscal internacional i comprom\u00eds d&#039;excel\u00b7l\u00e8ncia\" \/>\n<meta name=\"robots\" content=\"index, follow, max-snippet:-1, max-image-preview:large, max-video-preview:-1\" \/>\n<link rel=\"canonical\" href=\"https:\/\/www.mesastrigoadvocats.com\/ca\/laura-camprubi-vazquez\/\" \/>\n<meta property=\"og:locale\" content=\"ca_ES\" \/>\n<meta property=\"og:type\" content=\"article\" \/>\n<meta property=\"og:title\" content=\"Laura Camprub\u00ed V\u00e1zquez\" \/>\n<meta property=\"og:description\" content=\"Laura Camprub\u00ed aporta la seva experi\u00e8ncia en fiscalitat empresarial, assessoria, planificaci\u00f3 fiscal internacional i comprom\u00eds d&#039;excel\u00b7l\u00e8ncia\" \/>\n<meta property=\"og:url\" content=\"https:\/\/www.mesastrigoadvocats.com\/ca\/laura-camprubi-vazquez\/\" \/>\n<meta property=\"og:site_name\" content=\"Mesas Trigo advocats\" \/>\n<meta property=\"article:modified_time\" content=\"2025-07-07T08:41:33+00:00\" \/>\n<meta property=\"og:image\" content=\"https:\/\/www.mesastrigoadvocats.com\/wp-content\/uploads\/2025\/02\/Mesas-Trigo-finales-264-x-311-px-3645-x-370-px-364-x-370-px-1.png\" \/>\n<meta name=\"twitter:card\" content=\"summary_large_image\" \/>\n<meta name=\"twitter:label1\" content=\"Temps estimat de lectura\" \/>\n\t<meta name=\"twitter:data1\" content=\"2 minuts\" \/>\n<script type=\"application\/ld+json\" class=\"yoast-schema-graph\">{\"@context\":\"https:\/\/schema.org\",\"@graph\":[{\"@type\":\"WebPage\",\"@id\":\"https:\/\/www.mesastrigoadvocats.com\/ca\/laura-camprubi-vazquez\/\",\"url\":\"https:\/\/www.mesastrigoadvocats.com\/ca\/laura-camprubi-vazquez\/\",\"name\":\"Laura Camprub\u00ed V\u00e1zquez - Mesas Trigo advocats\",\"isPartOf\":{\"@id\":\"https:\/\/www.mesastrigoadvocats.com\/#website\"},\"primaryImageOfPage\":{\"@id\":\"https:\/\/www.mesastrigoadvocats.com\/ca\/laura-camprubi-vazquez\/#primaryimage\"},\"image\":{\"@id\":\"https:\/\/www.mesastrigoadvocats.com\/ca\/laura-camprubi-vazquez\/#primaryimage\"},\"thumbnailUrl\":\"https:\/\/www.mesastrigoadvocats.com\/wp-content\/uploads\/2025\/02\/Mesas-Trigo-finales-264-x-311-px-3645-x-370-px-364-x-370-px-1.png\",\"datePublished\":\"2024-11-29T11:24:16+00:00\",\"dateModified\":\"2025-07-07T08:41:33+00:00\",\"description\":\"Laura Camprub\u00ed aporta la seva experi\u00e8ncia en fiscalitat empresarial, assessoria, planificaci\u00f3 fiscal internacional i comprom\u00eds d'excel\u00b7l\u00e8ncia\",\"breadcrumb\":{\"@id\":\"https:\/\/www.mesastrigoadvocats.com\/ca\/laura-camprubi-vazquez\/#breadcrumb\"},\"inLanguage\":\"ca\",\"potentialAction\":[{\"@type\":\"ReadAction\",\"target\":[\"https:\/\/www.mesastrigoadvocats.com\/ca\/laura-camprubi-vazquez\/\"]}]},{\"@type\":\"ImageObject\",\"inLanguage\":\"ca\",\"@id\":\"https:\/\/www.mesastrigoadvocats.com\/ca\/laura-camprubi-vazquez\/#primaryimage\",\"url\":\"https:\/\/www.mesastrigoadvocats.com\/wp-content\/uploads\/2025\/02\/Mesas-Trigo-finales-264-x-311-px-3645-x-370-px-364-x-370-px-1.png\",\"contentUrl\":\"https:\/\/www.mesastrigoadvocats.com\/wp-content\/uploads\/2025\/02\/Mesas-Trigo-finales-264-x-311-px-3645-x-370-px-364-x-370-px-1.png\"},{\"@type\":\"BreadcrumbList\",\"@id\":\"https:\/\/www.mesastrigoadvocats.com\/ca\/laura-camprubi-vazquez\/#breadcrumb\",\"itemListElement\":[{\"@type\":\"ListItem\",\"position\":1,\"name\":\"Portada\",\"item\":\"https:\/\/www.mesastrigoadvocats.com\/\"},{\"@type\":\"ListItem\",\"position\":2,\"name\":\"Laura Camprub\u00ed V\u00e1zquez\"}]},{\"@type\":\"WebSite\",\"@id\":\"https:\/\/www.mesastrigoadvocats.com\/#website\",\"url\":\"https:\/\/www.mesastrigoadvocats.com\/\",\"name\":\"Mesas Trigo\",\"description\":\"Mesas Trigo advocats\",\"publisher\":{\"@id\":\"https:\/\/www.mesastrigoadvocats.com\/#organization\"},\"potentialAction\":[{\"@type\":\"SearchAction\",\"target\":{\"@type\":\"EntryPoint\",\"urlTemplate\":\"https:\/\/www.mesastrigoadvocats.com\/?s={search_term_string}\"},\"query-input\":{\"@type\":\"PropertyValueSpecification\",\"valueRequired\":true,\"valueName\":\"search_term_string\"}}],\"inLanguage\":\"ca\"},{\"@type\":\"Organization\",\"@id\":\"https:\/\/www.mesastrigoadvocats.com\/#organization\",\"name\":\"Mesas Trigo\",\"url\":\"https:\/\/www.mesastrigoadvocats.com\/\",\"logo\":{\"@type\":\"ImageObject\",\"inLanguage\":\"ca\",\"@id\":\"https:\/\/www.mesastrigoadvocats.com\/#\/schema\/logo\/image\/\",\"url\":\"https:\/\/www.mesastrigoadvocats.com\/wp-content\/uploads\/2024\/11\/cropped-favicon-mesas-trigo.png\",\"contentUrl\":\"https:\/\/www.mesastrigoadvocats.com\/wp-content\/uploads\/2024\/11\/cropped-favicon-mesas-trigo.png\",\"width\":512,\"height\":245,\"caption\":\"Mesas Trigo\"},\"image\":{\"@id\":\"https:\/\/www.mesastrigoadvocats.com\/#\/schema\/logo\/image\/\"}}]}<\/script>\n<!-- \/ Yoast SEO Premium plugin. -->","yoast_head_json":{"title":"Laura Camprub\u00ed V\u00e1zquez - Mesas Trigo advocats","description":"Laura Camprub\u00ed aporta la seva experi\u00e8ncia en fiscalitat empresarial, assessoria, planificaci\u00f3 fiscal internacional i comprom\u00eds d'excel\u00b7l\u00e8ncia","robots":{"index":"index","follow":"follow","max-snippet":"max-snippet:-1","max-image-preview":"max-image-preview:large","max-video-preview":"max-video-preview:-1"},"canonical":"https:\/\/www.mesastrigoadvocats.com\/ca\/laura-camprubi-vazquez\/","og_locale":"ca_ES","og_type":"article","og_title":"Laura Camprub\u00ed V\u00e1zquez","og_description":"Laura Camprub\u00ed aporta la seva experi\u00e8ncia en fiscalitat empresarial, assessoria, planificaci\u00f3 fiscal internacional i comprom\u00eds d'excel\u00b7l\u00e8ncia","og_url":"https:\/\/www.mesastrigoadvocats.com\/ca\/laura-camprubi-vazquez\/","og_site_name":"Mesas Trigo advocats","article_modified_time":"2025-07-07T08:41:33+00:00","og_image":[{"url":"https:\/\/www.mesastrigoadvocats.com\/wp-content\/uploads\/2025\/02\/Mesas-Trigo-finales-264-x-311-px-3645-x-370-px-364-x-370-px-1.png","type":"","width":"","height":""}],"twitter_card":"summary_large_image","twitter_misc":{"Temps estimat de lectura":"2 minuts"},"schema":{"@context":"https:\/\/schema.org","@graph":[{"@type":"WebPage","@id":"https:\/\/www.mesastrigoadvocats.com\/ca\/laura-camprubi-vazquez\/","url":"https:\/\/www.mesastrigoadvocats.com\/ca\/laura-camprubi-vazquez\/","name":"Laura Camprub\u00ed V\u00e1zquez - Mesas Trigo advocats","isPartOf":{"@id":"https:\/\/www.mesastrigoadvocats.com\/#website"},"primaryImageOfPage":{"@id":"https:\/\/www.mesastrigoadvocats.com\/ca\/laura-camprubi-vazquez\/#primaryimage"},"image":{"@id":"https:\/\/www.mesastrigoadvocats.com\/ca\/laura-camprubi-vazquez\/#primaryimage"},"thumbnailUrl":"https:\/\/www.mesastrigoadvocats.com\/wp-content\/uploads\/2025\/02\/Mesas-Trigo-finales-264-x-311-px-3645-x-370-px-364-x-370-px-1.png","datePublished":"2024-11-29T11:24:16+00:00","dateModified":"2025-07-07T08:41:33+00:00","description":"Laura Camprub\u00ed aporta la seva experi\u00e8ncia en fiscalitat empresarial, assessoria, planificaci\u00f3 fiscal internacional i comprom\u00eds d'excel\u00b7l\u00e8ncia","breadcrumb":{"@id":"https:\/\/www.mesastrigoadvocats.com\/ca\/laura-camprubi-vazquez\/#breadcrumb"},"inLanguage":"ca","potentialAction":[{"@type":"ReadAction","target":["https:\/\/www.mesastrigoadvocats.com\/ca\/laura-camprubi-vazquez\/"]}]},{"@type":"ImageObject","inLanguage":"ca","@id":"https:\/\/www.mesastrigoadvocats.com\/ca\/laura-camprubi-vazquez\/#primaryimage","url":"https:\/\/www.mesastrigoadvocats.com\/wp-content\/uploads\/2025\/02\/Mesas-Trigo-finales-264-x-311-px-3645-x-370-px-364-x-370-px-1.png","contentUrl":"https:\/\/www.mesastrigoadvocats.com\/wp-content\/uploads\/2025\/02\/Mesas-Trigo-finales-264-x-311-px-3645-x-370-px-364-x-370-px-1.png"},{"@type":"BreadcrumbList","@id":"https:\/\/www.mesastrigoadvocats.com\/ca\/laura-camprubi-vazquez\/#breadcrumb","itemListElement":[{"@type":"ListItem","position":1,"name":"Portada","item":"https:\/\/www.mesastrigoadvocats.com\/"},{"@type":"ListItem","position":2,"name":"Laura Camprub\u00ed V\u00e1zquez"}]},{"@type":"WebSite","@id":"https:\/\/www.mesastrigoadvocats.com\/#website","url":"https:\/\/www.mesastrigoadvocats.com\/","name":"Mesas Trigo","description":"Mesas Trigo advocats","publisher":{"@id":"https:\/\/www.mesastrigoadvocats.com\/#organization"},"potentialAction":[{"@type":"SearchAction","target":{"@type":"EntryPoint","urlTemplate":"https:\/\/www.mesastrigoadvocats.com\/?s={search_term_string}"},"query-input":{"@type":"PropertyValueSpecification","valueRequired":true,"valueName":"search_term_string"}}],"inLanguage":"ca"},{"@type":"Organization","@id":"https:\/\/www.mesastrigoadvocats.com\/#organization","name":"Mesas Trigo","url":"https:\/\/www.mesastrigoadvocats.com\/","logo":{"@type":"ImageObject","inLanguage":"ca","@id":"https:\/\/www.mesastrigoadvocats.com\/#\/schema\/logo\/image\/","url":"https:\/\/www.mesastrigoadvocats.com\/wp-content\/uploads\/2024\/11\/cropped-favicon-mesas-trigo.png","contentUrl":"https:\/\/www.mesastrigoadvocats.com\/wp-content\/uploads\/2024\/11\/cropped-favicon-mesas-trigo.png","width":512,"height":245,"caption":"Mesas Trigo"},"image":{"@id":"https:\/\/www.mesastrigoadvocats.com\/#\/schema\/logo\/image\/"}}]}},"_links":{"self":[{"href":"https:\/\/www.mesastrigoadvocats.com\/ca\/wp-json\/wp\/v2\/pages\/11521","targetHints":{"allow":["GET"]}}],"collection":[{"href":"https:\/\/www.mesastrigoadvocats.com\/ca\/wp-json\/wp\/v2\/pages"}],"about":[{"href":"https:\/\/www.mesastrigoadvocats.com\/ca\/wp-json\/wp\/v2\/types\/page"}],"author":[{"embeddable":true,"href":"https:\/\/www.mesastrigoadvocats.com\/ca\/wp-json\/wp\/v2\/users\/3"}],"replies":[{"embeddable":true,"href":"https:\/\/www.mesastrigoadvocats.com\/ca\/wp-json\/wp\/v2\/comments?post=11521"}],"version-history":[{"count":12,"href":"https:\/\/www.mesastrigoadvocats.com\/ca\/wp-json\/wp\/v2\/pages\/11521\/revisions"}],"predecessor-version":[{"id":12736,"href":"https:\/\/www.mesastrigoadvocats.com\/ca\/wp-json\/wp\/v2\/pages\/11521\/revisions\/12736"}],"wp:attachment":[{"href":"https:\/\/www.mesastrigoadvocats.com\/ca\/wp-json\/wp\/v2\/media?parent=11521"}],"curies":[{"name":"wp","href":"https:\/\/api.w.org\/{rel}","templated":true}]}}