{"id":11525,"date":"2024-11-29T11:15:43","date_gmt":"2024-11-29T11:15:43","guid":{"rendered":"http:\/\/www.mesastrigo-advocats.com\/julia-pons-obiols\/"},"modified":"2025-07-07T08:41:26","modified_gmt":"2025-07-07T08:41:26","slug":"julia-pons-obiols","status":"publish","type":"page","link":"https:\/\/www.mesastrigoadvocats.com\/ca\/julia-pons-obiols\/","title":{"rendered":"J\u00falia Pons Obiols"},"content":{"rendered":"\t\t<div data-elementor-type=\"wp-page\" data-elementor-id=\"11525\" class=\"elementor elementor-11525 elementor-8704\">\n\t\t\t\t        <section class=\"elementor-section elementor-top-section elementor-element elementor-element-f3c94b4 elementor-section-boxed elementor-section-height-default elementor-section-height-default pxl-type-header-none pxl-row-scroll-none pxl-bg-color-none pxl-section-overlay-none\" data-id=\"f3c94b4\" data-element_type=\"section\" data-settings=\"{&quot;background_background&quot;:&quot;classic&quot;}\">\n\n                \n                <div class=\"elementor-container elementor-column-gap-default \">\n                <div class=\"elementor-column elementor-col-50 elementor-top-column elementor-element elementor-element-de758d2 pxl-col-none pxl-column-none\" data-id=\"de758d2\" data-element_type=\"column\">\r\n        <div class=\"elementor-widget-wrap elementor-element-populated\">\r\n                     \r\n        \t\t<div class=\"elementor-element elementor-element-6cfad99 elementor-widget elementor-widget-spacer\" data-id=\"6cfad99\" data-element_type=\"widget\" data-widget_type=\"spacer.default\">\n\t\t\t\t<div class=\"elementor-widget-container\">\n\t\t\t\t\t<div class=\"elementor-spacer\">\n\t\t\t<div class=\"elementor-spacer-inner\"><\/div>\n\t\t<\/div>\n\t\t\t\t<\/div>\n\t\t\t\t<\/div>\n\t\t\t\t<div class=\"elementor-element elementor-element-58602ea elementor-widget elementor-widget-pxl_image\" data-id=\"58602ea\" data-element_type=\"widget\" data-widget_type=\"pxl_image.default\">\n\t\t\t\t<div class=\"elementor-widget-container\">\n\t\t\t<div id=\"pxl_image-58602ea-6040\" class=\"pxl-image-single  shape-gradient-left \" data-wow-delay=\"ms\" >\r\n    \r\n                        <div class=\"pxl-item--inner\">\r\n                                            <img fetchpriority=\"high\" decoding=\"async\" width=\"364\" height=\"370\" src=\"https:\/\/www.mesastrigoadvocats.com\/wp-content\/uploads\/2025\/03\/Julia.png\" class=\"no-lazyload attachment-full\" alt=\"Ju\u0301lia Pons\" \/>                                    <\/div>\r\n                \r\n    <\/div>\t\t<\/div>\n\t\t\t\t<\/div>\n\t\t\t\t<div class=\"elementor-element elementor-element-a11fdb7 elementor-widget elementor-widget-spacer\" data-id=\"a11fdb7\" data-element_type=\"widget\" data-widget_type=\"spacer.default\">\n\t\t\t\t<div class=\"elementor-widget-container\">\n\t\t\t\t\t<div class=\"elementor-spacer\">\n\t\t\t<div class=\"elementor-spacer-inner\"><\/div>\n\t\t<\/div>\n\t\t\t\t<\/div>\n\t\t\t\t<\/div>\n\t\t            <\/div>\r\n        <\/div>\r\n                <div class=\"elementor-column elementor-col-50 elementor-top-column elementor-element elementor-element-2e801e5 pxl-col-none pxl-column-none\" data-id=\"2e801e5\" data-element_type=\"column\">\r\n        <div class=\"elementor-widget-wrap elementor-element-populated\">\r\n                     \r\n        \t\t<div class=\"elementor-element elementor-element-dad27c0 elementor-widget elementor-widget-spacer\" data-id=\"dad27c0\" data-element_type=\"widget\" data-widget_type=\"spacer.default\">\n\t\t\t\t<div class=\"elementor-widget-container\">\n\t\t\t\t\t<div class=\"elementor-spacer\">\n\t\t\t<div class=\"elementor-spacer-inner\"><\/div>\n\t\t<\/div>\n\t\t\t\t<\/div>\n\t\t\t\t<\/div>\n\t\t\t\t<div class=\"elementor-element elementor-element-ce39ec7 elementor-widget elementor-widget-team_single\" data-id=\"ce39ec7\" data-element_type=\"widget\" data-widget_type=\"team_single.default\">\n\t\t\t\t<div class=\"elementor-widget-container\">\n\t\t\t<div class=\"pxl-team-single pxl-team-single1 \" data-wow-delay=\"ms\">\r\n    <div class=\"pxl-item--inner\">\r\n                <div class=\"pxl-item--holder\">\r\n            <h4 class=\"pxl-item--title el-empty\">J\u00falia Pons Obiols<\/h4>\r\n            <div class=\"pxl-item--position el-empty\"><\/div>\r\n            <div class=\"pxl-item--description el-empty\">Associada s\u00e8nior<\/div>\r\n        <\/div>\r\n    <\/div>\r\n<\/div>\t\t<\/div>\n\t\t\t\t<\/div>\n\t\t        <section class=\"elementor-section elementor-inner-section elementor-element elementor-element-2e6255b elementor-section-boxed elementor-section-height-default elementor-section-height-default pxl-type-header-none pxl-row-scroll-none pxl-bg-color-none pxl-section-overlay-none\" data-id=\"2e6255b\" data-element_type=\"section\">\n\n                \n                <div class=\"elementor-container elementor-column-gap-default \">\n                <div class=\"elementor-column elementor-col-50 elementor-inner-column elementor-element elementor-element-baed510 pxl-col-none pxl-column-none\" data-id=\"baed510\" data-element_type=\"column\">\r\n        <div class=\"elementor-widget-wrap elementor-element-populated\">\r\n                     \r\n        \t\t<div class=\"elementor-element elementor-element-8e5a99f elementor-shape-square elementor-widget__width-initial elementor-grid-0 e-grid-align-center elementor-widget elementor-widget-social-icons\" data-id=\"8e5a99f\" data-element_type=\"widget\" data-widget_type=\"social-icons.default\">\n\t\t\t\t<div class=\"elementor-widget-container\">\n\t\t\t\t\t<div class=\"elementor-social-icons-wrapper elementor-grid\">\n\t\t\t\t\t\t\t<span class=\"elementor-grid-item\">\n\t\t\t\t\t<a class=\"elementor-icon elementor-social-icon elementor-social-icon-linkedin elementor-repeater-item-b2ecd59\" href=\"https:\/\/www.linkedin.com\/in\/j%C3%BAlia-pons-obiols\/\" target=\"_blank\">\n\t\t\t\t\t\t<span class=\"elementor-screen-only\">Linkedin<\/span>\n\t\t\t\t\t\t<i class=\"fab fa-linkedin\"><\/i>\t\t\t\t\t<\/a>\n\t\t\t\t<\/span>\n\t\t\t\t\t<\/div>\n\t\t\t\t<\/div>\n\t\t\t\t<\/div>\n\t\t            <\/div>\r\n        <\/div>\r\n                <div class=\"elementor-column elementor-col-50 elementor-inner-column elementor-element elementor-element-5cb4050 pxl-col-none pxl-column-none\" data-id=\"5cb4050\" data-element_type=\"column\">\r\n        <div class=\"elementor-widget-wrap\">\r\n                     \r\n                    <\/div>\r\n        <\/div>\r\n        \t\t\t<\/div>\n\t\t<\/section>\n\t\t\t\t<div class=\"elementor-element elementor-element-bba09b5 elementor-widget elementor-widget-spacer\" data-id=\"bba09b5\" data-element_type=\"widget\" data-widget_type=\"spacer.default\">\n\t\t\t\t<div class=\"elementor-widget-container\">\n\t\t\t\t\t<div class=\"elementor-spacer\">\n\t\t\t<div class=\"elementor-spacer-inner\"><\/div>\n\t\t<\/div>\n\t\t\t\t<\/div>\n\t\t\t\t<\/div>\n\t\t            <\/div>\r\n        <\/div>\r\n        \t\t\t<\/div>\n\t\t<\/section>\n\t\t        <section class=\"elementor-section elementor-top-section elementor-element elementor-element-6e8260b elementor-section-boxed elementor-section-height-default elementor-section-height-default pxl-type-header-none pxl-row-scroll-none pxl-bg-color-none pxl-section-overlay-none\" data-id=\"6e8260b\" data-element_type=\"section\">\n\n                \n                <div class=\"elementor-container elementor-column-gap-default \">\n                <div class=\"elementor-column elementor-col-100 elementor-top-column elementor-element elementor-element-7325d67 pxl-col-none pxl-column-none\" data-id=\"7325d67\" data-element_type=\"column\">\r\n        <div class=\"elementor-widget-wrap elementor-element-populated\">\r\n                     \r\n        \t\t<div class=\"elementor-element elementor-element-c24a4bb elementor-widget elementor-widget-spacer\" data-id=\"c24a4bb\" data-element_type=\"widget\" data-widget_type=\"spacer.default\">\n\t\t\t\t<div class=\"elementor-widget-container\">\n\t\t\t\t\t<div class=\"elementor-spacer\">\n\t\t\t<div class=\"elementor-spacer-inner\"><\/div>\n\t\t<\/div>\n\t\t\t\t<\/div>\n\t\t\t\t<\/div>\n\t\t            <\/div>\r\n        <\/div>\r\n        \t\t\t<\/div>\n\t\t<\/section>\n\t\t        <section class=\"elementor-section elementor-top-section elementor-element elementor-element-d371df8 elementor-section-boxed elementor-section-height-default elementor-section-height-default pxl-type-header-none pxl-row-scroll-none pxl-bg-color-none pxl-section-overlay-none\" data-id=\"d371df8\" data-element_type=\"section\">\n\n                \n                <div class=\"elementor-container elementor-column-gap-default \">\n                <div class=\"elementor-column elementor-col-100 elementor-top-column elementor-element elementor-element-ef4f02b pxl-col-none pxl-column-none\" data-id=\"ef4f02b\" data-element_type=\"column\">\r\n        <div class=\"elementor-widget-wrap elementor-element-populated\">\r\n                     \r\n        \t\t<div class=\"elementor-element elementor-element-39c19e7 elementor-widget elementor-widget-heading\" data-id=\"39c19e7\" data-element_type=\"widget\" data-widget_type=\"heading.default\">\n\t\t\t\t<div class=\"elementor-widget-container\">\n\t\t\t<div id=\"pxl-heading-39c19e7-8029\" class=\"pxl-heading typewriter-color\">\n\t<div class=\"pxl-heading--inner\">\n\t\t\n\t\t\t\t\t<h3 class=\"pxl-item--title  highlight-default \" data-wow-delay=\"ms\">\n\t\t\t\tDescripci\u00f3 i experi\u00e8ncia\t\t\n\t\t\t<\/h3>\n\t\t\n\t\t\t<\/div>\n<\/div>\t\t<\/div>\n\t\t\t\t<\/div>\n\t\t\t\t<div class=\"elementor-element elementor-element-d5c5a2e elementor-widget elementor-widget-spacer\" data-id=\"d5c5a2e\" data-element_type=\"widget\" data-widget_type=\"spacer.default\">\n\t\t\t\t<div class=\"elementor-widget-container\">\n\t\t\t\t\t<div class=\"elementor-spacer\">\n\t\t\t<div class=\"elementor-spacer-inner\"><\/div>\n\t\t<\/div>\n\t\t\t\t<\/div>\n\t\t\t\t<\/div>\n\t\t\t\t<div class=\"elementor-element elementor-element-148ea7b elementor-widget elementor-widget-text-editor\" data-id=\"148ea7b\" data-element_type=\"widget\" data-widget_type=\"text-editor.default\">\n\t\t\t\t<div class=\"elementor-widget-container\">\n\t\t\t\t\t\t\t<p><span style=\"font-weight: 400;\">La J\u00falia forma part de l\u2019\u00e0rea de pr\u00e0ctica fiscal i mercantil de la oficina d\u2019Andorra.<\/span><\/p><p><span style=\"font-weight: 400;\">Col\u00b7labora amb l&#8217;equip en una \u00e0mplia gamma d&#8217;assumptes legals, proporcionant assessorament integral tant a particulars com a empreses en q\u00fcestions de fiscalitat internacional, nacional i local, inclosa la fiscalitat indirecta.<\/span><\/p><p><span style=\"font-weight: 400;\">La J\u00falia tamb\u00e9 est\u00e0 especialitzada en planificaci\u00f3 success\u00f2ria i reestructuraci\u00f3 patrimonial, havent participat en operacions de reestructuraci\u00f3 empresarial, com fusions i adquisicions, elaborant estrat\u00e8gies per a la reorganitzaci\u00f3 d&#8217;actius i la maximitzaci\u00f3 de l&#8217;efici\u00e8ncia fiscal en aquestes operacions.<\/span><\/p><p><span style=\"font-weight: 400;\">Compta amb experi\u00e8ncia en assessorament legal empresarial internacional, adaptant-se a les necessitats espec\u00edfiques de cada ind\u00fastria i oferint solucions personalitzades per a optimitzar la fiscalitat i minimitzar els riscos legals i fiscals.<\/span><\/p><p><span style=\"font-weight: 400;\">Abans d&#8217;incorporar-se a Mesas Trigo, la J\u00falia va treballar durant diversos anys en un important despatx d&#8217;advocats espanyol.<\/span><\/p>\t\t\t\t\t\t<\/div>\n\t\t\t\t<\/div>\n\t\t            <\/div>\r\n        <\/div>\r\n        \t\t\t<\/div>\n\t\t<\/section>\n\t\t        <section class=\"elementor-section elementor-top-section elementor-element elementor-element-b17a2b3 elementor-section-boxed elementor-section-height-default elementor-section-height-default pxl-type-header-none pxl-row-scroll-none pxl-bg-color-none pxl-section-overlay-none\" data-id=\"b17a2b3\" data-element_type=\"section\">\n\n                \n                <div class=\"elementor-container elementor-column-gap-default \">\n                <div class=\"elementor-column elementor-col-100 elementor-top-column elementor-element elementor-element-d1c4193 pxl-col-none pxl-column-none\" data-id=\"d1c4193\" data-element_type=\"column\">\r\n        <div class=\"elementor-widget-wrap elementor-element-populated\">\r\n                     \r\n        \t\t<div class=\"elementor-element elementor-element-925ed4b elementor-widget elementor-widget-accordion\" data-id=\"925ed4b\" data-element_type=\"widget\" data-widget_type=\"accordion.default\">\n\t\t\t\t<div class=\"elementor-widget-container\">\n\t\t\t    <div class=\"pxl-accordion pxl-accordion1 style8 \" data-wow-delay=\"ms\">\r\n                    <div class=\"pxl--item \">\r\n                <h3 class=\"pxl-item--title\" data-target=\"#accordion-925ed4b-9395-c31f365\">\r\n                                        <span class=\"pxl-title--text\">Educaci\u00f3<\/span>\r\n                    <i class=\"pxl-icon--plus\"><\/i>\r\n                <\/h3>\r\n                <div id=\"accordion-925ed4b-9395-c31f365\" class=\"pxl-item--content\" >Postgrau en Dret Andorr\u00e0, Universitat d'Andorra (2021)<br \/>\n<br \/>\nPrograma en Dret Fiscal Internacional, Universitat de Leiden, Pa\u00efsos Baixos (2021)<br \/>\n<br \/>\nEspecialitzaci\u00f3 en la Llei de Prevenci\u00f3 i lluita contra el frau fiscal, Centre d'Estudis Financers, CEF, Espanya (2020)<br \/>\n<br \/>\nEspecialitzaci\u00f3 en Tancament Comptable i Fiscal, Centre d'Estudis Financers, CEF, Espanya (2019)<br \/>\n<br \/>\nM\u00e0ster en Tributaci\u00f3 i Assessorament Fiscal, Dret Financer i Tributari, Centre d'Estudis Financers, CEF, Espanya (2019)<br \/>\n<br \/>\nM\u00e0ster d'Acc\u00e9s a l'Advocacia, Universitat Aut\u00f2noma de Barcelona, Espanya (2018)<br \/>\n<br \/>\nGrau en Dret, Universitat Aut\u00f2noma de Barcelona, Espanya (2017)<br \/>\n<\/div>\r\n            <\/div>\r\n                    <div class=\"pxl--item \">\r\n                <h3 class=\"pxl-item--title\" data-target=\"#accordion-925ed4b-9395-b9cc83d\">\r\n                                        <span class=\"pxl-title--text\">Reconeixements<\/span>\r\n                    <i class=\"pxl-icon--plus\"><\/i>\r\n                <\/h3>\r\n                <div id=\"accordion-925ed4b-9395-b9cc83d\" class=\"pxl-item--content\" >Publicacions a IBFD, GLG, Bloomberg, Global Legal Insights, i Lexology (2019)<br \/>\n<br \/>\nPublicaci\u00f3 de l'informe: \"Novetats normatives de l'Administraci\u00f3 de l'Estat en mat\u00e8ria d'universitats de l'any 2016\" (2017)<\/div>\r\n            <\/div>\r\n                    <div class=\"pxl--item \">\r\n                <h3 class=\"pxl-item--title\" data-target=\"#accordion-925ed4b-9395-9e9687c\">\r\n                                        <span class=\"pxl-title--text\">Idiomes<\/span>\r\n                    <i class=\"pxl-icon--plus\"><\/i>\r\n                <\/h3>\r\n                <div id=\"accordion-925ed4b-9395-9e9687c\" class=\"pxl-item--content\" >Espanyol<br \/>\n<br \/>\nCatal\u00e0<br \/>\n<br \/>\nAngl\u00e8s<br \/>\n<br \/>\nFranc\u00e8s<\/div>\r\n            <\/div>\r\n            <\/div>\r\n\t\t<\/div>\n\t\t\t\t<\/div>\n\t\t            <\/div>\r\n        <\/div>\r\n        \t\t\t<\/div>\n\t\t<\/section>\n\t\t\t\t<\/div>\n\t\t","protected":false},"excerpt":{"rendered":"<p>J\u00falia Pons Obiols Associada s\u00e8nior Linkedin Descripci\u00f3 i experi\u00e8ncia La J\u00falia forma part de l\u2019\u00e0rea de pr\u00e0ctica fiscal i mercantil de la oficina d\u2019Andorra. Col\u00b7labora amb l&#8217;equip en una \u00e0mplia gamma d&#8217;assumptes legals, proporcionant assessorament integral tant a particulars com a empreses en q\u00fcestions de fiscalitat internacional, nacional i local, inclosa la fiscalitat indirecta. La [&hellip;]<\/p>\n","protected":false},"author":3,"featured_media":0,"parent":0,"menu_order":0,"comment_status":"closed","ping_status":"closed","template":"","meta":{"footnotes":""},"class_list":["post-11525","page","type-page","status-publish","hentry"],"yoast_head":"<!-- This site is optimized with the Yoast SEO Premium plugin v25.3 (Yoast SEO v25.3) - https:\/\/yoast.com\/wordpress\/plugins\/seo\/ -->\n<title>J\u00falia Pons Obiols - Mesas Trigo advocats<\/title>\n<meta name=\"description\" content=\"J\u00falia Pons \u00e9s assessora en fiscalitat internacional, planificaci\u00f3 success\u00f2ria i d&#039;operacions de reestructuraci\u00f3 empresarial\" \/>\n<meta name=\"robots\" content=\"index, follow, max-snippet:-1, max-image-preview:large, max-video-preview:-1\" \/>\n<link rel=\"canonical\" href=\"https:\/\/www.mesastrigoadvocats.com\/ca\/julia-pons-obiols\/\" \/>\n<meta property=\"og:locale\" content=\"ca_ES\" \/>\n<meta property=\"og:type\" content=\"article\" \/>\n<meta property=\"og:title\" content=\"J\u00falia Pons Obiols\" \/>\n<meta property=\"og:description\" content=\"J\u00falia Pons \u00e9s assessora en fiscalitat internacional, planificaci\u00f3 success\u00f2ria i d&#039;operacions de reestructuraci\u00f3 empresarial\" \/>\n<meta property=\"og:url\" content=\"https:\/\/www.mesastrigoadvocats.com\/ca\/julia-pons-obiols\/\" \/>\n<meta property=\"og:site_name\" content=\"Mesas Trigo advocats\" \/>\n<meta property=\"article:modified_time\" content=\"2025-07-07T08:41:26+00:00\" \/>\n<meta property=\"og:image\" content=\"https:\/\/www.mesastrigoadvocats.com\/wp-content\/uploads\/2025\/03\/Julia.png\" \/>\n<meta name=\"twitter:card\" content=\"summary_large_image\" \/>\n<meta name=\"twitter:label1\" content=\"Temps estimat de lectura\" \/>\n\t<meta name=\"twitter:data1\" content=\"2 minuts\" \/>\n<script type=\"application\/ld+json\" class=\"yoast-schema-graph\">{\"@context\":\"https:\/\/schema.org\",\"@graph\":[{\"@type\":\"WebPage\",\"@id\":\"https:\/\/www.mesastrigoadvocats.com\/ca\/julia-pons-obiols\/\",\"url\":\"https:\/\/www.mesastrigoadvocats.com\/ca\/julia-pons-obiols\/\",\"name\":\"J\u00falia Pons Obiols - Mesas Trigo advocats\",\"isPartOf\":{\"@id\":\"https:\/\/www.mesastrigoadvocats.com\/#website\"},\"primaryImageOfPage\":{\"@id\":\"https:\/\/www.mesastrigoadvocats.com\/ca\/julia-pons-obiols\/#primaryimage\"},\"image\":{\"@id\":\"https:\/\/www.mesastrigoadvocats.com\/ca\/julia-pons-obiols\/#primaryimage\"},\"thumbnailUrl\":\"https:\/\/www.mesastrigoadvocats.com\/wp-content\/uploads\/2025\/03\/Julia.png\",\"datePublished\":\"2024-11-29T11:15:43+00:00\",\"dateModified\":\"2025-07-07T08:41:26+00:00\",\"description\":\"J\u00falia Pons \u00e9s assessora en fiscalitat internacional, planificaci\u00f3 success\u00f2ria i d'operacions de reestructuraci\u00f3 empresarial\",\"breadcrumb\":{\"@id\":\"https:\/\/www.mesastrigoadvocats.com\/ca\/julia-pons-obiols\/#breadcrumb\"},\"inLanguage\":\"ca\",\"potentialAction\":[{\"@type\":\"ReadAction\",\"target\":[\"https:\/\/www.mesastrigoadvocats.com\/ca\/julia-pons-obiols\/\"]}]},{\"@type\":\"ImageObject\",\"inLanguage\":\"ca\",\"@id\":\"https:\/\/www.mesastrigoadvocats.com\/ca\/julia-pons-obiols\/#primaryimage\",\"url\":\"https:\/\/www.mesastrigoadvocats.com\/wp-content\/uploads\/2025\/03\/Julia.png\",\"contentUrl\":\"https:\/\/www.mesastrigoadvocats.com\/wp-content\/uploads\/2025\/03\/Julia.png\"},{\"@type\":\"BreadcrumbList\",\"@id\":\"https:\/\/www.mesastrigoadvocats.com\/ca\/julia-pons-obiols\/#breadcrumb\",\"itemListElement\":[{\"@type\":\"ListItem\",\"position\":1,\"name\":\"Portada\",\"item\":\"https:\/\/www.mesastrigoadvocats.com\/\"},{\"@type\":\"ListItem\",\"position\":2,\"name\":\"J\u00falia Pons Obiols\"}]},{\"@type\":\"WebSite\",\"@id\":\"https:\/\/www.mesastrigoadvocats.com\/#website\",\"url\":\"https:\/\/www.mesastrigoadvocats.com\/\",\"name\":\"Mesas Trigo\",\"description\":\"Mesas Trigo advocats\",\"publisher\":{\"@id\":\"https:\/\/www.mesastrigoadvocats.com\/#organization\"},\"potentialAction\":[{\"@type\":\"SearchAction\",\"target\":{\"@type\":\"EntryPoint\",\"urlTemplate\":\"https:\/\/www.mesastrigoadvocats.com\/?s={search_term_string}\"},\"query-input\":{\"@type\":\"PropertyValueSpecification\",\"valueRequired\":true,\"valueName\":\"search_term_string\"}}],\"inLanguage\":\"ca\"},{\"@type\":\"Organization\",\"@id\":\"https:\/\/www.mesastrigoadvocats.com\/#organization\",\"name\":\"Mesas Trigo\",\"url\":\"https:\/\/www.mesastrigoadvocats.com\/\",\"logo\":{\"@type\":\"ImageObject\",\"inLanguage\":\"ca\",\"@id\":\"https:\/\/www.mesastrigoadvocats.com\/#\/schema\/logo\/image\/\",\"url\":\"https:\/\/www.mesastrigoadvocats.com\/wp-content\/uploads\/2024\/11\/cropped-favicon-mesas-trigo.png\",\"contentUrl\":\"https:\/\/www.mesastrigoadvocats.com\/wp-content\/uploads\/2024\/11\/cropped-favicon-mesas-trigo.png\",\"width\":512,\"height\":245,\"caption\":\"Mesas Trigo\"},\"image\":{\"@id\":\"https:\/\/www.mesastrigoadvocats.com\/#\/schema\/logo\/image\/\"}}]}<\/script>\n<!-- \/ Yoast SEO Premium plugin. -->","yoast_head_json":{"title":"J\u00falia Pons Obiols - Mesas Trigo advocats","description":"J\u00falia Pons \u00e9s assessora en fiscalitat internacional, planificaci\u00f3 success\u00f2ria i d'operacions de reestructuraci\u00f3 empresarial","robots":{"index":"index","follow":"follow","max-snippet":"max-snippet:-1","max-image-preview":"max-image-preview:large","max-video-preview":"max-video-preview:-1"},"canonical":"https:\/\/www.mesastrigoadvocats.com\/ca\/julia-pons-obiols\/","og_locale":"ca_ES","og_type":"article","og_title":"J\u00falia Pons Obiols","og_description":"J\u00falia Pons \u00e9s assessora en fiscalitat internacional, planificaci\u00f3 success\u00f2ria i d'operacions de reestructuraci\u00f3 empresarial","og_url":"https:\/\/www.mesastrigoadvocats.com\/ca\/julia-pons-obiols\/","og_site_name":"Mesas Trigo advocats","article_modified_time":"2025-07-07T08:41:26+00:00","og_image":[{"url":"https:\/\/www.mesastrigoadvocats.com\/wp-content\/uploads\/2025\/03\/Julia.png","type":"","width":"","height":""}],"twitter_card":"summary_large_image","twitter_misc":{"Temps estimat de lectura":"2 minuts"},"schema":{"@context":"https:\/\/schema.org","@graph":[{"@type":"WebPage","@id":"https:\/\/www.mesastrigoadvocats.com\/ca\/julia-pons-obiols\/","url":"https:\/\/www.mesastrigoadvocats.com\/ca\/julia-pons-obiols\/","name":"J\u00falia Pons Obiols - Mesas Trigo advocats","isPartOf":{"@id":"https:\/\/www.mesastrigoadvocats.com\/#website"},"primaryImageOfPage":{"@id":"https:\/\/www.mesastrigoadvocats.com\/ca\/julia-pons-obiols\/#primaryimage"},"image":{"@id":"https:\/\/www.mesastrigoadvocats.com\/ca\/julia-pons-obiols\/#primaryimage"},"thumbnailUrl":"https:\/\/www.mesastrigoadvocats.com\/wp-content\/uploads\/2025\/03\/Julia.png","datePublished":"2024-11-29T11:15:43+00:00","dateModified":"2025-07-07T08:41:26+00:00","description":"J\u00falia Pons \u00e9s assessora en fiscalitat internacional, planificaci\u00f3 success\u00f2ria i d'operacions de reestructuraci\u00f3 empresarial","breadcrumb":{"@id":"https:\/\/www.mesastrigoadvocats.com\/ca\/julia-pons-obiols\/#breadcrumb"},"inLanguage":"ca","potentialAction":[{"@type":"ReadAction","target":["https:\/\/www.mesastrigoadvocats.com\/ca\/julia-pons-obiols\/"]}]},{"@type":"ImageObject","inLanguage":"ca","@id":"https:\/\/www.mesastrigoadvocats.com\/ca\/julia-pons-obiols\/#primaryimage","url":"https:\/\/www.mesastrigoadvocats.com\/wp-content\/uploads\/2025\/03\/Julia.png","contentUrl":"https:\/\/www.mesastrigoadvocats.com\/wp-content\/uploads\/2025\/03\/Julia.png"},{"@type":"BreadcrumbList","@id":"https:\/\/www.mesastrigoadvocats.com\/ca\/julia-pons-obiols\/#breadcrumb","itemListElement":[{"@type":"ListItem","position":1,"name":"Portada","item":"https:\/\/www.mesastrigoadvocats.com\/"},{"@type":"ListItem","position":2,"name":"J\u00falia Pons Obiols"}]},{"@type":"WebSite","@id":"https:\/\/www.mesastrigoadvocats.com\/#website","url":"https:\/\/www.mesastrigoadvocats.com\/","name":"Mesas Trigo","description":"Mesas Trigo advocats","publisher":{"@id":"https:\/\/www.mesastrigoadvocats.com\/#organization"},"potentialAction":[{"@type":"SearchAction","target":{"@type":"EntryPoint","urlTemplate":"https:\/\/www.mesastrigoadvocats.com\/?s={search_term_string}"},"query-input":{"@type":"PropertyValueSpecification","valueRequired":true,"valueName":"search_term_string"}}],"inLanguage":"ca"},{"@type":"Organization","@id":"https:\/\/www.mesastrigoadvocats.com\/#organization","name":"Mesas Trigo","url":"https:\/\/www.mesastrigoadvocats.com\/","logo":{"@type":"ImageObject","inLanguage":"ca","@id":"https:\/\/www.mesastrigoadvocats.com\/#\/schema\/logo\/image\/","url":"https:\/\/www.mesastrigoadvocats.com\/wp-content\/uploads\/2024\/11\/cropped-favicon-mesas-trigo.png","contentUrl":"https:\/\/www.mesastrigoadvocats.com\/wp-content\/uploads\/2024\/11\/cropped-favicon-mesas-trigo.png","width":512,"height":245,"caption":"Mesas Trigo"},"image":{"@id":"https:\/\/www.mesastrigoadvocats.com\/#\/schema\/logo\/image\/"}}]}},"_links":{"self":[{"href":"https:\/\/www.mesastrigoadvocats.com\/ca\/wp-json\/wp\/v2\/pages\/11525","targetHints":{"allow":["GET"]}}],"collection":[{"href":"https:\/\/www.mesastrigoadvocats.com\/ca\/wp-json\/wp\/v2\/pages"}],"about":[{"href":"https:\/\/www.mesastrigoadvocats.com\/ca\/wp-json\/wp\/v2\/types\/page"}],"author":[{"embeddable":true,"href":"https:\/\/www.mesastrigoadvocats.com\/ca\/wp-json\/wp\/v2\/users\/3"}],"replies":[{"embeddable":true,"href":"https:\/\/www.mesastrigoadvocats.com\/ca\/wp-json\/wp\/v2\/comments?post=11525"}],"version-history":[{"count":12,"href":"https:\/\/www.mesastrigoadvocats.com\/ca\/wp-json\/wp\/v2\/pages\/11525\/revisions"}],"predecessor-version":[{"id":12733,"href":"https:\/\/www.mesastrigoadvocats.com\/ca\/wp-json\/wp\/v2\/pages\/11525\/revisions\/12733"}],"wp:attachment":[{"href":"https:\/\/www.mesastrigoadvocats.com\/ca\/wp-json\/wp\/v2\/media?parent=11525"}],"curies":[{"name":"wp","href":"https:\/\/api.w.org\/{rel}","templated":true}]}}