{"id":11543,"date":"2024-12-02T07:27:49","date_gmt":"2024-12-02T07:27:49","guid":{"rendered":"http:\/\/www.mesastrigo-advocats.com\/noelia-mesas-tapia\/"},"modified":"2025-07-07T08:41:47","modified_gmt":"2025-07-07T08:41:47","slug":"noelia-mesas-tapia","status":"publish","type":"page","link":"https:\/\/www.mesastrigoadvocats.com\/ca\/noelia-mesas-tapia\/","title":{"rendered":"Noelia Mesas Tapia"},"content":{"rendered":"\t\t<div data-elementor-type=\"wp-page\" data-elementor-id=\"11543\" class=\"elementor elementor-11543 elementor-8790\">\n\t\t\t\t        <section class=\"elementor-section elementor-top-section elementor-element elementor-element-d509e2c elementor-section-boxed elementor-section-height-default elementor-section-height-default pxl-type-header-none pxl-row-scroll-none pxl-bg-color-none pxl-section-overlay-none\" data-id=\"d509e2c\" data-element_type=\"section\" data-settings=\"{&quot;background_background&quot;:&quot;classic&quot;}\">\n\n                \n                <div class=\"elementor-container elementor-column-gap-default \">\n                <div class=\"elementor-column elementor-col-50 elementor-top-column elementor-element elementor-element-e18be62 pxl-col-none pxl-column-none\" data-id=\"e18be62\" data-element_type=\"column\">\r\n        <div class=\"elementor-widget-wrap elementor-element-populated\">\r\n                     \r\n        \t\t<div class=\"elementor-element elementor-element-8fbcfc3 elementor-widget elementor-widget-spacer\" data-id=\"8fbcfc3\" data-element_type=\"widget\" data-widget_type=\"spacer.default\">\n\t\t\t\t<div class=\"elementor-widget-container\">\n\t\t\t\t\t<div class=\"elementor-spacer\">\n\t\t\t<div class=\"elementor-spacer-inner\"><\/div>\n\t\t<\/div>\n\t\t\t\t<\/div>\n\t\t\t\t<\/div>\n\t\t\t\t<div class=\"elementor-element elementor-element-feacdf1 elementor-widget elementor-widget-pxl_image\" data-id=\"feacdf1\" data-element_type=\"widget\" data-widget_type=\"pxl_image.default\">\n\t\t\t\t<div class=\"elementor-widget-container\">\n\t\t\t<div id=\"pxl_image-feacdf1-3153\" class=\"pxl-image-single  shape-gradient-left \" data-wow-delay=\"ms\" >\r\n    \r\n                        <div class=\"pxl-item--inner\">\r\n                                            <img fetchpriority=\"high\" decoding=\"async\" width=\"364\" height=\"370\" src=\"https:\/\/www.mesastrigoadvocats.com\/wp-content\/uploads\/2025\/02\/5.png\" class=\"no-lazyload attachment-full\" alt=\"Noelia Mesas\" \/>                                    <\/div>\r\n                \r\n    <\/div>\t\t<\/div>\n\t\t\t\t<\/div>\n\t\t\t\t<div class=\"elementor-element elementor-element-4935636 elementor-widget elementor-widget-spacer\" data-id=\"4935636\" data-element_type=\"widget\" data-widget_type=\"spacer.default\">\n\t\t\t\t<div class=\"elementor-widget-container\">\n\t\t\t\t\t<div class=\"elementor-spacer\">\n\t\t\t<div class=\"elementor-spacer-inner\"><\/div>\n\t\t<\/div>\n\t\t\t\t<\/div>\n\t\t\t\t<\/div>\n\t\t            <\/div>\r\n        <\/div>\r\n                <div class=\"elementor-column elementor-col-50 elementor-top-column elementor-element elementor-element-e0e6cbb pxl-col-none pxl-column-none\" data-id=\"e0e6cbb\" data-element_type=\"column\">\r\n        <div class=\"elementor-widget-wrap elementor-element-populated\">\r\n                     \r\n        \t\t<div class=\"elementor-element elementor-element-b02a2b0 elementor-widget elementor-widget-spacer\" data-id=\"b02a2b0\" data-element_type=\"widget\" data-widget_type=\"spacer.default\">\n\t\t\t\t<div class=\"elementor-widget-container\">\n\t\t\t\t\t<div class=\"elementor-spacer\">\n\t\t\t<div class=\"elementor-spacer-inner\"><\/div>\n\t\t<\/div>\n\t\t\t\t<\/div>\n\t\t\t\t<\/div>\n\t\t\t\t<div class=\"elementor-element elementor-element-f458214 elementor-widget elementor-widget-team_single\" data-id=\"f458214\" data-element_type=\"widget\" data-widget_type=\"team_single.default\">\n\t\t\t\t<div class=\"elementor-widget-container\">\n\t\t\t<div class=\"pxl-team-single pxl-team-single1 \" data-wow-delay=\"ms\">\r\n    <div class=\"pxl-item--inner\">\r\n                <div class=\"pxl-item--holder\">\r\n            <h4 class=\"pxl-item--title el-empty\">Noelia Mesas Tapia<\/h4>\r\n            <div class=\"pxl-item--position el-empty\"><\/div>\r\n            <div class=\"pxl-item--description el-empty\">Assistant<\/div>\r\n        <\/div>\r\n    <\/div>\r\n<\/div>\t\t<\/div>\n\t\t\t\t<\/div>\n\t\t        <section class=\"elementor-section elementor-inner-section elementor-element elementor-element-2199ccc elementor-section-boxed elementor-section-height-default elementor-section-height-default pxl-type-header-none pxl-row-scroll-none pxl-bg-color-none pxl-section-overlay-none\" data-id=\"2199ccc\" data-element_type=\"section\">\n\n                \n                <div class=\"elementor-container elementor-column-gap-default \">\n                <div class=\"elementor-column elementor-col-50 elementor-inner-column elementor-element elementor-element-5e23760 pxl-col-none pxl-column-none\" data-id=\"5e23760\" data-element_type=\"column\">\r\n        <div class=\"elementor-widget-wrap elementor-element-populated\">\r\n                     \r\n        \t\t<div class=\"elementor-element elementor-element-c450196 elementor-widget elementor-widget-spacer\" data-id=\"c450196\" data-element_type=\"widget\" data-widget_type=\"spacer.default\">\n\t\t\t\t<div class=\"elementor-widget-container\">\n\t\t\t\t\t<div class=\"elementor-spacer\">\n\t\t\t<div class=\"elementor-spacer-inner\"><\/div>\n\t\t<\/div>\n\t\t\t\t<\/div>\n\t\t\t\t<\/div>\n\t\t\t\t<div class=\"elementor-element elementor-element-aab4071 elementor-shape-square elementor-widget__width-initial elementor-grid-0 e-grid-align-center elementor-widget elementor-widget-social-icons\" data-id=\"aab4071\" data-element_type=\"widget\" data-widget_type=\"social-icons.default\">\n\t\t\t\t<div class=\"elementor-widget-container\">\n\t\t\t\t\t<div class=\"elementor-social-icons-wrapper elementor-grid\">\n\t\t\t\t\t\t\t<span class=\"elementor-grid-item\">\n\t\t\t\t\t<a class=\"elementor-icon elementor-social-icon elementor-social-icon-linkedin elementor-repeater-item-b2ecd59\" href=\"https:\/\/www.linkedin.com\/in\/noelia-mesas-28356892\/\" target=\"_blank\">\n\t\t\t\t\t\t<span class=\"elementor-screen-only\">Linkedin<\/span>\n\t\t\t\t\t\t<i class=\"fab fa-linkedin\"><\/i>\t\t\t\t\t<\/a>\n\t\t\t\t<\/span>\n\t\t\t\t\t<\/div>\n\t\t\t\t<\/div>\n\t\t\t\t<\/div>\n\t\t            <\/div>\r\n        <\/div>\r\n                <div class=\"elementor-column elementor-col-50 elementor-inner-column elementor-element elementor-element-7b02295 pxl-col-none pxl-column-none\" data-id=\"7b02295\" data-element_type=\"column\">\r\n        <div class=\"elementor-widget-wrap\">\r\n                     \r\n                    <\/div>\r\n        <\/div>\r\n        \t\t\t<\/div>\n\t\t<\/section>\n\t\t\t\t<div class=\"elementor-element elementor-element-d0cda24 elementor-widget elementor-widget-spacer\" data-id=\"d0cda24\" data-element_type=\"widget\" data-widget_type=\"spacer.default\">\n\t\t\t\t<div class=\"elementor-widget-container\">\n\t\t\t\t\t<div class=\"elementor-spacer\">\n\t\t\t<div class=\"elementor-spacer-inner\"><\/div>\n\t\t<\/div>\n\t\t\t\t<\/div>\n\t\t\t\t<\/div>\n\t\t            <\/div>\r\n        <\/div>\r\n        \t\t\t<\/div>\n\t\t<\/section>\n\t\t        <section class=\"elementor-section elementor-top-section elementor-element elementor-element-85eaa70 elementor-section-boxed elementor-section-height-default elementor-section-height-default pxl-type-header-none pxl-row-scroll-none pxl-bg-color-none pxl-section-overlay-none\" data-id=\"85eaa70\" data-element_type=\"section\">\n\n                \n                <div class=\"elementor-container elementor-column-gap-default \">\n                <div class=\"elementor-column elementor-col-100 elementor-top-column elementor-element elementor-element-ef3e9c1 pxl-col-none pxl-column-none\" data-id=\"ef3e9c1\" data-element_type=\"column\">\r\n        <div class=\"elementor-widget-wrap elementor-element-populated\">\r\n                     \r\n        \t\t<div class=\"elementor-element elementor-element-0ceb78c elementor-widget elementor-widget-spacer\" data-id=\"0ceb78c\" data-element_type=\"widget\" data-widget_type=\"spacer.default\">\n\t\t\t\t<div class=\"elementor-widget-container\">\n\t\t\t\t\t<div class=\"elementor-spacer\">\n\t\t\t<div class=\"elementor-spacer-inner\"><\/div>\n\t\t<\/div>\n\t\t\t\t<\/div>\n\t\t\t\t<\/div>\n\t\t            <\/div>\r\n        <\/div>\r\n        \t\t\t<\/div>\n\t\t<\/section>\n\t\t        <section class=\"elementor-section elementor-top-section elementor-element elementor-element-116163e elementor-section-boxed elementor-section-height-default elementor-section-height-default pxl-type-header-none pxl-row-scroll-none pxl-bg-color-none pxl-section-overlay-none\" data-id=\"116163e\" data-element_type=\"section\">\n\n                \n                <div class=\"elementor-container elementor-column-gap-default \">\n                <div class=\"elementor-column elementor-col-100 elementor-top-column elementor-element elementor-element-a157eac pxl-col-none pxl-column-none\" data-id=\"a157eac\" data-element_type=\"column\">\r\n        <div class=\"elementor-widget-wrap elementor-element-populated\">\r\n                     \r\n        \t\t<div class=\"elementor-element elementor-element-1aefecb elementor-widget elementor-widget-heading\" data-id=\"1aefecb\" data-element_type=\"widget\" data-widget_type=\"heading.default\">\n\t\t\t\t<div class=\"elementor-widget-container\">\n\t\t\t<div id=\"pxl-heading-1aefecb-6510\" class=\"pxl-heading typewriter-color\">\n\t<div class=\"pxl-heading--inner\">\n\t\t\n\t\t\t\t\t<h3 class=\"pxl-item--title  highlight-default \" data-wow-delay=\"ms\">\n\t\t\t\tDescripci\u00f3 i experi\u00e8ncia\t\t\n\t\t\t<\/h3>\n\t\t\n\t\t\t<\/div>\n<\/div>\t\t<\/div>\n\t\t\t\t<\/div>\n\t\t\t\t<div class=\"elementor-element elementor-element-28703d6 elementor-widget elementor-widget-spacer\" data-id=\"28703d6\" data-element_type=\"widget\" data-widget_type=\"spacer.default\">\n\t\t\t\t<div class=\"elementor-widget-container\">\n\t\t\t\t\t<div class=\"elementor-spacer\">\n\t\t\t<div class=\"elementor-spacer-inner\"><\/div>\n\t\t<\/div>\n\t\t\t\t<\/div>\n\t\t\t\t<\/div>\n\t\t\t\t<div class=\"elementor-element elementor-element-5beadad elementor-widget elementor-widget-text-editor\" data-id=\"5beadad\" data-element_type=\"widget\" data-widget_type=\"text-editor.default\">\n\t\t\t\t<div class=\"elementor-widget-container\">\n\t\t\t\t\t\t\t<p><span style=\"font-weight: 400;\">La Noelia est\u00e0 especialitzada en la preparaci\u00f3 i presentaci\u00f3 de sol\u00b7licituds de resid\u00e8ncies, permisos de treball, ciutadania o naturalitzaci\u00f3, aix\u00ed com en tots els procediments i requisits legals per residir o treballar al pa\u00eds.<\/span><\/p><p><span style=\"font-weight: 400;\">\u00c9s la responsable d&#8217;assegurar-se que els clients compleixin amb les normatives locals i internacionals d&#8217;immigraci\u00f3, incloent la verificaci\u00f3 dels terminis i condicions dels seus permisos, el compliment dels requisits fiscals o laborals i l&#8217;assessorament sobre la regularitzaci\u00f3 del seu estatus migratori.<\/span><\/p><p><span style=\"font-weight: 400;\">La Noelia tamb\u00e9 assisteix a l&#8217;equip amb la gesti\u00f3 administrativa i operativa de la firma.<\/span><\/p>\t\t\t\t\t\t<\/div>\n\t\t\t\t<\/div>\n\t\t            <\/div>\r\n        <\/div>\r\n        \t\t\t<\/div>\n\t\t<\/section>\n\t\t        <section class=\"elementor-section elementor-top-section elementor-element elementor-element-9258882 elementor-section-boxed elementor-section-height-default elementor-section-height-default pxl-type-header-none pxl-row-scroll-none pxl-bg-color-none pxl-section-overlay-none\" data-id=\"9258882\" data-element_type=\"section\">\n\n                \n                <div class=\"elementor-container elementor-column-gap-default \">\n                <div class=\"elementor-column elementor-col-100 elementor-top-column elementor-element elementor-element-3960fbe pxl-col-none pxl-column-none\" data-id=\"3960fbe\" data-element_type=\"column\">\r\n        <div class=\"elementor-widget-wrap elementor-element-populated\">\r\n                     \r\n        \t\t<div class=\"elementor-element elementor-element-66d1a48 elementor-widget elementor-widget-accordion\" data-id=\"66d1a48\" data-element_type=\"widget\" data-widget_type=\"accordion.default\">\n\t\t\t\t<div class=\"elementor-widget-container\">\n\t\t\t    <div class=\"pxl-accordion pxl-accordion1 style8 \" data-wow-delay=\"ms\">\r\n                    <div class=\"pxl--item \">\r\n                <h3 class=\"pxl-item--title\" data-target=\"#accordion-66d1a48-5811-18a36dd\">\r\n                                        <span class=\"pxl-title--text\">Idiomes<\/span>\r\n                    <i class=\"pxl-icon--plus\"><\/i>\r\n                <\/h3>\r\n                <div id=\"accordion-66d1a48-5811-18a36dd\" class=\"pxl-item--content\" >Espanyol<br \/>\n<br \/>\nCatal\u00e0<br \/>\n<br \/>\nFranc\u00e8s<\/div>\r\n            <\/div>\r\n            <\/div>\r\n\t\t<\/div>\n\t\t\t\t<\/div>\n\t\t            <\/div>\r\n        <\/div>\r\n        \t\t\t<\/div>\n\t\t<\/section>\n\t\t\t\t<\/div>\n\t\t","protected":false},"excerpt":{"rendered":"<p>Noelia Mesas Tapia Assistant Linkedin Descripci\u00f3 i experi\u00e8ncia La Noelia est\u00e0 especialitzada en la preparaci\u00f3 i presentaci\u00f3 de sol\u00b7licituds de resid\u00e8ncies, permisos de treball, ciutadania o naturalitzaci\u00f3, aix\u00ed com en tots els procediments i requisits legals per residir o treballar al pa\u00eds. \u00c9s la responsable d&#8217;assegurar-se que els clients compleixin amb les normatives locals i [&hellip;]<\/p>\n","protected":false},"author":3,"featured_media":0,"parent":0,"menu_order":0,"comment_status":"closed","ping_status":"closed","template":"","meta":{"footnotes":""},"class_list":["post-11543","page","type-page","status-publish","hentry"],"yoast_head":"<!-- This site is optimized with the Yoast SEO Premium plugin v25.3 (Yoast SEO v25.3) - https:\/\/yoast.com\/wordpress\/plugins\/seo\/ -->\n<title>Noelia Mesas Tapia - Mesas Trigo advocats<\/title>\n<meta name=\"description\" content=\"Noelia Mesas s&#039;encarrega de la gesti\u00f3 de resid\u00e8ncies, permisos de treball i tr\u00e0mits, garantint compliment legal i suport administratiu\" \/>\n<meta name=\"robots\" content=\"index, follow, max-snippet:-1, max-image-preview:large, max-video-preview:-1\" \/>\n<link rel=\"canonical\" href=\"https:\/\/www.mesastrigoadvocats.com\/ca\/noelia-mesas-tapia\/\" \/>\n<meta property=\"og:locale\" content=\"ca_ES\" \/>\n<meta property=\"og:type\" content=\"article\" \/>\n<meta property=\"og:title\" content=\"Noelia Mesas Tapia\" \/>\n<meta property=\"og:description\" content=\"Noelia Mesas s&#039;encarrega de la gesti\u00f3 de resid\u00e8ncies, permisos de treball i tr\u00e0mits, garantint compliment legal i suport administratiu\" \/>\n<meta property=\"og:url\" content=\"https:\/\/www.mesastrigoadvocats.com\/ca\/noelia-mesas-tapia\/\" \/>\n<meta property=\"og:site_name\" content=\"Mesas Trigo advocats\" \/>\n<meta property=\"article:modified_time\" content=\"2025-07-07T08:41:47+00:00\" \/>\n<meta property=\"og:image\" content=\"https:\/\/www.mesastrigoadvocats.com\/wp-content\/uploads\/2025\/02\/5.png\" \/>\n<meta name=\"twitter:card\" content=\"summary_large_image\" \/>\n<meta name=\"twitter:label1\" content=\"Temps estimat de lectura\" \/>\n\t<meta name=\"twitter:data1\" content=\"1 minut\" \/>\n<script type=\"application\/ld+json\" class=\"yoast-schema-graph\">{\"@context\":\"https:\/\/schema.org\",\"@graph\":[{\"@type\":\"WebPage\",\"@id\":\"https:\/\/www.mesastrigoadvocats.com\/ca\/noelia-mesas-tapia\/\",\"url\":\"https:\/\/www.mesastrigoadvocats.com\/ca\/noelia-mesas-tapia\/\",\"name\":\"Noelia Mesas Tapia - Mesas Trigo advocats\",\"isPartOf\":{\"@id\":\"https:\/\/www.mesastrigoadvocats.com\/#website\"},\"primaryImageOfPage\":{\"@id\":\"https:\/\/www.mesastrigoadvocats.com\/ca\/noelia-mesas-tapia\/#primaryimage\"},\"image\":{\"@id\":\"https:\/\/www.mesastrigoadvocats.com\/ca\/noelia-mesas-tapia\/#primaryimage\"},\"thumbnailUrl\":\"https:\/\/www.mesastrigoadvocats.com\/wp-content\/uploads\/2025\/02\/5.png\",\"datePublished\":\"2024-12-02T07:27:49+00:00\",\"dateModified\":\"2025-07-07T08:41:47+00:00\",\"description\":\"Noelia Mesas s'encarrega de la gesti\u00f3 de resid\u00e8ncies, permisos de treball i tr\u00e0mits, garantint compliment legal i suport administratiu\",\"breadcrumb\":{\"@id\":\"https:\/\/www.mesastrigoadvocats.com\/ca\/noelia-mesas-tapia\/#breadcrumb\"},\"inLanguage\":\"ca\",\"potentialAction\":[{\"@type\":\"ReadAction\",\"target\":[\"https:\/\/www.mesastrigoadvocats.com\/ca\/noelia-mesas-tapia\/\"]}]},{\"@type\":\"ImageObject\",\"inLanguage\":\"ca\",\"@id\":\"https:\/\/www.mesastrigoadvocats.com\/ca\/noelia-mesas-tapia\/#primaryimage\",\"url\":\"https:\/\/www.mesastrigoadvocats.com\/wp-content\/uploads\/2025\/02\/5.png\",\"contentUrl\":\"https:\/\/www.mesastrigoadvocats.com\/wp-content\/uploads\/2025\/02\/5.png\"},{\"@type\":\"BreadcrumbList\",\"@id\":\"https:\/\/www.mesastrigoadvocats.com\/ca\/noelia-mesas-tapia\/#breadcrumb\",\"itemListElement\":[{\"@type\":\"ListItem\",\"position\":1,\"name\":\"Portada\",\"item\":\"https:\/\/www.mesastrigoadvocats.com\/\"},{\"@type\":\"ListItem\",\"position\":2,\"name\":\"Noelia Mesas Tapia\"}]},{\"@type\":\"WebSite\",\"@id\":\"https:\/\/www.mesastrigoadvocats.com\/#website\",\"url\":\"https:\/\/www.mesastrigoadvocats.com\/\",\"name\":\"Mesas Trigo\",\"description\":\"Mesas Trigo advocats\",\"publisher\":{\"@id\":\"https:\/\/www.mesastrigoadvocats.com\/#organization\"},\"potentialAction\":[{\"@type\":\"SearchAction\",\"target\":{\"@type\":\"EntryPoint\",\"urlTemplate\":\"https:\/\/www.mesastrigoadvocats.com\/?s={search_term_string}\"},\"query-input\":{\"@type\":\"PropertyValueSpecification\",\"valueRequired\":true,\"valueName\":\"search_term_string\"}}],\"inLanguage\":\"ca\"},{\"@type\":\"Organization\",\"@id\":\"https:\/\/www.mesastrigoadvocats.com\/#organization\",\"name\":\"Mesas Trigo\",\"url\":\"https:\/\/www.mesastrigoadvocats.com\/\",\"logo\":{\"@type\":\"ImageObject\",\"inLanguage\":\"ca\",\"@id\":\"https:\/\/www.mesastrigoadvocats.com\/#\/schema\/logo\/image\/\",\"url\":\"https:\/\/www.mesastrigoadvocats.com\/wp-content\/uploads\/2024\/11\/cropped-favicon-mesas-trigo.png\",\"contentUrl\":\"https:\/\/www.mesastrigoadvocats.com\/wp-content\/uploads\/2024\/11\/cropped-favicon-mesas-trigo.png\",\"width\":512,\"height\":245,\"caption\":\"Mesas Trigo\"},\"image\":{\"@id\":\"https:\/\/www.mesastrigoadvocats.com\/#\/schema\/logo\/image\/\"}}]}<\/script>\n<!-- \/ Yoast SEO Premium plugin. -->","yoast_head_json":{"title":"Noelia Mesas Tapia - Mesas Trigo advocats","description":"Noelia Mesas s'encarrega de la gesti\u00f3 de resid\u00e8ncies, permisos de treball i tr\u00e0mits, garantint compliment legal i suport administratiu","robots":{"index":"index","follow":"follow","max-snippet":"max-snippet:-1","max-image-preview":"max-image-preview:large","max-video-preview":"max-video-preview:-1"},"canonical":"https:\/\/www.mesastrigoadvocats.com\/ca\/noelia-mesas-tapia\/","og_locale":"ca_ES","og_type":"article","og_title":"Noelia Mesas Tapia","og_description":"Noelia Mesas s'encarrega de la gesti\u00f3 de resid\u00e8ncies, permisos de treball i tr\u00e0mits, garantint compliment legal i suport administratiu","og_url":"https:\/\/www.mesastrigoadvocats.com\/ca\/noelia-mesas-tapia\/","og_site_name":"Mesas Trigo advocats","article_modified_time":"2025-07-07T08:41:47+00:00","og_image":[{"url":"https:\/\/www.mesastrigoadvocats.com\/wp-content\/uploads\/2025\/02\/5.png","type":"","width":"","height":""}],"twitter_card":"summary_large_image","twitter_misc":{"Temps estimat de lectura":"1 minut"},"schema":{"@context":"https:\/\/schema.org","@graph":[{"@type":"WebPage","@id":"https:\/\/www.mesastrigoadvocats.com\/ca\/noelia-mesas-tapia\/","url":"https:\/\/www.mesastrigoadvocats.com\/ca\/noelia-mesas-tapia\/","name":"Noelia Mesas Tapia - Mesas Trigo advocats","isPartOf":{"@id":"https:\/\/www.mesastrigoadvocats.com\/#website"},"primaryImageOfPage":{"@id":"https:\/\/www.mesastrigoadvocats.com\/ca\/noelia-mesas-tapia\/#primaryimage"},"image":{"@id":"https:\/\/www.mesastrigoadvocats.com\/ca\/noelia-mesas-tapia\/#primaryimage"},"thumbnailUrl":"https:\/\/www.mesastrigoadvocats.com\/wp-content\/uploads\/2025\/02\/5.png","datePublished":"2024-12-02T07:27:49+00:00","dateModified":"2025-07-07T08:41:47+00:00","description":"Noelia Mesas s'encarrega de la gesti\u00f3 de resid\u00e8ncies, permisos de treball i tr\u00e0mits, garantint compliment legal i suport administratiu","breadcrumb":{"@id":"https:\/\/www.mesastrigoadvocats.com\/ca\/noelia-mesas-tapia\/#breadcrumb"},"inLanguage":"ca","potentialAction":[{"@type":"ReadAction","target":["https:\/\/www.mesastrigoadvocats.com\/ca\/noelia-mesas-tapia\/"]}]},{"@type":"ImageObject","inLanguage":"ca","@id":"https:\/\/www.mesastrigoadvocats.com\/ca\/noelia-mesas-tapia\/#primaryimage","url":"https:\/\/www.mesastrigoadvocats.com\/wp-content\/uploads\/2025\/02\/5.png","contentUrl":"https:\/\/www.mesastrigoadvocats.com\/wp-content\/uploads\/2025\/02\/5.png"},{"@type":"BreadcrumbList","@id":"https:\/\/www.mesastrigoadvocats.com\/ca\/noelia-mesas-tapia\/#breadcrumb","itemListElement":[{"@type":"ListItem","position":1,"name":"Portada","item":"https:\/\/www.mesastrigoadvocats.com\/"},{"@type":"ListItem","position":2,"name":"Noelia Mesas Tapia"}]},{"@type":"WebSite","@id":"https:\/\/www.mesastrigoadvocats.com\/#website","url":"https:\/\/www.mesastrigoadvocats.com\/","name":"Mesas Trigo","description":"Mesas Trigo advocats","publisher":{"@id":"https:\/\/www.mesastrigoadvocats.com\/#organization"},"potentialAction":[{"@type":"SearchAction","target":{"@type":"EntryPoint","urlTemplate":"https:\/\/www.mesastrigoadvocats.com\/?s={search_term_string}"},"query-input":{"@type":"PropertyValueSpecification","valueRequired":true,"valueName":"search_term_string"}}],"inLanguage":"ca"},{"@type":"Organization","@id":"https:\/\/www.mesastrigoadvocats.com\/#organization","name":"Mesas Trigo","url":"https:\/\/www.mesastrigoadvocats.com\/","logo":{"@type":"ImageObject","inLanguage":"ca","@id":"https:\/\/www.mesastrigoadvocats.com\/#\/schema\/logo\/image\/","url":"https:\/\/www.mesastrigoadvocats.com\/wp-content\/uploads\/2024\/11\/cropped-favicon-mesas-trigo.png","contentUrl":"https:\/\/www.mesastrigoadvocats.com\/wp-content\/uploads\/2024\/11\/cropped-favicon-mesas-trigo.png","width":512,"height":245,"caption":"Mesas Trigo"},"image":{"@id":"https:\/\/www.mesastrigoadvocats.com\/#\/schema\/logo\/image\/"}}]}},"_links":{"self":[{"href":"https:\/\/www.mesastrigoadvocats.com\/ca\/wp-json\/wp\/v2\/pages\/11543","targetHints":{"allow":["GET"]}}],"collection":[{"href":"https:\/\/www.mesastrigoadvocats.com\/ca\/wp-json\/wp\/v2\/pages"}],"about":[{"href":"https:\/\/www.mesastrigoadvocats.com\/ca\/wp-json\/wp\/v2\/types\/page"}],"author":[{"embeddable":true,"href":"https:\/\/www.mesastrigoadvocats.com\/ca\/wp-json\/wp\/v2\/users\/3"}],"replies":[{"embeddable":true,"href":"https:\/\/www.mesastrigoadvocats.com\/ca\/wp-json\/wp\/v2\/comments?post=11543"}],"version-history":[{"count":6,"href":"https:\/\/www.mesastrigoadvocats.com\/ca\/wp-json\/wp\/v2\/pages\/11543\/revisions"}],"predecessor-version":[{"id":12742,"href":"https:\/\/www.mesastrigoadvocats.com\/ca\/wp-json\/wp\/v2\/pages\/11543\/revisions\/12742"}],"wp:attachment":[{"href":"https:\/\/www.mesastrigoadvocats.com\/ca\/wp-json\/wp\/v2\/media?parent=11543"}],"curies":[{"name":"wp","href":"https:\/\/api.w.org\/{rel}","templated":true}]}}