{"id":11745,"date":"2022-03-02T10:34:50","date_gmt":"2022-03-02T10:34:50","guid":{"rendered":"http:\/\/www.mesastrigo-advocats.com\/noticias\/"},"modified":"2025-06-30T06:19:12","modified_gmt":"2025-06-30T06:19:12","slug":"noticies","status":"publish","type":"page","link":"https:\/\/www.mesastrigoadvocats.com\/ca\/noticies\/","title":{"rendered":"Not\u00edcies"},"content":{"rendered":"\t\t<div data-elementor-type=\"wp-page\" data-elementor-id=\"11745\" class=\"elementor elementor-11745 elementor-471\">\n\t\t\t\t        <section class=\"elementor-section elementor-top-section elementor-element elementor-element-dc89a6e elementor-section-boxed elementor-section-height-default elementor-section-height-default pxl-type-header-none pxl-row-scroll-none pxl-bg-color-none pxl-section-overlay-none\" data-id=\"dc89a6e\" data-element_type=\"section\">\n\n                \n                <div class=\"elementor-container elementor-column-gap-extended \">\n                <div class=\"elementor-column elementor-col-100 elementor-top-column elementor-element elementor-element-7dd6050 pxl-col-none pxl-column-none\" data-id=\"7dd6050\" data-element_type=\"column\">\r\n        <div class=\"elementor-widget-wrap elementor-element-populated\">\r\n                     \r\n        \t\t<div class=\"elementor-element elementor-element-4d9cfe2 elementor-widget elementor-widget-heading\" data-id=\"4d9cfe2\" data-element_type=\"widget\" data-widget_type=\"heading.default\">\n\t\t\t\t<div class=\"elementor-widget-container\">\n\t\t\t<div id=\"pxl-heading-4d9cfe2-6114\" class=\"pxl-heading typewriter-color\">\n\t<div class=\"pxl-heading--inner\">\n\t\t\n\t\t<div class=\"pxl-item--dividerwrap divider-position-left\">\n\t\t\t<div class=\"pxl-item--divider\"><\/div>\t\t\t<h2 class=\"pxl-item--title  highlight-default \" data-wow-delay=\"ms\">\n\t\t\t\tTots els pr\u00f2xims esdeveniments en la nostra agenda\t\t\n\t\t\t<\/h2>\n\t\t<\/div>\n\t\t\t<\/div>\n<\/div>\t\t<\/div>\n\t\t\t\t<\/div>\n\t\t            <\/div>\r\n        <\/div>\r\n        \t\t\t<\/div>\n\t\t<\/section>\n\t\t        <section class=\"elementor-section elementor-top-section elementor-element elementor-element-adb5b28 elementor-section-boxed elementor-section-height-default elementor-section-height-default pxl-type-header-none pxl-row-scroll-none pxl-bg-color-none pxl-section-overlay-none\" data-id=\"adb5b28\" data-element_type=\"section\">\n\n                \n                <div class=\"elementor-container elementor-column-gap-default \">\n                <div class=\"elementor-column elementor-col-100 elementor-top-column elementor-element elementor-element-4585163 pxl-col-none pxl-column-none\" data-id=\"4585163\" data-element_type=\"column\">\r\n        <div class=\"elementor-widget-wrap elementor-element-populated\">\r\n                     \r\n        \t\t<div class=\"elementor-element elementor-element-ffd27f4 elementor-widget elementor-widget-text-editor\" data-id=\"ffd27f4\" data-element_type=\"widget\" data-widget_type=\"text-editor.default\">\n\t\t\t\t<div class=\"elementor-widget-container\">\n\t\t\t\t\t\t\t<p><span style=\"font-weight: 400;\">Som protagonistes de la realitat jur\u00eddica i empresarial, analitzant la conjuntura econ\u00f2mica i els desafiaments que afronta el nostre pa\u00eds per construir un futur m\u00e9s s\u00f2lid i just.<\/span><\/p>\t\t\t\t\t\t<\/div>\n\t\t\t\t<\/div>\n\t\t            <\/div>\r\n        <\/div>\r\n        \t\t\t<\/div>\n\t\t<\/section>\n\t\t        <section class=\"elementor-section elementor-top-section elementor-element elementor-element-e514016 elementor-section-boxed elementor-section-height-default elementor-section-height-default pxl-type-header-none pxl-row-scroll-none pxl-bg-color-none pxl-section-overlay-none\" data-id=\"e514016\" data-element_type=\"section\">\n\n                \n                <div class=\"elementor-container elementor-column-gap-extended \">\n                <div class=\"elementor-column elementor-col-100 elementor-top-column elementor-element elementor-element-d227712 pxl-col-none pxl-column-none\" data-id=\"d227712\" data-element_type=\"column\">\r\n        <div class=\"elementor-widget-wrap elementor-element-populated\">\r\n                     \r\n        \t\t<div class=\"elementor-element elementor-element-5ff8178 pxl-post-layout-portfolio-13 elementor-widget elementor-widget-post_grid\" data-id=\"5ff8178\" data-element_type=\"widget\" data-widget_type=\"post_grid.default\">\n\t\t\t\t<div class=\"elementor-widget-container\">\n\t\t\t\n<div id=\"post_grid-5ff8178-2016\" class=\"pxl-grid pxl-portfolio-grid pxl-portfolio-grid-layout13 pxl-grid-nogap\" data-layout=\"masonry\" data-start-page=\"1\" data-max-pages=\"1\" data-total=\"1\" data-perpage=\"3\" data-next-link=\"\">\n    \n    <div class=\"pxl-grid-inner pxl-grid-masonry row grid-col-xl-4 grid-col-lg-6 \" data-gutter=\"15\">\n        <div class=\"grid-sizer col-xl-4 col-lg-4 col-md-6 col-sm-6 col-12\"><\/div>\n                    <div class=\"pxl-grid-item col-xl-4 col-lg-4 col-md-6 col-sm-6 col-12 \">\n                <div class=\"pxl-item--inner \" data-wow-duration=\"1.2s\">\n                    <h3 class=\"pxl-item--title\">\n                        <a href=\"https:\/\/www.mesastrigoadvocats.com\/ca\/blog\/portfolio\/debat-acord-associacio-unio-europea\/\">\n                            Debat sobre l&#8217;Acord d&#8217;Associaci\u00f3 amb la Uni\u00f3 Europea \n                        <\/a>\n                    <\/h3>\n                                            <div class=\"pxl-item--image\">\n                            <img fetchpriority=\"high\" decoding=\"async\" class=\"no-lazyload \" src=\"https:\/\/www.mesastrigoadvocats.com\/wp-content\/uploads\/2024\/07\/pexels-karolina-grabowska-4386152-scaled-1000x600.jpg\" width=\"1000\" height=\"600\" alt=\"Debate sobre el Acuerdo de Asociaci\u00f3n con la Uni\u00f3n Europea\" title=\"pexels-karolina-grabowska-4386152\" \/>                                                            <a class=\"pxl-item--readmore\" href=\"https:\/\/www.mesastrigoadvocats.com\/ca\/blog\/portfolio\/debat-acord-associacio-unio-europea\/\">+<\/a>\n                                                        <div class=\"pxl-item--imgfilter bg-image\" style=\"background-image: url(https:\/\/www.mesastrigoadvocats.com\/wp-content\/uploads\/2024\/07\/pexels-karolina-grabowska-4386152-scaled-1000x600.jpg);\"><\/div>\n                        <\/div>\n                                        <div class=\"pxl-item--meta el-empty\">\n                                                                    <\/div>\n                <\/div>\n            <\/div>\n            <\/div>\n        <\/div>\t\t<\/div>\n\t\t\t\t<\/div>\n\t\t            <\/div>\r\n        <\/div>\r\n        \t\t\t<\/div>\n\t\t<\/section>\n\t\t\t\t<\/div>\n\t\t","protected":false},"excerpt":{"rendered":"<p>Tots els pr\u00f2xims esdeveniments en la nostra agenda Som protagonistes de la realitat jur\u00eddica i empresarial, analitzant la conjuntura econ\u00f2mica i els desafiaments que afronta el nostre pa\u00eds per construir un futur m\u00e9s s\u00f2lid i just. Debate sobre el Acuerdo de Asociaci\u00f3n con la Uni\u00f3n Europea + ANDORRA LA VELLA Diciembre de 2024<\/p>\n","protected":false},"author":3,"featured_media":0,"parent":0,"menu_order":0,"comment_status":"closed","ping_status":"closed","template":"","meta":{"footnotes":""},"class_list":["post-11745","page","type-page","status-publish","hentry"],"yoast_head":"<!-- This site is optimized with the Yoast SEO Premium plugin v25.3 (Yoast SEO v25.3) - https:\/\/yoast.com\/wordpress\/plugins\/seo\/ -->\n<title>Not\u00edcies - Mesas Trigo advocats<\/title>\n<meta name=\"description\" content=\"Consulta les \u00faltimes not\u00edcies, esdeveniments i an\u00e0lisis econ\u00f2miques i jur\u00eddiques que marquen el futur empresarial i fiscal al nostre pa\u00eds\" \/>\n<meta name=\"robots\" content=\"index, follow, max-snippet:-1, max-image-preview:large, max-video-preview:-1\" \/>\n<link rel=\"canonical\" href=\"https:\/\/www.mesastrigoadvocats.com\/ca\/noticies\/\" \/>\n<meta property=\"og:locale\" content=\"ca_ES\" \/>\n<meta property=\"og:type\" content=\"article\" \/>\n<meta property=\"og:title\" content=\"Not\u00edcies\" \/>\n<meta property=\"og:description\" content=\"Consulta les \u00faltimes not\u00edcies, esdeveniments i an\u00e0lisis econ\u00f2miques i jur\u00eddiques que marquen el futur empresarial i fiscal al nostre pa\u00eds\" \/>\n<meta property=\"og:url\" content=\"https:\/\/www.mesastrigoadvocats.com\/ca\/noticies\/\" \/>\n<meta property=\"og:site_name\" content=\"Mesas Trigo advocats\" \/>\n<meta property=\"article:modified_time\" content=\"2025-06-30T06:19:12+00:00\" \/>\n<meta property=\"og:image\" content=\"http:\/\/www.mesastrigoadvocats.com\/wp-content\/uploads\/2024\/07\/pexels-karolina-grabowska-4386152-scaled-1000x600.jpg\" \/>\n<meta name=\"twitter:card\" content=\"summary_large_image\" \/>\n<meta name=\"twitter:label1\" content=\"Temps estimat de lectura\" \/>\n\t<meta name=\"twitter:data1\" content=\"1 minut\" \/>\n<script type=\"application\/ld+json\" class=\"yoast-schema-graph\">{\"@context\":\"https:\/\/schema.org\",\"@graph\":[{\"@type\":\"WebPage\",\"@id\":\"https:\/\/www.mesastrigoadvocats.com\/ca\/noticies\/\",\"url\":\"https:\/\/www.mesastrigoadvocats.com\/ca\/noticies\/\",\"name\":\"Not\u00edcies - Mesas Trigo advocats\",\"isPartOf\":{\"@id\":\"https:\/\/www.mesastrigoadvocats.com\/#website\"},\"primaryImageOfPage\":{\"@id\":\"https:\/\/www.mesastrigoadvocats.com\/ca\/noticies\/#primaryimage\"},\"image\":{\"@id\":\"https:\/\/www.mesastrigoadvocats.com\/ca\/noticies\/#primaryimage\"},\"thumbnailUrl\":\"http:\/\/www.mesastrigoadvocats.com\/wp-content\/uploads\/2024\/07\/pexels-karolina-grabowska-4386152-scaled-1000x600.jpg\",\"datePublished\":\"2022-03-02T10:34:50+00:00\",\"dateModified\":\"2025-06-30T06:19:12+00:00\",\"description\":\"Consulta les \u00faltimes not\u00edcies, esdeveniments i an\u00e0lisis econ\u00f2miques i jur\u00eddiques que marquen el futur empresarial i fiscal al nostre pa\u00eds\",\"breadcrumb\":{\"@id\":\"https:\/\/www.mesastrigoadvocats.com\/ca\/noticies\/#breadcrumb\"},\"inLanguage\":\"ca\",\"potentialAction\":[{\"@type\":\"ReadAction\",\"target\":[\"https:\/\/www.mesastrigoadvocats.com\/ca\/noticies\/\"]}]},{\"@type\":\"ImageObject\",\"inLanguage\":\"ca\",\"@id\":\"https:\/\/www.mesastrigoadvocats.com\/ca\/noticies\/#primaryimage\",\"url\":\"http:\/\/www.mesastrigoadvocats.com\/wp-content\/uploads\/2024\/07\/pexels-karolina-grabowska-4386152-scaled-1000x600.jpg\",\"contentUrl\":\"http:\/\/www.mesastrigoadvocats.com\/wp-content\/uploads\/2024\/07\/pexels-karolina-grabowska-4386152-scaled-1000x600.jpg\"},{\"@type\":\"BreadcrumbList\",\"@id\":\"https:\/\/www.mesastrigoadvocats.com\/ca\/noticies\/#breadcrumb\",\"itemListElement\":[{\"@type\":\"ListItem\",\"position\":1,\"name\":\"Portada\",\"item\":\"https:\/\/www.mesastrigoadvocats.com\/\"},{\"@type\":\"ListItem\",\"position\":2,\"name\":\"Not\u00edcies\"}]},{\"@type\":\"WebSite\",\"@id\":\"https:\/\/www.mesastrigoadvocats.com\/#website\",\"url\":\"https:\/\/www.mesastrigoadvocats.com\/\",\"name\":\"Mesas Trigo\",\"description\":\"Mesas Trigo advocats\",\"publisher\":{\"@id\":\"https:\/\/www.mesastrigoadvocats.com\/#organization\"},\"potentialAction\":[{\"@type\":\"SearchAction\",\"target\":{\"@type\":\"EntryPoint\",\"urlTemplate\":\"https:\/\/www.mesastrigoadvocats.com\/?s={search_term_string}\"},\"query-input\":{\"@type\":\"PropertyValueSpecification\",\"valueRequired\":true,\"valueName\":\"search_term_string\"}}],\"inLanguage\":\"ca\"},{\"@type\":\"Organization\",\"@id\":\"https:\/\/www.mesastrigoadvocats.com\/#organization\",\"name\":\"Mesas Trigo\",\"url\":\"https:\/\/www.mesastrigoadvocats.com\/\",\"logo\":{\"@type\":\"ImageObject\",\"inLanguage\":\"ca\",\"@id\":\"https:\/\/www.mesastrigoadvocats.com\/#\/schema\/logo\/image\/\",\"url\":\"https:\/\/www.mesastrigoadvocats.com\/wp-content\/uploads\/2024\/11\/cropped-favicon-mesas-trigo.png\",\"contentUrl\":\"https:\/\/www.mesastrigoadvocats.com\/wp-content\/uploads\/2024\/11\/cropped-favicon-mesas-trigo.png\",\"width\":512,\"height\":245,\"caption\":\"Mesas Trigo\"},\"image\":{\"@id\":\"https:\/\/www.mesastrigoadvocats.com\/#\/schema\/logo\/image\/\"}}]}<\/script>\n<!-- \/ Yoast SEO Premium plugin. -->","yoast_head_json":{"title":"Not\u00edcies - Mesas Trigo advocats","description":"Consulta les \u00faltimes not\u00edcies, esdeveniments i an\u00e0lisis econ\u00f2miques i jur\u00eddiques que marquen el futur empresarial i fiscal al nostre pa\u00eds","robots":{"index":"index","follow":"follow","max-snippet":"max-snippet:-1","max-image-preview":"max-image-preview:large","max-video-preview":"max-video-preview:-1"},"canonical":"https:\/\/www.mesastrigoadvocats.com\/ca\/noticies\/","og_locale":"ca_ES","og_type":"article","og_title":"Not\u00edcies","og_description":"Consulta les \u00faltimes not\u00edcies, esdeveniments i an\u00e0lisis econ\u00f2miques i jur\u00eddiques que marquen el futur empresarial i fiscal al nostre pa\u00eds","og_url":"https:\/\/www.mesastrigoadvocats.com\/ca\/noticies\/","og_site_name":"Mesas Trigo advocats","article_modified_time":"2025-06-30T06:19:12+00:00","og_image":[{"url":"http:\/\/www.mesastrigoadvocats.com\/wp-content\/uploads\/2024\/07\/pexels-karolina-grabowska-4386152-scaled-1000x600.jpg","type":"","width":"","height":""}],"twitter_card":"summary_large_image","twitter_misc":{"Temps estimat de lectura":"1 minut"},"schema":{"@context":"https:\/\/schema.org","@graph":[{"@type":"WebPage","@id":"https:\/\/www.mesastrigoadvocats.com\/ca\/noticies\/","url":"https:\/\/www.mesastrigoadvocats.com\/ca\/noticies\/","name":"Not\u00edcies - Mesas Trigo advocats","isPartOf":{"@id":"https:\/\/www.mesastrigoadvocats.com\/#website"},"primaryImageOfPage":{"@id":"https:\/\/www.mesastrigoadvocats.com\/ca\/noticies\/#primaryimage"},"image":{"@id":"https:\/\/www.mesastrigoadvocats.com\/ca\/noticies\/#primaryimage"},"thumbnailUrl":"http:\/\/www.mesastrigoadvocats.com\/wp-content\/uploads\/2024\/07\/pexels-karolina-grabowska-4386152-scaled-1000x600.jpg","datePublished":"2022-03-02T10:34:50+00:00","dateModified":"2025-06-30T06:19:12+00:00","description":"Consulta les \u00faltimes not\u00edcies, esdeveniments i an\u00e0lisis econ\u00f2miques i jur\u00eddiques que marquen el futur empresarial i fiscal al nostre pa\u00eds","breadcrumb":{"@id":"https:\/\/www.mesastrigoadvocats.com\/ca\/noticies\/#breadcrumb"},"inLanguage":"ca","potentialAction":[{"@type":"ReadAction","target":["https:\/\/www.mesastrigoadvocats.com\/ca\/noticies\/"]}]},{"@type":"ImageObject","inLanguage":"ca","@id":"https:\/\/www.mesastrigoadvocats.com\/ca\/noticies\/#primaryimage","url":"http:\/\/www.mesastrigoadvocats.com\/wp-content\/uploads\/2024\/07\/pexels-karolina-grabowska-4386152-scaled-1000x600.jpg","contentUrl":"http:\/\/www.mesastrigoadvocats.com\/wp-content\/uploads\/2024\/07\/pexels-karolina-grabowska-4386152-scaled-1000x600.jpg"},{"@type":"BreadcrumbList","@id":"https:\/\/www.mesastrigoadvocats.com\/ca\/noticies\/#breadcrumb","itemListElement":[{"@type":"ListItem","position":1,"name":"Portada","item":"https:\/\/www.mesastrigoadvocats.com\/"},{"@type":"ListItem","position":2,"name":"Not\u00edcies"}]},{"@type":"WebSite","@id":"https:\/\/www.mesastrigoadvocats.com\/#website","url":"https:\/\/www.mesastrigoadvocats.com\/","name":"Mesas Trigo","description":"Mesas Trigo advocats","publisher":{"@id":"https:\/\/www.mesastrigoadvocats.com\/#organization"},"potentialAction":[{"@type":"SearchAction","target":{"@type":"EntryPoint","urlTemplate":"https:\/\/www.mesastrigoadvocats.com\/?s={search_term_string}"},"query-input":{"@type":"PropertyValueSpecification","valueRequired":true,"valueName":"search_term_string"}}],"inLanguage":"ca"},{"@type":"Organization","@id":"https:\/\/www.mesastrigoadvocats.com\/#organization","name":"Mesas Trigo","url":"https:\/\/www.mesastrigoadvocats.com\/","logo":{"@type":"ImageObject","inLanguage":"ca","@id":"https:\/\/www.mesastrigoadvocats.com\/#\/schema\/logo\/image\/","url":"https:\/\/www.mesastrigoadvocats.com\/wp-content\/uploads\/2024\/11\/cropped-favicon-mesas-trigo.png","contentUrl":"https:\/\/www.mesastrigoadvocats.com\/wp-content\/uploads\/2024\/11\/cropped-favicon-mesas-trigo.png","width":512,"height":245,"caption":"Mesas Trigo"},"image":{"@id":"https:\/\/www.mesastrigoadvocats.com\/#\/schema\/logo\/image\/"}}]}},"_links":{"self":[{"href":"https:\/\/www.mesastrigoadvocats.com\/ca\/wp-json\/wp\/v2\/pages\/11745","targetHints":{"allow":["GET"]}}],"collection":[{"href":"https:\/\/www.mesastrigoadvocats.com\/ca\/wp-json\/wp\/v2\/pages"}],"about":[{"href":"https:\/\/www.mesastrigoadvocats.com\/ca\/wp-json\/wp\/v2\/types\/page"}],"author":[{"embeddable":true,"href":"https:\/\/www.mesastrigoadvocats.com\/ca\/wp-json\/wp\/v2\/users\/3"}],"replies":[{"embeddable":true,"href":"https:\/\/www.mesastrigoadvocats.com\/ca\/wp-json\/wp\/v2\/comments?post=11745"}],"version-history":[{"count":5,"href":"https:\/\/www.mesastrigoadvocats.com\/ca\/wp-json\/wp\/v2\/pages\/11745\/revisions"}],"predecessor-version":[{"id":12482,"href":"https:\/\/www.mesastrigoadvocats.com\/ca\/wp-json\/wp\/v2\/pages\/11745\/revisions\/12482"}],"wp:attachment":[{"href":"https:\/\/www.mesastrigoadvocats.com\/ca\/wp-json\/wp\/v2\/media?parent=11745"}],"curies":[{"name":"wp","href":"https:\/\/api.w.org\/{rel}","templated":true}]}}