{"id":8839,"date":"2024-12-02T08:09:43","date_gmt":"2024-12-02T08:09:43","guid":{"rendered":"http:\/\/www.mesastrigo.com\/?page_id=8839"},"modified":"2025-02-17T11:29:08","modified_gmt":"2025-02-17T11:29:08","slug":"tamara-lopez-texeira","status":"publish","type":"page","link":"https:\/\/www.mesastrigoadvocats.com\/en\/tamara-lopez-texeira\/","title":{"rendered":"Tamara L\u00f3pez Texeira"},"content":{"rendered":"\t\t<div data-elementor-type=\"wp-page\" data-elementor-id=\"8839\" class=\"elementor elementor-8839\">\n\t\t\t\t        <section class=\"elementor-section elementor-top-section elementor-element elementor-element-e3248ca elementor-section-boxed elementor-section-height-default elementor-section-height-default pxl-type-header-none pxl-row-scroll-none pxl-bg-color-none pxl-section-overlay-none\" data-id=\"e3248ca\" data-element_type=\"section\" data-settings=\"{&quot;background_background&quot;:&quot;classic&quot;}\">\n\n                \n                <div class=\"elementor-container elementor-column-gap-default \">\n                <div class=\"elementor-column elementor-col-50 elementor-top-column elementor-element elementor-element-569011e pxl-col-none pxl-column-none\" data-id=\"569011e\" data-element_type=\"column\">\r\n        <div class=\"elementor-widget-wrap elementor-element-populated\">\r\n                     \r\n        \t\t<div class=\"elementor-element elementor-element-8a6e943 elementor-widget__width-initial elementor-widget elementor-widget-image\" data-id=\"8a6e943\" data-element_type=\"widget\" data-widget_type=\"image.default\">\n\t\t\t\t<div class=\"elementor-widget-container\">\n\t\t\t\t\t\t\t\t\t\t\t\t\t<img fetchpriority=\"high\" decoding=\"async\" width=\"787\" height=\"800\" src=\"https:\/\/www.mesastrigoadvocats.com\/wp-content\/uploads\/2022\/07\/ar-team2.jpg\" class=\"attachment-full size-full wp-image-7349\" alt=\"\" srcset=\"https:\/\/www.mesastrigoadvocats.com\/wp-content\/uploads\/2022\/07\/ar-team2.jpg 787w, https:\/\/www.mesastrigoadvocats.com\/wp-content\/uploads\/2022\/07\/ar-team2-295x300.jpg 295w, https:\/\/www.mesastrigoadvocats.com\/wp-content\/uploads\/2022\/07\/ar-team2-768x781.jpg 768w, https:\/\/www.mesastrigoadvocats.com\/wp-content\/uploads\/2022\/07\/ar-team2-698x710.jpg 698w\" sizes=\"(max-width: 787px) 100vw, 787px\" \/>\t\t\t\t\t\t\t\t\t\t\t\t\t<\/div>\n\t\t\t\t<\/div>\n\t\t            <\/div>\r\n        <\/div>\r\n                <div class=\"elementor-column elementor-col-50 elementor-top-column elementor-element elementor-element-748bf27 pxl-col-none pxl-column-none\" data-id=\"748bf27\" data-element_type=\"column\">\r\n        <div class=\"elementor-widget-wrap elementor-element-populated\">\r\n                     \r\n        \t\t<div class=\"elementor-element elementor-element-06df7f2 elementor-widget elementor-widget-spacer\" data-id=\"06df7f2\" data-element_type=\"widget\" data-widget_type=\"spacer.default\">\n\t\t\t\t<div class=\"elementor-widget-container\">\n\t\t\t\t\t<div class=\"elementor-spacer\">\n\t\t\t<div class=\"elementor-spacer-inner\"><\/div>\n\t\t<\/div>\n\t\t\t\t<\/div>\n\t\t\t\t<\/div>\n\t\t\t\t<div class=\"elementor-element elementor-element-d8e9b75 elementor-widget elementor-widget-team_single\" data-id=\"d8e9b75\" data-element_type=\"widget\" data-widget_type=\"team_single.default\">\n\t\t\t\t<div class=\"elementor-widget-container\">\n\t\t\t<div class=\"pxl-team-single pxl-team-single1 \" data-wow-delay=\"ms\">\r\n    <div class=\"pxl-item--inner\">\r\n                <div class=\"pxl-item--holder\">\r\n            <h4 class=\"pxl-item--title el-empty\">Tamara L\u00f3pez Texeira<\/h4>\r\n            <div class=\"pxl-item--position el-empty\"><\/div>\r\n            <div class=\"pxl-item--description el-empty\">Asesora contable<\/div>\r\n        <\/div>\r\n    <\/div>\r\n<\/div>\t\t<\/div>\n\t\t\t\t<\/div>\n\t\t        <section class=\"elementor-section elementor-inner-section elementor-element elementor-element-d10fce1 elementor-section-boxed elementor-section-height-default elementor-section-height-default pxl-type-header-none pxl-row-scroll-none pxl-bg-color-none pxl-section-overlay-none\" data-id=\"d10fce1\" data-element_type=\"section\">\n\n                \n                <div class=\"elementor-container elementor-column-gap-default \">\n                <div class=\"elementor-column elementor-col-50 elementor-inner-column elementor-element elementor-element-967f8d3 pxl-col-none pxl-column-none\" data-id=\"967f8d3\" data-element_type=\"column\">\r\n        <div class=\"elementor-widget-wrap elementor-element-populated\">\r\n                     \r\n        \t\t<div class=\"elementor-element elementor-element-92d2e35 elementor-shape-square elementor-widget__width-initial elementor-grid-0 e-grid-align-center elementor-widget elementor-widget-social-icons\" data-id=\"92d2e35\" data-element_type=\"widget\" data-widget_type=\"social-icons.default\">\n\t\t\t\t<div class=\"elementor-widget-container\">\n\t\t\t\t\t<div class=\"elementor-social-icons-wrapper elementor-grid\">\n\t\t\t\t\t\t\t<span class=\"elementor-grid-item\">\n\t\t\t\t\t<a class=\"elementor-icon elementor-social-icon elementor-social-icon-linkedin elementor-repeater-item-b2ecd59\" href=\"https:\/\/www.linkedin.com\/in\/tamara-l%C3%B3pez-2466b3341\/\" target=\"_blank\">\n\t\t\t\t\t\t<span class=\"elementor-screen-only\">Linkedin<\/span>\n\t\t\t\t\t\t<i class=\"fab fa-linkedin\"><\/i>\t\t\t\t\t<\/a>\n\t\t\t\t<\/span>\n\t\t\t\t\t<\/div>\n\t\t\t\t<\/div>\n\t\t\t\t<\/div>\n\t\t            <\/div>\r\n        <\/div>\r\n                <div class=\"elementor-column elementor-col-50 elementor-inner-column elementor-element elementor-element-acc627d pxl-col-none pxl-column-none\" data-id=\"acc627d\" data-element_type=\"column\">\r\n        <div class=\"elementor-widget-wrap\">\r\n                     \r\n                    <\/div>\r\n        <\/div>\r\n        \t\t\t<\/div>\n\t\t<\/section>\n\t\t\t\t<div class=\"elementor-element elementor-element-21b1be3 elementor-widget elementor-widget-spacer\" data-id=\"21b1be3\" data-element_type=\"widget\" data-widget_type=\"spacer.default\">\n\t\t\t\t<div class=\"elementor-widget-container\">\n\t\t\t\t\t<div class=\"elementor-spacer\">\n\t\t\t<div class=\"elementor-spacer-inner\"><\/div>\n\t\t<\/div>\n\t\t\t\t<\/div>\n\t\t\t\t<\/div>\n\t\t            <\/div>\r\n        <\/div>\r\n        \t\t\t<\/div>\n\t\t<\/section>\n\t\t        <section class=\"elementor-section elementor-top-section elementor-element elementor-element-3bf62c5 elementor-section-boxed elementor-section-height-default elementor-section-height-default pxl-type-header-none pxl-row-scroll-none pxl-bg-color-none pxl-section-overlay-none\" data-id=\"3bf62c5\" data-element_type=\"section\">\n\n                \n                <div class=\"elementor-container elementor-column-gap-default \">\n                <div class=\"elementor-column elementor-col-100 elementor-top-column elementor-element elementor-element-b08adb8 pxl-col-none pxl-column-none\" data-id=\"b08adb8\" data-element_type=\"column\">\r\n        <div class=\"elementor-widget-wrap elementor-element-populated\">\r\n                     \r\n        \t\t<div class=\"elementor-element elementor-element-a503245 elementor-widget elementor-widget-spacer\" data-id=\"a503245\" data-element_type=\"widget\" data-widget_type=\"spacer.default\">\n\t\t\t\t<div class=\"elementor-widget-container\">\n\t\t\t\t\t<div class=\"elementor-spacer\">\n\t\t\t<div class=\"elementor-spacer-inner\"><\/div>\n\t\t<\/div>\n\t\t\t\t<\/div>\n\t\t\t\t<\/div>\n\t\t            <\/div>\r\n        <\/div>\r\n        \t\t\t<\/div>\n\t\t<\/section>\n\t\t        <section class=\"elementor-section elementor-top-section elementor-element elementor-element-5525052 elementor-section-boxed elementor-section-height-default elementor-section-height-default pxl-type-header-none pxl-row-scroll-none pxl-bg-color-none pxl-section-overlay-none\" data-id=\"5525052\" data-element_type=\"section\">\n\n                \n                <div class=\"elementor-container elementor-column-gap-default \">\n                <div class=\"elementor-column elementor-col-100 elementor-top-column elementor-element elementor-element-25727f4 pxl-col-none pxl-column-none\" data-id=\"25727f4\" data-element_type=\"column\">\r\n        <div class=\"elementor-widget-wrap elementor-element-populated\">\r\n                     \r\n        \t\t<div class=\"elementor-element elementor-element-e179828 elementor-widget elementor-widget-heading\" data-id=\"e179828\" data-element_type=\"widget\" data-widget_type=\"heading.default\">\n\t\t\t\t<div class=\"elementor-widget-container\">\n\t\t\t<div id=\"pxl-heading-e179828-4944\" class=\"pxl-heading typewriter-color\">\n\t<div class=\"pxl-heading--inner\">\n\t\t\n\t\t\t\t\t<h3 class=\"pxl-item--title  highlight-default \" data-wow-delay=\"ms\">\n\t\t\t\tDescripci\u00f3n y experiencia\t\t\n\t\t\t<\/h3>\n\t\t\n\t\t\t<\/div>\n<\/div>\t\t<\/div>\n\t\t\t\t<\/div>\n\t\t\t\t<div class=\"elementor-element elementor-element-bbe5928 elementor-widget elementor-widget-spacer\" data-id=\"bbe5928\" data-element_type=\"widget\" data-widget_type=\"spacer.default\">\n\t\t\t\t<div class=\"elementor-widget-container\">\n\t\t\t\t\t<div class=\"elementor-spacer\">\n\t\t\t<div class=\"elementor-spacer-inner\"><\/div>\n\t\t<\/div>\n\t\t\t\t<\/div>\n\t\t\t\t<\/div>\n\t\t\t\t<div class=\"elementor-element elementor-element-5a33e03 elementor-widget elementor-widget-text-editor\" data-id=\"5a33e03\" data-element_type=\"widget\" data-widget_type=\"text-editor.default\">\n\t\t\t\t<div class=\"elementor-widget-container\">\n\t\t\t\t\t\t\t<p><span style=\"font-weight: 400;\">Tamara forma parte del equipo financiero de Mesas Trigo.\u00a0<\/span><\/p><p><span style=\"font-weight: 400;\">Est\u00e1 especializada en la gesti\u00f3n integral de la contabilidad de empresas, tanto a nivel nacional como internacional. Se centra en ofrecer soluciones contables eficientes y adaptadas a las necesidades espec\u00edficas de cada cliente, con el objetivo de optimizar la gesti\u00f3n financiera y cumplir con las normativas contables vigentes.<\/span><\/p><p><span style=\"font-weight: 400;\">Trabaja estrechamente con empresas de diferentes sectores, ayud\u00e1ndolas a llevar un control riguroso de sus operaciones financieras, elaborando informes contables detallados y proporcionando asesoramiento continuo sobre las mejores pr\u00e1cticas en materia de contabilidad y auditor\u00eda.\u00a0<\/span><\/p><p><span style=\"font-weight: 400;\">Su experiencia incluye la preparaci\u00f3n y presentaci\u00f3n de estados financieros, la consolidaci\u00f3n de balances y la gesti\u00f3n de impuestos, asegurando el cumplimiento con las normativas nacionales e internacionales.<\/span><\/p>\t\t\t\t\t\t<\/div>\n\t\t\t\t<\/div>\n\t\t            <\/div>\r\n        <\/div>\r\n        \t\t\t<\/div>\n\t\t<\/section>\n\t\t        <section class=\"elementor-section elementor-top-section elementor-element elementor-element-fbfacb1 elementor-section-boxed elementor-section-height-default elementor-section-height-default pxl-type-header-none pxl-row-scroll-none pxl-bg-color-none pxl-section-overlay-none\" data-id=\"fbfacb1\" data-element_type=\"section\">\n\n                \n                <div class=\"elementor-container elementor-column-gap-default \">\n                <div class=\"elementor-column elementor-col-100 elementor-top-column elementor-element elementor-element-01b7bc3 pxl-col-none pxl-column-none\" data-id=\"01b7bc3\" data-element_type=\"column\">\r\n        <div class=\"elementor-widget-wrap elementor-element-populated\">\r\n                     \r\n        \t\t<div class=\"elementor-element elementor-element-aa69057 elementor-widget elementor-widget-accordion\" data-id=\"aa69057\" data-element_type=\"widget\" data-widget_type=\"accordion.default\">\n\t\t\t\t<div class=\"elementor-widget-container\">\n\t\t\t    <div class=\"pxl-accordion pxl-accordion1 style8 \" data-wow-delay=\"ms\">\r\n                    <div class=\"pxl--item \">\r\n                <h3 class=\"pxl-item--title\" data-target=\"#accordion-aa69057-3065-a0f4002\">\r\n                                        <span class=\"pxl-title--text\">Educaci\u00f3n<\/span>\r\n                    <i class=\"pxl-icon--plus\"><\/i>\r\n                <\/h3>\r\n                <div id=\"accordion-aa69057-3065-a0f4002\" class=\"pxl-item--content\" >Grado Superior en Administraci\u00f3n y Finanzas, La Salle, Espa\u00f1a (2011)<br \/>\n<br \/>\nGrado Medio en Administraci\u00f3n y Finanzas, La Salle, Espa\u00f1a (2009)<\/div>\r\n            <\/div>\r\n                    <div class=\"pxl--item \">\r\n                <h3 class=\"pxl-item--title\" data-target=\"#accordion-aa69057-3065-2b3af03\">\r\n                                        <span class=\"pxl-title--text\">Idiomas<\/span>\r\n                    <i class=\"pxl-icon--plus\"><\/i>\r\n                <\/h3>\r\n                <div id=\"accordion-aa69057-3065-2b3af03\" class=\"pxl-item--content\" >Espa\u00f1ol<br \/>\n<br \/>\nCatal\u00e1n<\/div>\r\n            <\/div>\r\n            <\/div>\r\n\t\t<\/div>\n\t\t\t\t<\/div>\n\t\t            <\/div>\r\n        <\/div>\r\n        \t\t\t<\/div>\n\t\t<\/section>\n\t\t\t\t<\/div>\n\t\t","protected":false},"excerpt":{"rendered":"<p>Tamara L\u00f3pez Texeira Asesora contable Linkedin Descripci\u00f3n y experiencia Tamara forma parte del equipo financiero de Mesas Trigo.\u00a0 Est\u00e1 especializada en la gesti\u00f3n integral de la contabilidad de empresas, tanto a nivel nacional como internacional. Se centra en ofrecer soluciones contables eficientes y adaptadas a las necesidades espec\u00edficas de cada cliente, con el objetivo de [&hellip;]<\/p>\n","protected":false},"author":3,"featured_media":0,"parent":0,"menu_order":0,"comment_status":"closed","ping_status":"closed","template":"","meta":{"footnotes":""},"class_list":["post-8839","page","type-page","status-publish","hentry"],"yoast_head":"<!-- This site is optimized with the Yoast SEO Premium plugin v25.3 (Yoast SEO v25.3) - https:\/\/yoast.com\/wordpress\/plugins\/seo\/ -->\n<title>Tamara L\u00f3pez Texeira - Mesas Trigo advocats<\/title>\n<meta name=\"robots\" content=\"index, follow, max-snippet:-1, max-image-preview:large, max-video-preview:-1\" \/>\n<link rel=\"canonical\" href=\"https:\/\/www.mesastrigoadvocats.com\/tamara-lopez-texeira\/\" \/>\n<meta property=\"og:locale\" content=\"en_US\" \/>\n<meta property=\"og:type\" content=\"article\" \/>\n<meta property=\"og:title\" content=\"Tamara L\u00f3pez Texeira\" \/>\n<meta property=\"og:description\" content=\"Tamara L\u00f3pez Texeira Asesora contable Linkedin Descripci\u00f3n y experiencia Tamara forma parte del equipo financiero de Mesas Trigo.\u00a0 Est\u00e1 especializada en la gesti\u00f3n integral de la contabilidad de empresas, tanto a nivel nacional como internacional. Se centra en ofrecer soluciones contables eficientes y adaptadas a las necesidades espec\u00edficas de cada cliente, con el objetivo de [&hellip;]\" \/>\n<meta property=\"og:url\" content=\"https:\/\/www.mesastrigoadvocats.com\/tamara-lopez-texeira\/\" \/>\n<meta property=\"og:site_name\" content=\"Mesas Trigo advocats\" \/>\n<meta property=\"article:modified_time\" content=\"2025-02-17T11:29:08+00:00\" \/>\n<meta property=\"og:image\" content=\"http:\/\/www.mesastrigo.com\/wp-content\/uploads\/2022\/07\/ar-team2.jpg\" \/>\n<meta name=\"twitter:card\" content=\"summary_large_image\" \/>\n<meta name=\"twitter:label1\" content=\"Est. reading time\" \/>\n\t<meta name=\"twitter:data1\" content=\"1 minute\" \/>\n<script type=\"application\/ld+json\" class=\"yoast-schema-graph\">{\"@context\":\"https:\/\/schema.org\",\"@graph\":[{\"@type\":\"WebPage\",\"@id\":\"https:\/\/www.mesastrigoadvocats.com\/tamara-lopez-texeira\/\",\"url\":\"https:\/\/www.mesastrigoadvocats.com\/tamara-lopez-texeira\/\",\"name\":\"Tamara L\u00f3pez Texeira - Mesas Trigo advocats\",\"isPartOf\":{\"@id\":\"https:\/\/www.mesastrigoadvocats.com\/#website\"},\"primaryImageOfPage\":{\"@id\":\"https:\/\/www.mesastrigoadvocats.com\/tamara-lopez-texeira\/#primaryimage\"},\"image\":{\"@id\":\"https:\/\/www.mesastrigoadvocats.com\/tamara-lopez-texeira\/#primaryimage\"},\"thumbnailUrl\":\"http:\/\/www.mesastrigo.com\/wp-content\/uploads\/2022\/07\/ar-team2.jpg\",\"datePublished\":\"2024-12-02T08:09:43+00:00\",\"dateModified\":\"2025-02-17T11:29:08+00:00\",\"breadcrumb\":{\"@id\":\"https:\/\/www.mesastrigoadvocats.com\/tamara-lopez-texeira\/#breadcrumb\"},\"inLanguage\":\"en-US\",\"potentialAction\":[{\"@type\":\"ReadAction\",\"target\":[\"https:\/\/www.mesastrigoadvocats.com\/tamara-lopez-texeira\/\"]}]},{\"@type\":\"ImageObject\",\"inLanguage\":\"en-US\",\"@id\":\"https:\/\/www.mesastrigoadvocats.com\/tamara-lopez-texeira\/#primaryimage\",\"url\":\"http:\/\/www.mesastrigo.com\/wp-content\/uploads\/2022\/07\/ar-team2.jpg\",\"contentUrl\":\"http:\/\/www.mesastrigo.com\/wp-content\/uploads\/2022\/07\/ar-team2.jpg\"},{\"@type\":\"BreadcrumbList\",\"@id\":\"https:\/\/www.mesastrigoadvocats.com\/tamara-lopez-texeira\/#breadcrumb\",\"itemListElement\":[{\"@type\":\"ListItem\",\"position\":1,\"name\":\"Portada\",\"item\":\"https:\/\/www.mesastrigoadvocats.com\/\"},{\"@type\":\"ListItem\",\"position\":2,\"name\":\"Tamara L\u00f3pez Texeira\"}]},{\"@type\":\"WebSite\",\"@id\":\"https:\/\/www.mesastrigoadvocats.com\/#website\",\"url\":\"https:\/\/www.mesastrigoadvocats.com\/\",\"name\":\"Mesas Trigo\",\"description\":\"Mesas Trigo advocats\",\"publisher\":{\"@id\":\"https:\/\/www.mesastrigoadvocats.com\/#organization\"},\"potentialAction\":[{\"@type\":\"SearchAction\",\"target\":{\"@type\":\"EntryPoint\",\"urlTemplate\":\"https:\/\/www.mesastrigoadvocats.com\/?s={search_term_string}\"},\"query-input\":{\"@type\":\"PropertyValueSpecification\",\"valueRequired\":true,\"valueName\":\"search_term_string\"}}],\"inLanguage\":\"en-US\"},{\"@type\":\"Organization\",\"@id\":\"https:\/\/www.mesastrigoadvocats.com\/#organization\",\"name\":\"Mesas Trigo\",\"url\":\"https:\/\/www.mesastrigoadvocats.com\/\",\"logo\":{\"@type\":\"ImageObject\",\"inLanguage\":\"en-US\",\"@id\":\"https:\/\/www.mesastrigoadvocats.com\/#\/schema\/logo\/image\/\",\"url\":\"https:\/\/www.mesastrigoadvocats.com\/wp-content\/uploads\/2024\/11\/cropped-favicon-mesas-trigo.png\",\"contentUrl\":\"https:\/\/www.mesastrigoadvocats.com\/wp-content\/uploads\/2024\/11\/cropped-favicon-mesas-trigo.png\",\"width\":512,\"height\":245,\"caption\":\"Mesas Trigo\"},\"image\":{\"@id\":\"https:\/\/www.mesastrigoadvocats.com\/#\/schema\/logo\/image\/\"}}]}<\/script>\n<!-- \/ Yoast SEO Premium plugin. -->","yoast_head_json":{"title":"Tamara L\u00f3pez Texeira - Mesas Trigo advocats","robots":{"index":"index","follow":"follow","max-snippet":"max-snippet:-1","max-image-preview":"max-image-preview:large","max-video-preview":"max-video-preview:-1"},"canonical":"https:\/\/www.mesastrigoadvocats.com\/tamara-lopez-texeira\/","og_locale":"en_US","og_type":"article","og_title":"Tamara L\u00f3pez Texeira","og_description":"Tamara L\u00f3pez Texeira Asesora contable Linkedin Descripci\u00f3n y experiencia Tamara forma parte del equipo financiero de Mesas Trigo.\u00a0 Est\u00e1 especializada en la gesti\u00f3n integral de la contabilidad de empresas, tanto a nivel nacional como internacional. Se centra en ofrecer soluciones contables eficientes y adaptadas a las necesidades espec\u00edficas de cada cliente, con el objetivo de [&hellip;]","og_url":"https:\/\/www.mesastrigoadvocats.com\/tamara-lopez-texeira\/","og_site_name":"Mesas Trigo advocats","article_modified_time":"2025-02-17T11:29:08+00:00","og_image":[{"url":"http:\/\/www.mesastrigo.com\/wp-content\/uploads\/2022\/07\/ar-team2.jpg","type":"","width":"","height":""}],"twitter_card":"summary_large_image","twitter_misc":{"Est. reading time":"1 minute"},"schema":{"@context":"https:\/\/schema.org","@graph":[{"@type":"WebPage","@id":"https:\/\/www.mesastrigoadvocats.com\/tamara-lopez-texeira\/","url":"https:\/\/www.mesastrigoadvocats.com\/tamara-lopez-texeira\/","name":"Tamara L\u00f3pez Texeira - Mesas Trigo advocats","isPartOf":{"@id":"https:\/\/www.mesastrigoadvocats.com\/#website"},"primaryImageOfPage":{"@id":"https:\/\/www.mesastrigoadvocats.com\/tamara-lopez-texeira\/#primaryimage"},"image":{"@id":"https:\/\/www.mesastrigoadvocats.com\/tamara-lopez-texeira\/#primaryimage"},"thumbnailUrl":"http:\/\/www.mesastrigo.com\/wp-content\/uploads\/2022\/07\/ar-team2.jpg","datePublished":"2024-12-02T08:09:43+00:00","dateModified":"2025-02-17T11:29:08+00:00","breadcrumb":{"@id":"https:\/\/www.mesastrigoadvocats.com\/tamara-lopez-texeira\/#breadcrumb"},"inLanguage":"en-US","potentialAction":[{"@type":"ReadAction","target":["https:\/\/www.mesastrigoadvocats.com\/tamara-lopez-texeira\/"]}]},{"@type":"ImageObject","inLanguage":"en-US","@id":"https:\/\/www.mesastrigoadvocats.com\/tamara-lopez-texeira\/#primaryimage","url":"http:\/\/www.mesastrigo.com\/wp-content\/uploads\/2022\/07\/ar-team2.jpg","contentUrl":"http:\/\/www.mesastrigo.com\/wp-content\/uploads\/2022\/07\/ar-team2.jpg"},{"@type":"BreadcrumbList","@id":"https:\/\/www.mesastrigoadvocats.com\/tamara-lopez-texeira\/#breadcrumb","itemListElement":[{"@type":"ListItem","position":1,"name":"Portada","item":"https:\/\/www.mesastrigoadvocats.com\/"},{"@type":"ListItem","position":2,"name":"Tamara L\u00f3pez Texeira"}]},{"@type":"WebSite","@id":"https:\/\/www.mesastrigoadvocats.com\/#website","url":"https:\/\/www.mesastrigoadvocats.com\/","name":"Mesas Trigo","description":"Mesas Trigo advocats","publisher":{"@id":"https:\/\/www.mesastrigoadvocats.com\/#organization"},"potentialAction":[{"@type":"SearchAction","target":{"@type":"EntryPoint","urlTemplate":"https:\/\/www.mesastrigoadvocats.com\/?s={search_term_string}"},"query-input":{"@type":"PropertyValueSpecification","valueRequired":true,"valueName":"search_term_string"}}],"inLanguage":"en-US"},{"@type":"Organization","@id":"https:\/\/www.mesastrigoadvocats.com\/#organization","name":"Mesas Trigo","url":"https:\/\/www.mesastrigoadvocats.com\/","logo":{"@type":"ImageObject","inLanguage":"en-US","@id":"https:\/\/www.mesastrigoadvocats.com\/#\/schema\/logo\/image\/","url":"https:\/\/www.mesastrigoadvocats.com\/wp-content\/uploads\/2024\/11\/cropped-favicon-mesas-trigo.png","contentUrl":"https:\/\/www.mesastrigoadvocats.com\/wp-content\/uploads\/2024\/11\/cropped-favicon-mesas-trigo.png","width":512,"height":245,"caption":"Mesas Trigo"},"image":{"@id":"https:\/\/www.mesastrigoadvocats.com\/#\/schema\/logo\/image\/"}}]}},"_links":{"self":[{"href":"https:\/\/www.mesastrigoadvocats.com\/en\/wp-json\/wp\/v2\/pages\/8839","targetHints":{"allow":["GET"]}}],"collection":[{"href":"https:\/\/www.mesastrigoadvocats.com\/en\/wp-json\/wp\/v2\/pages"}],"about":[{"href":"https:\/\/www.mesastrigoadvocats.com\/en\/wp-json\/wp\/v2\/types\/page"}],"author":[{"embeddable":true,"href":"https:\/\/www.mesastrigoadvocats.com\/en\/wp-json\/wp\/v2\/users\/3"}],"replies":[{"embeddable":true,"href":"https:\/\/www.mesastrigoadvocats.com\/en\/wp-json\/wp\/v2\/comments?post=8839"}],"version-history":[{"count":23,"href":"https:\/\/www.mesastrigoadvocats.com\/en\/wp-json\/wp\/v2\/pages\/8839\/revisions"}],"predecessor-version":[{"id":9539,"href":"https:\/\/www.mesastrigoadvocats.com\/en\/wp-json\/wp\/v2\/pages\/8839\/revisions\/9539"}],"wp:attachment":[{"href":"https:\/\/www.mesastrigoadvocats.com\/en\/wp-json\/wp\/v2\/media?parent=8839"}],"curies":[{"name":"wp","href":"https:\/\/api.w.org\/{rel}","templated":true}]}}