{"id":11868,"date":"2024-11-28T17:02:01","date_gmt":"2024-11-28T17:02:01","guid":{"rendered":"http:\/\/www.mesastrigo-advocats.com\/jaime-mesas-tapia\/"},"modified":"2025-07-07T08:39:45","modified_gmt":"2025-07-07T08:39:45","slug":"jaime-mesas-tapia","status":"publish","type":"page","link":"https:\/\/www.mesastrigoadvocats.com\/fr\/jaime-mesas-tapia\/","title":{"rendered":"Jaime Mesas Tapia"},"content":{"rendered":"\t\t<div data-elementor-type=\"wp-page\" data-elementor-id=\"11868\" class=\"elementor elementor-11868 elementor-8667\">\n\t\t\t\t        <section class=\"elementor-section elementor-top-section elementor-element elementor-element-7c0dbe7 elementor-section-boxed elementor-section-height-default elementor-section-height-default pxl-type-header-none pxl-row-scroll-none pxl-bg-color-none pxl-section-overlay-none\" data-id=\"7c0dbe7\" data-element_type=\"section\" data-settings=\"{&quot;background_background&quot;:&quot;classic&quot;}\">\n\n                \n                <div class=\"elementor-container elementor-column-gap-default \">\n                <div class=\"elementor-column elementor-col-50 elementor-top-column elementor-element elementor-element-c1a1af1 pxl-col-none pxl-column-none\" data-id=\"c1a1af1\" data-element_type=\"column\">\r\n        <div class=\"elementor-widget-wrap elementor-element-populated\">\r\n                     \r\n        \t\t<div class=\"elementor-element elementor-element-fb2f3eb elementor-widget elementor-widget-spacer\" data-id=\"fb2f3eb\" data-element_type=\"widget\" data-widget_type=\"spacer.default\">\n\t\t\t\t<div class=\"elementor-widget-container\">\n\t\t\t\t\t<div class=\"elementor-spacer\">\n\t\t\t<div class=\"elementor-spacer-inner\"><\/div>\n\t\t<\/div>\n\t\t\t\t<\/div>\n\t\t\t\t<\/div>\n\t\t\t\t<div class=\"elementor-element elementor-element-3b6dea0 pxl-gradient elementor-widget elementor-widget-pxl_image\" data-id=\"3b6dea0\" data-element_type=\"widget\" data-widget_type=\"pxl_image.default\">\n\t\t\t\t<div class=\"elementor-widget-container\">\n\t\t\t<div id=\"pxl_image-3b6dea0-5410\" class=\"pxl-image-single  shape-gradient-left \" data-wow-delay=\"ms\" >\r\n    \r\n                        <div class=\"pxl-item--inner\">\r\n                                            <img fetchpriority=\"high\" decoding=\"async\" width=\"364\" height=\"370\" src=\"https:\/\/www.mesastrigoadvocats.com\/wp-content\/uploads\/2025\/02\/2.png\" class=\"no-lazyload attachment-full\" alt=\"Jaime Mesas\" \/>                                    <\/div>\r\n                \r\n    <\/div>\t\t<\/div>\n\t\t\t\t<\/div>\n\t\t\t\t<div class=\"elementor-element elementor-element-8c6c947 elementor-widget elementor-widget-spacer\" data-id=\"8c6c947\" data-element_type=\"widget\" data-widget_type=\"spacer.default\">\n\t\t\t\t<div class=\"elementor-widget-container\">\n\t\t\t\t\t<div class=\"elementor-spacer\">\n\t\t\t<div class=\"elementor-spacer-inner\"><\/div>\n\t\t<\/div>\n\t\t\t\t<\/div>\n\t\t\t\t<\/div>\n\t\t            <\/div>\r\n        <\/div>\r\n                <div class=\"elementor-column elementor-col-50 elementor-top-column elementor-element elementor-element-1a5d153 pxl-col-none pxl-column-none\" data-id=\"1a5d153\" data-element_type=\"column\">\r\n        <div class=\"elementor-widget-wrap elementor-element-populated\">\r\n                     \r\n        \t\t<div class=\"elementor-element elementor-element-aaa459d elementor-widget elementor-widget-spacer\" data-id=\"aaa459d\" data-element_type=\"widget\" data-widget_type=\"spacer.default\">\n\t\t\t\t<div class=\"elementor-widget-container\">\n\t\t\t\t\t<div class=\"elementor-spacer\">\n\t\t\t<div class=\"elementor-spacer-inner\"><\/div>\n\t\t<\/div>\n\t\t\t\t<\/div>\n\t\t\t\t<\/div>\n\t\t\t\t<div class=\"elementor-element elementor-element-d8a251e elementor-widget elementor-widget-team_single\" data-id=\"d8a251e\" data-element_type=\"widget\" data-widget_type=\"team_single.default\">\n\t\t\t\t<div class=\"elementor-widget-container\">\n\t\t\t<div class=\"pxl-team-single pxl-team-single1 \" data-wow-delay=\"ms\">\r\n    <div class=\"pxl-item--inner\">\r\n                <div class=\"pxl-item--holder\">\r\n            <h4 class=\"pxl-item--title el-empty\">Jaime Mesas Tapia<\/h4>\r\n            <div class=\"pxl-item--position el-empty\"><\/div>\r\n            <div class=\"pxl-item--description el-empty\">Associ\u00e9 fondateur<\/div>\r\n        <\/div>\r\n    <\/div>\r\n<\/div>\t\t<\/div>\n\t\t\t\t<\/div>\n\t\t\t\t<div class=\"elementor-element elementor-element-d52f6d6 elementor-widget elementor-widget-spacer\" data-id=\"d52f6d6\" data-element_type=\"widget\" data-widget_type=\"spacer.default\">\n\t\t\t\t<div class=\"elementor-widget-container\">\n\t\t\t\t\t<div class=\"elementor-spacer\">\n\t\t\t<div class=\"elementor-spacer-inner\"><\/div>\n\t\t<\/div>\n\t\t\t\t<\/div>\n\t\t\t\t<\/div>\n\t\t        <section class=\"elementor-section elementor-inner-section elementor-element elementor-element-cf085b6 elementor-section-boxed elementor-section-height-default elementor-section-height-default pxl-type-header-none pxl-row-scroll-none pxl-bg-color-none pxl-section-overlay-none\" data-id=\"cf085b6\" data-element_type=\"section\">\n\n                \n                <div class=\"elementor-container elementor-column-gap-default \">\n                <div class=\"elementor-column elementor-col-50 elementor-inner-column elementor-element elementor-element-e5c0137 pxl-col-none pxl-column-none\" data-id=\"e5c0137\" data-element_type=\"column\">\r\n        <div class=\"elementor-widget-wrap elementor-element-populated\">\r\n                     \r\n        \t\t<div class=\"elementor-element elementor-element-c3d5378 elementor-shape-square e-grid-align-left elementor-widget__width-initial elementor-grid-0 elementor-widget elementor-widget-social-icons\" data-id=\"c3d5378\" data-element_type=\"widget\" data-widget_type=\"social-icons.default\">\n\t\t\t\t<div class=\"elementor-widget-container\">\n\t\t\t\t\t<div class=\"elementor-social-icons-wrapper elementor-grid\">\n\t\t\t\t\t\t\t<span class=\"elementor-grid-item\">\n\t\t\t\t\t<a class=\"elementor-icon elementor-social-icon elementor-social-icon-linkedin elementor-repeater-item-b2ecd59\" href=\"https:\/\/www.linkedin.com\/in\/jaime-mesas-875a1142\/\" target=\"_blank\">\n\t\t\t\t\t\t<span class=\"elementor-screen-only\">Linkedin<\/span>\n\t\t\t\t\t\t<i class=\"fab fa-linkedin\"><\/i>\t\t\t\t\t<\/a>\n\t\t\t\t<\/span>\n\t\t\t\t\t<\/div>\n\t\t\t\t<\/div>\n\t\t\t\t<\/div>\n\t\t            <\/div>\r\n        <\/div>\r\n                <div class=\"elementor-column elementor-col-50 elementor-inner-column elementor-element elementor-element-ed393f9 pxl-col-none pxl-column-none\" data-id=\"ed393f9\" data-element_type=\"column\">\r\n        <div class=\"elementor-widget-wrap\">\r\n                     \r\n                    <\/div>\r\n        <\/div>\r\n        \t\t\t<\/div>\n\t\t<\/section>\n\t\t            <\/div>\r\n        <\/div>\r\n        \t\t\t<\/div>\n\t\t<\/section>\n\t\t        <section class=\"elementor-section elementor-top-section elementor-element elementor-element-523c4ac elementor-section-boxed elementor-section-height-default elementor-section-height-default pxl-type-header-none pxl-row-scroll-none pxl-bg-color-none pxl-section-overlay-none\" data-id=\"523c4ac\" data-element_type=\"section\">\n\n                \n                <div class=\"elementor-container elementor-column-gap-default \">\n                <div class=\"elementor-column elementor-col-100 elementor-top-column elementor-element elementor-element-793a4b8 pxl-col-none pxl-column-none\" data-id=\"793a4b8\" data-element_type=\"column\">\r\n        <div class=\"elementor-widget-wrap elementor-element-populated\">\r\n                     \r\n        \t\t<div class=\"elementor-element elementor-element-ecd7ae1 elementor-widget elementor-widget-spacer\" data-id=\"ecd7ae1\" data-element_type=\"widget\" data-widget_type=\"spacer.default\">\n\t\t\t\t<div class=\"elementor-widget-container\">\n\t\t\t\t\t<div class=\"elementor-spacer\">\n\t\t\t<div class=\"elementor-spacer-inner\"><\/div>\n\t\t<\/div>\n\t\t\t\t<\/div>\n\t\t\t\t<\/div>\n\t\t            <\/div>\r\n        <\/div>\r\n        \t\t\t<\/div>\n\t\t<\/section>\n\t\t        <section class=\"elementor-section elementor-top-section elementor-element elementor-element-74ebd51 elementor-section-boxed elementor-section-height-default elementor-section-height-default pxl-type-header-none pxl-row-scroll-none pxl-bg-color-none pxl-section-overlay-none\" data-id=\"74ebd51\" data-element_type=\"section\">\n\n                \n                <div class=\"elementor-container elementor-column-gap-default \">\n                <div class=\"elementor-column elementor-col-100 elementor-top-column elementor-element elementor-element-5249d69 pxl-col-none pxl-column-none\" data-id=\"5249d69\" data-element_type=\"column\">\r\n        <div class=\"elementor-widget-wrap elementor-element-populated\">\r\n                     \r\n        \t\t<div class=\"elementor-element elementor-element-1869ef1 elementor-widget elementor-widget-heading\" data-id=\"1869ef1\" data-element_type=\"widget\" data-widget_type=\"heading.default\">\n\t\t\t\t<div class=\"elementor-widget-container\">\n\t\t\t<div id=\"pxl-heading-1869ef1-5351\" class=\"pxl-heading typewriter-color\">\n\t<div class=\"pxl-heading--inner\">\n\t\t\n\t\t\t\t\t<h3 class=\"pxl-item--title  highlight-default \" data-wow-delay=\"ms\">\n\t\t\t\tDescription et exp\u00e9rience\t\t\n\t\t\t<\/h3>\n\t\t\n\t\t\t<\/div>\n<\/div>\t\t<\/div>\n\t\t\t\t<\/div>\n\t\t\t\t<div class=\"elementor-element elementor-element-370e948 elementor-widget elementor-widget-spacer\" data-id=\"370e948\" data-element_type=\"widget\" data-widget_type=\"spacer.default\">\n\t\t\t\t<div class=\"elementor-widget-container\">\n\t\t\t\t\t<div class=\"elementor-spacer\">\n\t\t\t<div class=\"elementor-spacer-inner\"><\/div>\n\t\t<\/div>\n\t\t\t\t<\/div>\n\t\t\t\t<\/div>\n\t\t\t\t<div class=\"elementor-element elementor-element-8c6066a elementor-widget elementor-widget-text-editor\" data-id=\"8c6066a\" data-element_type=\"widget\" data-widget_type=\"text-editor.default\">\n\t\t\t\t<div class=\"elementor-widget-container\">\n\t\t\t\t\t\t\t<p>Jaime est associ\u00e9 de Mesas\u00a0Trigo, un cabinet d\u2019avocats qu\u2019il a cofond\u00e9 en 2014 et dont il dirige le groupe fiscal. Son exp\u00e9rience professionnelle a d\u00e9but\u00e9 en 2013, en Espagne, et avant de fonder Mesas\u00a0Trigo, il a forg\u00e9 sa carri\u00e8re dans l\u2019une des grandes soci\u00e9t\u00e9s internationales d\u2019audit, de services juridiques et fiscaux.<\/p><p>Il est sp\u00e9cialis\u00e9 dans la fiscalit\u00e9 internationale pour les familles fortun\u00e9es, les <em>family offices<\/em> et les entreprises, et concentre sa pratique sur les op\u00e9rations de restructuration du patrimoine, le droit fiscal des entreprises, les fusions, les acquisitions et les regroupements d\u2019entreprises, et la fiscalit\u00e9 des structures d\u2019investissement \u00e9trang\u00e8res. Il poss\u00e8de \u00e9galement une grande exp\u00e9rience en mati\u00e8re de planification successorale transfrontali\u00e8re, combinant \u00e0 la fois des juridictions de droit civil et de <em>common law<\/em>.<\/p><p>Jaime conseille r\u00e9guli\u00e8rement des entreprises internationales, des groupes d\u2019entreprises et des institutions financi\u00e8res en mati\u00e8re de strat\u00e9gies g\u00e9n\u00e9rales de planification fiscale, ainsi que dans des domaines cl\u00e9s tels que l\u2019imp\u00f4t sur les soci\u00e9t\u00e9s, la fiscalit\u00e9 indirecte et les proc\u00e9dures fiscales. Son approche globale lui permet de fournir des conseils fiscaux dans des contextes vari\u00e9s, allant de la gestion fiscale des entreprises \u00e0 la r\u00e9solution de litiges fiscaux complexes.<\/p>\t\t\t\t\t\t<\/div>\n\t\t\t\t<\/div>\n\t\t\t\t<div class=\"elementor-element elementor-element-4347a06 elementor-widget elementor-widget-spacer\" data-id=\"4347a06\" data-element_type=\"widget\" data-widget_type=\"spacer.default\">\n\t\t\t\t<div class=\"elementor-widget-container\">\n\t\t\t\t\t<div class=\"elementor-spacer\">\n\t\t\t<div class=\"elementor-spacer-inner\"><\/div>\n\t\t<\/div>\n\t\t\t\t<\/div>\n\t\t\t\t<\/div>\n\t\t            <\/div>\r\n        <\/div>\r\n        \t\t\t<\/div>\n\t\t<\/section>\n\t\t        <section class=\"elementor-section elementor-top-section elementor-element elementor-element-8aca744 elementor-section-boxed elementor-section-height-default elementor-section-height-default pxl-type-header-none pxl-row-scroll-none pxl-bg-color-none pxl-section-overlay-none\" data-id=\"8aca744\" data-element_type=\"section\">\n\n                \n                <div class=\"elementor-container elementor-column-gap-default \">\n                <div class=\"elementor-column elementor-col-100 elementor-top-column elementor-element elementor-element-dd66eb9 pxl-col-none pxl-column-none\" data-id=\"dd66eb9\" data-element_type=\"column\">\r\n        <div class=\"elementor-widget-wrap elementor-element-populated\">\r\n                     \r\n        \t\t<div class=\"elementor-element elementor-element-9c59830 elementor-widget elementor-widget-accordion\" data-id=\"9c59830\" data-element_type=\"widget\" data-widget_type=\"accordion.default\">\n\t\t\t\t<div class=\"elementor-widget-container\">\n\t\t\t    <div class=\"pxl-accordion pxl-accordion1 style8 \" data-wow-delay=\"ms\">\r\n                    <div class=\"pxl--item \">\r\n                <h3 class=\"pxl-item--title\" data-target=\"#accordion-9c59830-9677-4d973cf\">\r\n                                        <span class=\"pxl-title--text\">Formation<\/span>\r\n                    <i class=\"pxl-icon--plus\"><\/i>\r\n                <\/h3>\r\n                <div id=\"accordion-9c59830-9677-4d973cf\" class=\"pxl-item--content\" >Sp\u00e9cialisation en gestion et inspection fiscale, Universit\u00e9 ESADE, Espagne (2014)<br \/>\n<br \/>\nMaster en conseil et gestion fiscale (AGT), Universit\u00e9 ESADE, Espagne (2013)<br \/>\n<br \/>\nMaster en acc\u00e8s \u00e0 la profession juridique, Universit\u00e9 ESADE, Espagne (2013)<br \/>\n<br \/>\nLicence en droit, Universit\u00e9 ESADE, Espagne (2012)<\/div>\r\n            <\/div>\r\n                    <div class=\"pxl--item \">\r\n                <h3 class=\"pxl-item--title\" data-target=\"#accordion-9c59830-9677-9c871a4\">\r\n                                        <span class=\"pxl-title--text\">Domaines d\u2019activit\u00e9<\/span>\r\n                    <i class=\"pxl-icon--plus\"><\/i>\r\n                <\/h3>\r\n                <div id=\"accordion-9c59830-9677-9c871a4\" class=\"pxl-item--content\" >R\u00e9organisation du patrimoine et protection des actifs<br \/>\n<br \/>\nPlanification de la succession transfrontali\u00e8re<br \/>\n<br \/>\nV\u00e9hicules d\u2019investissement et produits d\u2019assurance-vie<\/div>\r\n            <\/div>\r\n                    <div class=\"pxl--item \">\r\n                <h3 class=\"pxl-item--title\" data-target=\"#accordion-9c59830-9677-f11a1c4\">\r\n                                        <span class=\"pxl-title--text\">Associations professionnelles et adh\u00e9sions<\/span>\r\n                    <i class=\"pxl-icon--plus\"><\/i>\r\n                <\/h3>\r\n                <div id=\"accordion-9c59830-9677-f11a1c4\" class=\"pxl-item--content\" >Membre de l\u2019Association des conseillers fiscaux d\u2019Andorre<br \/>\n<br \/>\nMembre n\u00b0 348 de l\u2019Ordre des avocats d\u2019Andorre (NPL : 2795)<\/div>\r\n            <\/div>\r\n                    <div class=\"pxl--item \">\r\n                <h3 class=\"pxl-item--title\" data-target=\"#accordion-9c59830-9677-5f50866\">\r\n                                        <span class=\"pxl-title--text\">Langues<\/span>\r\n                    <i class=\"pxl-icon--plus\"><\/i>\r\n                <\/h3>\r\n                <div id=\"accordion-9c59830-9677-5f50866\" class=\"pxl-item--content\" >Espagnol<br \/>\n<br \/>\nCatalan<br \/>\n<br \/>\nAnglais<br \/>\n<br \/>\nFran\u00e7ais<\/div>\r\n            <\/div>\r\n            <\/div>\r\n\t\t<\/div>\n\t\t\t\t<\/div>\n\t\t            <\/div>\r\n        <\/div>\r\n        \t\t\t<\/div>\n\t\t<\/section>\n\t\t\t\t<\/div>\n\t\t","protected":false},"excerpt":{"rendered":"<p>Jaime Mesas Tapia Associ\u00e9 fondateur Linkedin Description et exp\u00e9rience Jaime est associ\u00e9 de Mesas\u00a0Trigo, un cabinet d\u2019avocats qu\u2019il a cofond\u00e9 en 2014 et dont il dirige le groupe fiscal. Son exp\u00e9rience professionnelle a d\u00e9but\u00e9 en 2013, en Espagne, et avant de fonder Mesas\u00a0Trigo, il a forg\u00e9 sa carri\u00e8re dans l\u2019une des grandes soci\u00e9t\u00e9s internationales d\u2019audit, [&hellip;]<\/p>\n","protected":false},"author":3,"featured_media":0,"parent":0,"menu_order":0,"comment_status":"closed","ping_status":"closed","template":"","meta":{"footnotes":""},"class_list":["post-11868","page","type-page","status-publish","hentry"],"yoast_head":"<!-- This site is optimized with the Yoast SEO Premium plugin v25.3 (Yoast SEO v25.3) - https:\/\/yoast.com\/wordpress\/plugins\/seo\/ -->\n<title>Jaime Mesas Tapia - Mesas Trigo abogados<\/title>\n<meta name=\"description\" content=\"Jaime Mesas es socio fundador, especializado en fiscalidad, planificaci\u00f3n sucesoria y asesor\u00eda fiscal a grandes patrimonios y empresas\" \/>\n<meta name=\"robots\" content=\"index, follow, max-snippet:-1, max-image-preview:large, max-video-preview:-1\" \/>\n<link rel=\"canonical\" href=\"https:\/\/www.mesastrigoadvocats.com\/fr\/jaime-mesas-tapia\/\" \/>\n<meta property=\"og:locale\" content=\"fr_FR\" \/>\n<meta property=\"og:type\" content=\"article\" \/>\n<meta property=\"og:title\" content=\"Jaime Mesas Tapia\" \/>\n<meta property=\"og:description\" content=\"Jaime Mesas es socio fundador, especializado en fiscalidad, planificaci\u00f3n sucesoria y asesor\u00eda fiscal a grandes patrimonios y empresas\" \/>\n<meta property=\"og:url\" content=\"https:\/\/www.mesastrigoadvocats.com\/fr\/jaime-mesas-tapia\/\" \/>\n<meta property=\"og:site_name\" content=\"Mesas Trigo advocats\" \/>\n<meta property=\"article:modified_time\" content=\"2025-07-07T08:39:45+00:00\" \/>\n<meta property=\"og:image\" content=\"https:\/\/www.mesastrigoadvocats.com\/wp-content\/uploads\/2025\/02\/2.png\" \/>\n<meta name=\"twitter:card\" content=\"summary_large_image\" \/>\n<meta name=\"twitter:label1\" content=\"Dur\u00e9e de lecture estim\u00e9e\" \/>\n\t<meta name=\"twitter:data1\" content=\"2 minutes\" \/>\n<script type=\"application\/ld+json\" class=\"yoast-schema-graph\">{\"@context\":\"https:\/\/schema.org\",\"@graph\":[{\"@type\":\"WebPage\",\"@id\":\"https:\/\/www.mesastrigoadvocats.com\/fr\/jaime-mesas-tapia\/\",\"url\":\"https:\/\/www.mesastrigoadvocats.com\/fr\/jaime-mesas-tapia\/\",\"name\":\"Jaime Mesas Tapia - Mesas Trigo abogados\",\"isPartOf\":{\"@id\":\"https:\/\/www.mesastrigoadvocats.com\/#website\"},\"primaryImageOfPage\":{\"@id\":\"https:\/\/www.mesastrigoadvocats.com\/fr\/jaime-mesas-tapia\/#primaryimage\"},\"image\":{\"@id\":\"https:\/\/www.mesastrigoadvocats.com\/fr\/jaime-mesas-tapia\/#primaryimage\"},\"thumbnailUrl\":\"https:\/\/www.mesastrigoadvocats.com\/wp-content\/uploads\/2025\/02\/2.png\",\"datePublished\":\"2024-11-28T17:02:01+00:00\",\"dateModified\":\"2025-07-07T08:39:45+00:00\",\"description\":\"Jaime Mesas es socio fundador, especializado en fiscalidad, planificaci\u00f3n sucesoria y asesor\u00eda fiscal a grandes patrimonios y empresas\",\"breadcrumb\":{\"@id\":\"https:\/\/www.mesastrigoadvocats.com\/fr\/jaime-mesas-tapia\/#breadcrumb\"},\"inLanguage\":\"fr-FR\",\"potentialAction\":[{\"@type\":\"ReadAction\",\"target\":[\"https:\/\/www.mesastrigoadvocats.com\/fr\/jaime-mesas-tapia\/\"]}]},{\"@type\":\"ImageObject\",\"inLanguage\":\"fr-FR\",\"@id\":\"https:\/\/www.mesastrigoadvocats.com\/fr\/jaime-mesas-tapia\/#primaryimage\",\"url\":\"https:\/\/www.mesastrigoadvocats.com\/wp-content\/uploads\/2025\/02\/2.png\",\"contentUrl\":\"https:\/\/www.mesastrigoadvocats.com\/wp-content\/uploads\/2025\/02\/2.png\"},{\"@type\":\"BreadcrumbList\",\"@id\":\"https:\/\/www.mesastrigoadvocats.com\/fr\/jaime-mesas-tapia\/#breadcrumb\",\"itemListElement\":[{\"@type\":\"ListItem\",\"position\":1,\"name\":\"Portada\",\"item\":\"https:\/\/www.mesastrigoadvocats.com\/\"},{\"@type\":\"ListItem\",\"position\":2,\"name\":\"Jaime Mesas Tapia\"}]},{\"@type\":\"WebSite\",\"@id\":\"https:\/\/www.mesastrigoadvocats.com\/#website\",\"url\":\"https:\/\/www.mesastrigoadvocats.com\/\",\"name\":\"Mesas Trigo\",\"description\":\"Mesas Trigo advocats\",\"publisher\":{\"@id\":\"https:\/\/www.mesastrigoadvocats.com\/#organization\"},\"potentialAction\":[{\"@type\":\"SearchAction\",\"target\":{\"@type\":\"EntryPoint\",\"urlTemplate\":\"https:\/\/www.mesastrigoadvocats.com\/?s={search_term_string}\"},\"query-input\":{\"@type\":\"PropertyValueSpecification\",\"valueRequired\":true,\"valueName\":\"search_term_string\"}}],\"inLanguage\":\"fr-FR\"},{\"@type\":\"Organization\",\"@id\":\"https:\/\/www.mesastrigoadvocats.com\/#organization\",\"name\":\"Mesas Trigo\",\"url\":\"https:\/\/www.mesastrigoadvocats.com\/\",\"logo\":{\"@type\":\"ImageObject\",\"inLanguage\":\"fr-FR\",\"@id\":\"https:\/\/www.mesastrigoadvocats.com\/#\/schema\/logo\/image\/\",\"url\":\"https:\/\/www.mesastrigoadvocats.com\/wp-content\/uploads\/2024\/11\/cropped-favicon-mesas-trigo.png\",\"contentUrl\":\"https:\/\/www.mesastrigoadvocats.com\/wp-content\/uploads\/2024\/11\/cropped-favicon-mesas-trigo.png\",\"width\":512,\"height\":245,\"caption\":\"Mesas Trigo\"},\"image\":{\"@id\":\"https:\/\/www.mesastrigoadvocats.com\/#\/schema\/logo\/image\/\"}}]}<\/script>\n<!-- \/ Yoast SEO Premium plugin. -->","yoast_head_json":{"title":"Jaime Mesas Tapia - Mesas Trigo abogados","description":"Jaime Mesas es socio fundador, especializado en fiscalidad, planificaci\u00f3n sucesoria y asesor\u00eda fiscal a grandes patrimonios y empresas","robots":{"index":"index","follow":"follow","max-snippet":"max-snippet:-1","max-image-preview":"max-image-preview:large","max-video-preview":"max-video-preview:-1"},"canonical":"https:\/\/www.mesastrigoadvocats.com\/fr\/jaime-mesas-tapia\/","og_locale":"fr_FR","og_type":"article","og_title":"Jaime Mesas Tapia","og_description":"Jaime Mesas es socio fundador, especializado en fiscalidad, planificaci\u00f3n sucesoria y asesor\u00eda fiscal a grandes patrimonios y empresas","og_url":"https:\/\/www.mesastrigoadvocats.com\/fr\/jaime-mesas-tapia\/","og_site_name":"Mesas Trigo advocats","article_modified_time":"2025-07-07T08:39:45+00:00","og_image":[{"url":"https:\/\/www.mesastrigoadvocats.com\/wp-content\/uploads\/2025\/02\/2.png","type":"","width":"","height":""}],"twitter_card":"summary_large_image","twitter_misc":{"Dur\u00e9e de lecture estim\u00e9e":"2 minutes"},"schema":{"@context":"https:\/\/schema.org","@graph":[{"@type":"WebPage","@id":"https:\/\/www.mesastrigoadvocats.com\/fr\/jaime-mesas-tapia\/","url":"https:\/\/www.mesastrigoadvocats.com\/fr\/jaime-mesas-tapia\/","name":"Jaime Mesas Tapia - Mesas Trigo abogados","isPartOf":{"@id":"https:\/\/www.mesastrigoadvocats.com\/#website"},"primaryImageOfPage":{"@id":"https:\/\/www.mesastrigoadvocats.com\/fr\/jaime-mesas-tapia\/#primaryimage"},"image":{"@id":"https:\/\/www.mesastrigoadvocats.com\/fr\/jaime-mesas-tapia\/#primaryimage"},"thumbnailUrl":"https:\/\/www.mesastrigoadvocats.com\/wp-content\/uploads\/2025\/02\/2.png","datePublished":"2024-11-28T17:02:01+00:00","dateModified":"2025-07-07T08:39:45+00:00","description":"Jaime Mesas es socio fundador, especializado en fiscalidad, planificaci\u00f3n sucesoria y asesor\u00eda fiscal a grandes patrimonios y empresas","breadcrumb":{"@id":"https:\/\/www.mesastrigoadvocats.com\/fr\/jaime-mesas-tapia\/#breadcrumb"},"inLanguage":"fr-FR","potentialAction":[{"@type":"ReadAction","target":["https:\/\/www.mesastrigoadvocats.com\/fr\/jaime-mesas-tapia\/"]}]},{"@type":"ImageObject","inLanguage":"fr-FR","@id":"https:\/\/www.mesastrigoadvocats.com\/fr\/jaime-mesas-tapia\/#primaryimage","url":"https:\/\/www.mesastrigoadvocats.com\/wp-content\/uploads\/2025\/02\/2.png","contentUrl":"https:\/\/www.mesastrigoadvocats.com\/wp-content\/uploads\/2025\/02\/2.png"},{"@type":"BreadcrumbList","@id":"https:\/\/www.mesastrigoadvocats.com\/fr\/jaime-mesas-tapia\/#breadcrumb","itemListElement":[{"@type":"ListItem","position":1,"name":"Portada","item":"https:\/\/www.mesastrigoadvocats.com\/"},{"@type":"ListItem","position":2,"name":"Jaime Mesas Tapia"}]},{"@type":"WebSite","@id":"https:\/\/www.mesastrigoadvocats.com\/#website","url":"https:\/\/www.mesastrigoadvocats.com\/","name":"Mesas Trigo","description":"Mesas Trigo advocats","publisher":{"@id":"https:\/\/www.mesastrigoadvocats.com\/#organization"},"potentialAction":[{"@type":"SearchAction","target":{"@type":"EntryPoint","urlTemplate":"https:\/\/www.mesastrigoadvocats.com\/?s={search_term_string}"},"query-input":{"@type":"PropertyValueSpecification","valueRequired":true,"valueName":"search_term_string"}}],"inLanguage":"fr-FR"},{"@type":"Organization","@id":"https:\/\/www.mesastrigoadvocats.com\/#organization","name":"Mesas Trigo","url":"https:\/\/www.mesastrigoadvocats.com\/","logo":{"@type":"ImageObject","inLanguage":"fr-FR","@id":"https:\/\/www.mesastrigoadvocats.com\/#\/schema\/logo\/image\/","url":"https:\/\/www.mesastrigoadvocats.com\/wp-content\/uploads\/2024\/11\/cropped-favicon-mesas-trigo.png","contentUrl":"https:\/\/www.mesastrigoadvocats.com\/wp-content\/uploads\/2024\/11\/cropped-favicon-mesas-trigo.png","width":512,"height":245,"caption":"Mesas Trigo"},"image":{"@id":"https:\/\/www.mesastrigoadvocats.com\/#\/schema\/logo\/image\/"}}]}},"_links":{"self":[{"href":"https:\/\/www.mesastrigoadvocats.com\/fr\/wp-json\/wp\/v2\/pages\/11868","targetHints":{"allow":["GET"]}}],"collection":[{"href":"https:\/\/www.mesastrigoadvocats.com\/fr\/wp-json\/wp\/v2\/pages"}],"about":[{"href":"https:\/\/www.mesastrigoadvocats.com\/fr\/wp-json\/wp\/v2\/types\/page"}],"author":[{"embeddable":true,"href":"https:\/\/www.mesastrigoadvocats.com\/fr\/wp-json\/wp\/v2\/users\/3"}],"replies":[{"embeddable":true,"href":"https:\/\/www.mesastrigoadvocats.com\/fr\/wp-json\/wp\/v2\/comments?post=11868"}],"version-history":[{"count":6,"href":"https:\/\/www.mesastrigoadvocats.com\/fr\/wp-json\/wp\/v2\/pages\/11868\/revisions"}],"predecessor-version":[{"id":12715,"href":"https:\/\/www.mesastrigoadvocats.com\/fr\/wp-json\/wp\/v2\/pages\/11868\/revisions\/12715"}],"wp:attachment":[{"href":"https:\/\/www.mesastrigoadvocats.com\/fr\/wp-json\/wp\/v2\/media?parent=11868"}],"curies":[{"name":"wp","href":"https:\/\/api.w.org\/{rel}","templated":true}]}}