{"id":11872,"date":"2024-11-29T11:24:16","date_gmt":"2024-11-29T11:24:16","guid":{"rendered":"http:\/\/www.mesastrigo-advocats.com\/laura-camprubi-vazquez\/"},"modified":"2025-07-07T08:40:04","modified_gmt":"2025-07-07T08:40:04","slug":"laura-camprubi-vazquez","status":"publish","type":"page","link":"https:\/\/www.mesastrigoadvocats.com\/fr\/laura-camprubi-vazquez\/","title":{"rendered":"Laura Camprub\u00ed V\u00e1zquez"},"content":{"rendered":"\t\t<div data-elementor-type=\"wp-page\" data-elementor-id=\"11872\" class=\"elementor elementor-11872 elementor-8723\">\n\t\t\t\t        <section class=\"elementor-section elementor-top-section elementor-element elementor-element-e85b6d4 elementor-section-boxed elementor-section-height-default elementor-section-height-default pxl-type-header-none pxl-row-scroll-none pxl-bg-color-none pxl-section-overlay-none\" data-id=\"e85b6d4\" data-element_type=\"section\" data-settings=\"{&quot;background_background&quot;:&quot;classic&quot;}\">\n\n                \n                <div class=\"elementor-container elementor-column-gap-default \">\n                <div class=\"elementor-column elementor-col-50 elementor-top-column elementor-element elementor-element-1fc43b6 pxl-col-none pxl-column-none\" data-id=\"1fc43b6\" data-element_type=\"column\">\r\n        <div class=\"elementor-widget-wrap elementor-element-populated\">\r\n                     \r\n        \t\t<div class=\"elementor-element elementor-element-494b598 elementor-widget elementor-widget-spacer\" data-id=\"494b598\" data-element_type=\"widget\" data-widget_type=\"spacer.default\">\n\t\t\t\t<div class=\"elementor-widget-container\">\n\t\t\t\t\t<div class=\"elementor-spacer\">\n\t\t\t<div class=\"elementor-spacer-inner\"><\/div>\n\t\t<\/div>\n\t\t\t\t<\/div>\n\t\t\t\t<\/div>\n\t\t\t\t<div class=\"elementor-element elementor-element-499d25d elementor-widget elementor-widget-pxl_image\" data-id=\"499d25d\" data-element_type=\"widget\" data-widget_type=\"pxl_image.default\">\n\t\t\t\t<div class=\"elementor-widget-container\">\n\t\t\t<div id=\"pxl_image-499d25d-8956\" class=\"pxl-image-single  shape-gradient-left \" data-wow-delay=\"ms\" >\r\n    \r\n                        <div class=\"pxl-item--inner\">\r\n                                            <img fetchpriority=\"high\" decoding=\"async\" width=\"364\" height=\"370\" src=\"https:\/\/www.mesastrigoadvocats.com\/wp-content\/uploads\/2025\/02\/Mesas-Trigo-finales-264-x-311-px-3645-x-370-px-364-x-370-px-1.png\" class=\"no-lazyload attachment-full\" alt=\"Laura Camprub\u00ed\" \/>                                    <\/div>\r\n                \r\n    <\/div>\t\t<\/div>\n\t\t\t\t<\/div>\n\t\t\t\t<div class=\"elementor-element elementor-element-8b9ab4e elementor-widget elementor-widget-spacer\" data-id=\"8b9ab4e\" data-element_type=\"widget\" data-widget_type=\"spacer.default\">\n\t\t\t\t<div class=\"elementor-widget-container\">\n\t\t\t\t\t<div class=\"elementor-spacer\">\n\t\t\t<div class=\"elementor-spacer-inner\"><\/div>\n\t\t<\/div>\n\t\t\t\t<\/div>\n\t\t\t\t<\/div>\n\t\t            <\/div>\r\n        <\/div>\r\n                <div class=\"elementor-column elementor-col-50 elementor-top-column elementor-element elementor-element-38e231f pxl-col-none pxl-column-none\" data-id=\"38e231f\" data-element_type=\"column\">\r\n        <div class=\"elementor-widget-wrap elementor-element-populated\">\r\n                     \r\n        \t\t<div class=\"elementor-element elementor-element-af0e16f elementor-widget elementor-widget-spacer\" data-id=\"af0e16f\" data-element_type=\"widget\" data-widget_type=\"spacer.default\">\n\t\t\t\t<div class=\"elementor-widget-container\">\n\t\t\t\t\t<div class=\"elementor-spacer\">\n\t\t\t<div class=\"elementor-spacer-inner\"><\/div>\n\t\t<\/div>\n\t\t\t\t<\/div>\n\t\t\t\t<\/div>\n\t\t\t\t<div class=\"elementor-element elementor-element-2670296 elementor-widget elementor-widget-team_single\" data-id=\"2670296\" data-element_type=\"widget\" data-widget_type=\"team_single.default\">\n\t\t\t\t<div class=\"elementor-widget-container\">\n\t\t\t<div class=\"pxl-team-single pxl-team-single1 \" data-wow-delay=\"ms\">\r\n    <div class=\"pxl-item--inner\">\r\n                <div class=\"pxl-item--holder\">\r\n            <h4 class=\"pxl-item--title el-empty\">Laura Camprub\u00ed V\u00e1zquez<\/h4>\r\n            <div class=\"pxl-item--position el-empty\"><\/div>\r\n            <div class=\"pxl-item--description el-empty\">Associ\u00e9e senior<\/div>\r\n        <\/div>\r\n    <\/div>\r\n<\/div>\t\t<\/div>\n\t\t\t\t<\/div>\n\t\t\t\t<div class=\"elementor-element elementor-element-4c754e4 elementor-widget elementor-widget-spacer\" data-id=\"4c754e4\" data-element_type=\"widget\" data-widget_type=\"spacer.default\">\n\t\t\t\t<div class=\"elementor-widget-container\">\n\t\t\t\t\t<div class=\"elementor-spacer\">\n\t\t\t<div class=\"elementor-spacer-inner\"><\/div>\n\t\t<\/div>\n\t\t\t\t<\/div>\n\t\t\t\t<\/div>\n\t\t            <\/div>\r\n        <\/div>\r\n        \t\t\t<\/div>\n\t\t<\/section>\n\t\t        <section class=\"elementor-section elementor-top-section elementor-element elementor-element-b3c1c54 elementor-section-boxed elementor-section-height-default elementor-section-height-default pxl-type-header-none pxl-row-scroll-none pxl-bg-color-none pxl-section-overlay-none\" data-id=\"b3c1c54\" data-element_type=\"section\">\n\n                \n                <div class=\"elementor-container elementor-column-gap-default \">\n                <div class=\"elementor-column elementor-col-100 elementor-top-column elementor-element elementor-element-02fc597 pxl-col-none pxl-column-none\" data-id=\"02fc597\" data-element_type=\"column\">\r\n        <div class=\"elementor-widget-wrap elementor-element-populated\">\r\n                     \r\n        \t\t<div class=\"elementor-element elementor-element-f0380e8 elementor-widget elementor-widget-spacer\" data-id=\"f0380e8\" data-element_type=\"widget\" data-widget_type=\"spacer.default\">\n\t\t\t\t<div class=\"elementor-widget-container\">\n\t\t\t\t\t<div class=\"elementor-spacer\">\n\t\t\t<div class=\"elementor-spacer-inner\"><\/div>\n\t\t<\/div>\n\t\t\t\t<\/div>\n\t\t\t\t<\/div>\n\t\t            <\/div>\r\n        <\/div>\r\n        \t\t\t<\/div>\n\t\t<\/section>\n\t\t        <section class=\"elementor-section elementor-top-section elementor-element elementor-element-047fca5 elementor-section-boxed elementor-section-height-default elementor-section-height-default pxl-type-header-none pxl-row-scroll-none pxl-bg-color-none pxl-section-overlay-none\" data-id=\"047fca5\" data-element_type=\"section\">\n\n                \n                <div class=\"elementor-container elementor-column-gap-default \">\n                <div class=\"elementor-column elementor-col-100 elementor-top-column elementor-element elementor-element-b47c612 pxl-col-none pxl-column-none\" data-id=\"b47c612\" data-element_type=\"column\">\r\n        <div class=\"elementor-widget-wrap elementor-element-populated\">\r\n                     \r\n        \t\t<div class=\"elementor-element elementor-element-fd415d9 elementor-widget elementor-widget-heading\" data-id=\"fd415d9\" data-element_type=\"widget\" data-widget_type=\"heading.default\">\n\t\t\t\t<div class=\"elementor-widget-container\">\n\t\t\t<div id=\"pxl-heading-fd415d9-2057\" class=\"pxl-heading typewriter-color\">\n\t<div class=\"pxl-heading--inner\">\n\t\t\n\t\t\t\t\t<h3 class=\"pxl-item--title  highlight-default \" data-wow-delay=\"ms\">\n\t\t\t\tDescription et exp\u00e9rience\t\t\n\t\t\t<\/h3>\n\t\t\n\t\t\t<\/div>\n<\/div>\t\t<\/div>\n\t\t\t\t<\/div>\n\t\t\t\t<div class=\"elementor-element elementor-element-6e96e6e elementor-widget elementor-widget-spacer\" data-id=\"6e96e6e\" data-element_type=\"widget\" data-widget_type=\"spacer.default\">\n\t\t\t\t<div class=\"elementor-widget-container\">\n\t\t\t\t\t<div class=\"elementor-spacer\">\n\t\t\t<div class=\"elementor-spacer-inner\"><\/div>\n\t\t<\/div>\n\t\t\t\t<\/div>\n\t\t\t\t<\/div>\n\t\t\t\t<div class=\"elementor-element elementor-element-e65d35b elementor-widget elementor-widget-text-editor\" data-id=\"e65d35b\" data-element_type=\"widget\" data-widget_type=\"text-editor.default\">\n\t\t\t\t<div class=\"elementor-widget-container\">\n\t\t\t\t\t\t\t<p>Laura a consacr\u00e9 plusieurs ann\u00e9es de sa carri\u00e8re professionnelle au syst\u00e8me financier andorran.<\/p><p>Sa pratique professionnelle s\u2019est principalement concentr\u00e9e sur le conseil aux clients priv\u00e9s nationaux et internationaux et elle poss\u00e8de une vaste exp\u00e9rience en mati\u00e8re de fiscalit\u00e9 des entreprises, de fiscalit\u00e9 des non-r\u00e9sidents et de droit comptable.<\/p><p>Elle conseille r\u00e9guli\u00e8rement des entreprises internationales, des groupes d\u2019entreprises et des institutions financi\u00e8res sur les strat\u00e9gies g\u00e9n\u00e9rales de planification fiscale, l\u2019imp\u00f4t sur les soci\u00e9t\u00e9s, la fiscalit\u00e9 indirecte et les proc\u00e9dures fiscales.<\/p><p>Laura assiste l\u2019\u00e9quipe dans tous les domaines de sa pratique, en particulier en conseillant les particuliers et les entreprises sur les d\u00e9clarations fiscales, la fiscalit\u00e9 locale et la fiscalit\u00e9 associ\u00e9e aux produits financiers.<\/p>\t\t\t\t\t\t<\/div>\n\t\t\t\t<\/div>\n\t\t            <\/div>\r\n        <\/div>\r\n        \t\t\t<\/div>\n\t\t<\/section>\n\t\t        <section class=\"elementor-section elementor-top-section elementor-element elementor-element-e50fe73 elementor-section-boxed elementor-section-height-default elementor-section-height-default pxl-type-header-none pxl-row-scroll-none pxl-bg-color-none pxl-section-overlay-none\" data-id=\"e50fe73\" data-element_type=\"section\">\n\n                \n                <div class=\"elementor-container elementor-column-gap-default \">\n                <div class=\"elementor-column elementor-col-100 elementor-top-column elementor-element elementor-element-6a5dc35 pxl-col-none pxl-column-none\" data-id=\"6a5dc35\" data-element_type=\"column\">\r\n        <div class=\"elementor-widget-wrap elementor-element-populated\">\r\n                     \r\n        \t\t<div class=\"elementor-element elementor-element-7d59b4b elementor-widget elementor-widget-accordion\" data-id=\"7d59b4b\" data-element_type=\"widget\" data-widget_type=\"accordion.default\">\n\t\t\t\t<div class=\"elementor-widget-container\">\n\t\t\t    <div class=\"pxl-accordion pxl-accordion1 style8 \" data-wow-delay=\"ms\">\r\n                    <div class=\"pxl--item \">\r\n                <h3 class=\"pxl-item--title\" data-target=\"#accordion-7d59b4b-3460-14951c2\">\r\n                                        <span class=\"pxl-title--text\">Formation<\/span>\r\n                    <i class=\"pxl-icon--plus\"><\/i>\r\n                <\/h3>\r\n                <div id=\"accordion-7d59b4b-3460-14951c2\" class=\"pxl-item--content\" >Conseill\u00e8re ESG, Finances durables, Instituto de Estudios Financieros, IEF, Espagne (2021)<br \/>\n<br \/>\nCertificat des interm\u00e9diaires d\u2019assurance groupe B, Investigaci\u00f3n Cooperativa entre Entidades Aseguradoras y Fondos de Pensiones, ICEA, Espagne (2020)<br \/>\n<br \/>\nEuropean Financial Advisor (EFA), Instituto de Estudios Financieros, IEF, Espagne (2018)<br \/>\n<br \/>\nSp\u00e9cialisation en gestion et inspection fiscale, Universit\u00e9 ESADE, Espagne (2014)<br \/>\n<br \/>\nMaster en conseil et gestion fiscale (AGT), Universit\u00e9 ESADE, Espagne (2013)<br \/>\n<br \/>\nMaster en acc\u00e8s \u00e0 la profession juridique, Universit\u00e9 ESADE, Espagne (2013)<br \/>\n<br \/>\nLicence en droit, Universit\u00e9 ESADE, Espagne (2012)<\/div>\r\n            <\/div>\r\n                    <div class=\"pxl--item \">\r\n                <h3 class=\"pxl-item--title\" data-target=\"#accordion-7d59b4b-3460-bff22da\">\r\n                                        <span class=\"pxl-title--text\">Associations professionnelles et adh\u00e9sions<\/span>\r\n                    <i class=\"pxl-icon--plus\"><\/i>\r\n                <\/h3>\r\n                <div id=\"accordion-7d59b4b-3460-bff22da\" class=\"pxl-item--content\" >Conseill\u00e8re ESG n\u00ba 132, European Financial Planning Association (EFPA)<br \/>\n<br \/>\nEFA n\u00ba 27827, European Financial Planning Association (EFPA)<\/div>\r\n            <\/div>\r\n                    <div class=\"pxl--item \">\r\n                <h3 class=\"pxl-item--title\" data-target=\"#accordion-7d59b4b-3460-c25308d\">\r\n                                        <span class=\"pxl-title--text\">Langues<\/span>\r\n                    <i class=\"pxl-icon--plus\"><\/i>\r\n                <\/h3>\r\n                <div id=\"accordion-7d59b4b-3460-c25308d\" class=\"pxl-item--content\" >Espagnol<br \/>\n<br \/>\nCatalan<br \/>\n<br \/>\nAnglais<br \/>\n<br \/>\nAllemand<\/div>\r\n            <\/div>\r\n            <\/div>\r\n\t\t<\/div>\n\t\t\t\t<\/div>\n\t\t            <\/div>\r\n        <\/div>\r\n        \t\t\t<\/div>\n\t\t<\/section>\n\t\t\t\t<\/div>\n\t\t","protected":false},"excerpt":{"rendered":"<p>Laura Camprub\u00ed V\u00e1zquez Associ\u00e9e senior Description et exp\u00e9rience Laura a consacr\u00e9 plusieurs ann\u00e9es de sa carri\u00e8re professionnelle au syst\u00e8me financier andorran. Sa pratique professionnelle s\u2019est principalement concentr\u00e9e sur le conseil aux clients priv\u00e9s nationaux et internationaux et elle poss\u00e8de une vaste exp\u00e9rience en mati\u00e8re de fiscalit\u00e9 des entreprises, de fiscalit\u00e9 des non-r\u00e9sidents et de droit [&hellip;]<\/p>\n","protected":false},"author":3,"featured_media":0,"parent":0,"menu_order":0,"comment_status":"closed","ping_status":"closed","template":"","meta":{"footnotes":""},"class_list":["post-11872","page","type-page","status-publish","hentry"],"yoast_head":"<!-- This site is optimized with the Yoast SEO Premium plugin v25.3 (Yoast SEO v25.3) - https:\/\/yoast.com\/wordpress\/plugins\/seo\/ -->\n<title>Laura Camprub\u00ed V\u00e1zquez - Mesas Trigo abogados<\/title>\n<meta name=\"description\" content=\"Laura Camprub\u00ed aporta su experiencia en fiscalidad empresarial, asesor\u00eda, planificaci\u00f3n fiscal internacional y compromiso de excelencia\" \/>\n<meta name=\"robots\" content=\"index, follow, max-snippet:-1, max-image-preview:large, max-video-preview:-1\" \/>\n<link rel=\"canonical\" href=\"https:\/\/www.mesastrigoadvocats.com\/fr\/laura-camprubi-vazquez\/\" \/>\n<meta property=\"og:locale\" content=\"fr_FR\" \/>\n<meta property=\"og:type\" content=\"article\" \/>\n<meta property=\"og:title\" content=\"Laura Camprub\u00ed V\u00e1zquez\" \/>\n<meta property=\"og:description\" content=\"Laura Camprub\u00ed aporta su experiencia en fiscalidad empresarial, asesor\u00eda, planificaci\u00f3n fiscal internacional y compromiso de excelencia\" \/>\n<meta property=\"og:url\" content=\"https:\/\/www.mesastrigoadvocats.com\/fr\/laura-camprubi-vazquez\/\" \/>\n<meta property=\"og:site_name\" content=\"Mesas Trigo advocats\" \/>\n<meta property=\"article:modified_time\" content=\"2025-07-07T08:40:04+00:00\" \/>\n<meta property=\"og:image\" content=\"https:\/\/www.mesastrigoadvocats.com\/wp-content\/uploads\/2025\/02\/Mesas-Trigo-finales-264-x-311-px-3645-x-370-px-364-x-370-px-1.png\" \/>\n<meta name=\"twitter:card\" content=\"summary_large_image\" \/>\n<meta name=\"twitter:label1\" content=\"Dur\u00e9e de lecture estim\u00e9e\" \/>\n\t<meta name=\"twitter:data1\" content=\"2 minutes\" \/>\n<script type=\"application\/ld+json\" class=\"yoast-schema-graph\">{\"@context\":\"https:\/\/schema.org\",\"@graph\":[{\"@type\":\"WebPage\",\"@id\":\"https:\/\/www.mesastrigoadvocats.com\/fr\/laura-camprubi-vazquez\/\",\"url\":\"https:\/\/www.mesastrigoadvocats.com\/fr\/laura-camprubi-vazquez\/\",\"name\":\"Laura Camprub\u00ed V\u00e1zquez - Mesas Trigo abogados\",\"isPartOf\":{\"@id\":\"https:\/\/www.mesastrigoadvocats.com\/#website\"},\"primaryImageOfPage\":{\"@id\":\"https:\/\/www.mesastrigoadvocats.com\/fr\/laura-camprubi-vazquez\/#primaryimage\"},\"image\":{\"@id\":\"https:\/\/www.mesastrigoadvocats.com\/fr\/laura-camprubi-vazquez\/#primaryimage\"},\"thumbnailUrl\":\"https:\/\/www.mesastrigoadvocats.com\/wp-content\/uploads\/2025\/02\/Mesas-Trigo-finales-264-x-311-px-3645-x-370-px-364-x-370-px-1.png\",\"datePublished\":\"2024-11-29T11:24:16+00:00\",\"dateModified\":\"2025-07-07T08:40:04+00:00\",\"description\":\"Laura Camprub\u00ed aporta su experiencia en fiscalidad empresarial, asesor\u00eda, planificaci\u00f3n fiscal internacional y compromiso de excelencia\",\"breadcrumb\":{\"@id\":\"https:\/\/www.mesastrigoadvocats.com\/fr\/laura-camprubi-vazquez\/#breadcrumb\"},\"inLanguage\":\"fr-FR\",\"potentialAction\":[{\"@type\":\"ReadAction\",\"target\":[\"https:\/\/www.mesastrigoadvocats.com\/fr\/laura-camprubi-vazquez\/\"]}]},{\"@type\":\"ImageObject\",\"inLanguage\":\"fr-FR\",\"@id\":\"https:\/\/www.mesastrigoadvocats.com\/fr\/laura-camprubi-vazquez\/#primaryimage\",\"url\":\"https:\/\/www.mesastrigoadvocats.com\/wp-content\/uploads\/2025\/02\/Mesas-Trigo-finales-264-x-311-px-3645-x-370-px-364-x-370-px-1.png\",\"contentUrl\":\"https:\/\/www.mesastrigoadvocats.com\/wp-content\/uploads\/2025\/02\/Mesas-Trigo-finales-264-x-311-px-3645-x-370-px-364-x-370-px-1.png\"},{\"@type\":\"BreadcrumbList\",\"@id\":\"https:\/\/www.mesastrigoadvocats.com\/fr\/laura-camprubi-vazquez\/#breadcrumb\",\"itemListElement\":[{\"@type\":\"ListItem\",\"position\":1,\"name\":\"Portada\",\"item\":\"https:\/\/www.mesastrigoadvocats.com\/\"},{\"@type\":\"ListItem\",\"position\":2,\"name\":\"Laura Camprub\u00ed V\u00e1zquez\"}]},{\"@type\":\"WebSite\",\"@id\":\"https:\/\/www.mesastrigoadvocats.com\/#website\",\"url\":\"https:\/\/www.mesastrigoadvocats.com\/\",\"name\":\"Mesas Trigo\",\"description\":\"Mesas Trigo advocats\",\"publisher\":{\"@id\":\"https:\/\/www.mesastrigoadvocats.com\/#organization\"},\"potentialAction\":[{\"@type\":\"SearchAction\",\"target\":{\"@type\":\"EntryPoint\",\"urlTemplate\":\"https:\/\/www.mesastrigoadvocats.com\/?s={search_term_string}\"},\"query-input\":{\"@type\":\"PropertyValueSpecification\",\"valueRequired\":true,\"valueName\":\"search_term_string\"}}],\"inLanguage\":\"fr-FR\"},{\"@type\":\"Organization\",\"@id\":\"https:\/\/www.mesastrigoadvocats.com\/#organization\",\"name\":\"Mesas Trigo\",\"url\":\"https:\/\/www.mesastrigoadvocats.com\/\",\"logo\":{\"@type\":\"ImageObject\",\"inLanguage\":\"fr-FR\",\"@id\":\"https:\/\/www.mesastrigoadvocats.com\/#\/schema\/logo\/image\/\",\"url\":\"https:\/\/www.mesastrigoadvocats.com\/wp-content\/uploads\/2024\/11\/cropped-favicon-mesas-trigo.png\",\"contentUrl\":\"https:\/\/www.mesastrigoadvocats.com\/wp-content\/uploads\/2024\/11\/cropped-favicon-mesas-trigo.png\",\"width\":512,\"height\":245,\"caption\":\"Mesas Trigo\"},\"image\":{\"@id\":\"https:\/\/www.mesastrigoadvocats.com\/#\/schema\/logo\/image\/\"}}]}<\/script>\n<!-- \/ Yoast SEO Premium plugin. -->","yoast_head_json":{"title":"Laura Camprub\u00ed V\u00e1zquez - Mesas Trigo abogados","description":"Laura Camprub\u00ed aporta su experiencia en fiscalidad empresarial, asesor\u00eda, planificaci\u00f3n fiscal internacional y compromiso de excelencia","robots":{"index":"index","follow":"follow","max-snippet":"max-snippet:-1","max-image-preview":"max-image-preview:large","max-video-preview":"max-video-preview:-1"},"canonical":"https:\/\/www.mesastrigoadvocats.com\/fr\/laura-camprubi-vazquez\/","og_locale":"fr_FR","og_type":"article","og_title":"Laura Camprub\u00ed V\u00e1zquez","og_description":"Laura Camprub\u00ed aporta su experiencia en fiscalidad empresarial, asesor\u00eda, planificaci\u00f3n fiscal internacional y compromiso de excelencia","og_url":"https:\/\/www.mesastrigoadvocats.com\/fr\/laura-camprubi-vazquez\/","og_site_name":"Mesas Trigo advocats","article_modified_time":"2025-07-07T08:40:04+00:00","og_image":[{"url":"https:\/\/www.mesastrigoadvocats.com\/wp-content\/uploads\/2025\/02\/Mesas-Trigo-finales-264-x-311-px-3645-x-370-px-364-x-370-px-1.png","type":"","width":"","height":""}],"twitter_card":"summary_large_image","twitter_misc":{"Dur\u00e9e de lecture estim\u00e9e":"2 minutes"},"schema":{"@context":"https:\/\/schema.org","@graph":[{"@type":"WebPage","@id":"https:\/\/www.mesastrigoadvocats.com\/fr\/laura-camprubi-vazquez\/","url":"https:\/\/www.mesastrigoadvocats.com\/fr\/laura-camprubi-vazquez\/","name":"Laura Camprub\u00ed V\u00e1zquez - Mesas Trigo abogados","isPartOf":{"@id":"https:\/\/www.mesastrigoadvocats.com\/#website"},"primaryImageOfPage":{"@id":"https:\/\/www.mesastrigoadvocats.com\/fr\/laura-camprubi-vazquez\/#primaryimage"},"image":{"@id":"https:\/\/www.mesastrigoadvocats.com\/fr\/laura-camprubi-vazquez\/#primaryimage"},"thumbnailUrl":"https:\/\/www.mesastrigoadvocats.com\/wp-content\/uploads\/2025\/02\/Mesas-Trigo-finales-264-x-311-px-3645-x-370-px-364-x-370-px-1.png","datePublished":"2024-11-29T11:24:16+00:00","dateModified":"2025-07-07T08:40:04+00:00","description":"Laura Camprub\u00ed aporta su experiencia en fiscalidad empresarial, asesor\u00eda, planificaci\u00f3n fiscal internacional y compromiso de excelencia","breadcrumb":{"@id":"https:\/\/www.mesastrigoadvocats.com\/fr\/laura-camprubi-vazquez\/#breadcrumb"},"inLanguage":"fr-FR","potentialAction":[{"@type":"ReadAction","target":["https:\/\/www.mesastrigoadvocats.com\/fr\/laura-camprubi-vazquez\/"]}]},{"@type":"ImageObject","inLanguage":"fr-FR","@id":"https:\/\/www.mesastrigoadvocats.com\/fr\/laura-camprubi-vazquez\/#primaryimage","url":"https:\/\/www.mesastrigoadvocats.com\/wp-content\/uploads\/2025\/02\/Mesas-Trigo-finales-264-x-311-px-3645-x-370-px-364-x-370-px-1.png","contentUrl":"https:\/\/www.mesastrigoadvocats.com\/wp-content\/uploads\/2025\/02\/Mesas-Trigo-finales-264-x-311-px-3645-x-370-px-364-x-370-px-1.png"},{"@type":"BreadcrumbList","@id":"https:\/\/www.mesastrigoadvocats.com\/fr\/laura-camprubi-vazquez\/#breadcrumb","itemListElement":[{"@type":"ListItem","position":1,"name":"Portada","item":"https:\/\/www.mesastrigoadvocats.com\/"},{"@type":"ListItem","position":2,"name":"Laura Camprub\u00ed V\u00e1zquez"}]},{"@type":"WebSite","@id":"https:\/\/www.mesastrigoadvocats.com\/#website","url":"https:\/\/www.mesastrigoadvocats.com\/","name":"Mesas Trigo","description":"Mesas Trigo advocats","publisher":{"@id":"https:\/\/www.mesastrigoadvocats.com\/#organization"},"potentialAction":[{"@type":"SearchAction","target":{"@type":"EntryPoint","urlTemplate":"https:\/\/www.mesastrigoadvocats.com\/?s={search_term_string}"},"query-input":{"@type":"PropertyValueSpecification","valueRequired":true,"valueName":"search_term_string"}}],"inLanguage":"fr-FR"},{"@type":"Organization","@id":"https:\/\/www.mesastrigoadvocats.com\/#organization","name":"Mesas Trigo","url":"https:\/\/www.mesastrigoadvocats.com\/","logo":{"@type":"ImageObject","inLanguage":"fr-FR","@id":"https:\/\/www.mesastrigoadvocats.com\/#\/schema\/logo\/image\/","url":"https:\/\/www.mesastrigoadvocats.com\/wp-content\/uploads\/2024\/11\/cropped-favicon-mesas-trigo.png","contentUrl":"https:\/\/www.mesastrigoadvocats.com\/wp-content\/uploads\/2024\/11\/cropped-favicon-mesas-trigo.png","width":512,"height":245,"caption":"Mesas Trigo"},"image":{"@id":"https:\/\/www.mesastrigoadvocats.com\/#\/schema\/logo\/image\/"}}]}},"_links":{"self":[{"href":"https:\/\/www.mesastrigoadvocats.com\/fr\/wp-json\/wp\/v2\/pages\/11872","targetHints":{"allow":["GET"]}}],"collection":[{"href":"https:\/\/www.mesastrigoadvocats.com\/fr\/wp-json\/wp\/v2\/pages"}],"about":[{"href":"https:\/\/www.mesastrigoadvocats.com\/fr\/wp-json\/wp\/v2\/types\/page"}],"author":[{"embeddable":true,"href":"https:\/\/www.mesastrigoadvocats.com\/fr\/wp-json\/wp\/v2\/users\/3"}],"replies":[{"embeddable":true,"href":"https:\/\/www.mesastrigoadvocats.com\/fr\/wp-json\/wp\/v2\/comments?post=11872"}],"version-history":[{"count":9,"href":"https:\/\/www.mesastrigoadvocats.com\/fr\/wp-json\/wp\/v2\/pages\/11872\/revisions"}],"predecessor-version":[{"id":12721,"href":"https:\/\/www.mesastrigoadvocats.com\/fr\/wp-json\/wp\/v2\/pages\/11872\/revisions\/12721"}],"wp:attachment":[{"href":"https:\/\/www.mesastrigoadvocats.com\/fr\/wp-json\/wp\/v2\/media?parent=11872"}],"curies":[{"name":"wp","href":"https:\/\/api.w.org\/{rel}","templated":true}]}}