{"id":8997,"date":"2024-12-04T16:20:01","date_gmt":"2024-12-04T16:20:01","guid":{"rendered":"http:\/\/www.mesastrigo.com\/?page_id=8997"},"modified":"2025-02-17T11:28:50","modified_gmt":"2025-02-17T11:28:50","slug":"noticias-economistas","status":"publish","type":"page","link":"https:\/\/www.mesastrigoadvocats.com\/fr\/noticias-economistas\/","title":{"rendered":"Noticias"},"content":{"rendered":"\t\t<div data-elementor-type=\"wp-page\" data-elementor-id=\"8997\" class=\"elementor elementor-8997\">\n\t\t\t\t        <section class=\"elementor-section elementor-top-section elementor-element elementor-element-422eb12 elementor-section-boxed elementor-section-height-default elementor-section-height-default pxl-type-header-none pxl-row-scroll-none pxl-bg-color-none pxl-section-overlay-none\" data-id=\"422eb12\" data-element_type=\"section\">\n\n                \n                <div class=\"elementor-container elementor-column-gap-extended \">\n                <div class=\"elementor-column elementor-col-100 elementor-top-column elementor-element elementor-element-cb85735 pxl-col-none pxl-column-none\" data-id=\"cb85735\" data-element_type=\"column\">\r\n        <div class=\"elementor-widget-wrap elementor-element-populated\">\r\n                     \r\n        \t\t<div class=\"elementor-element elementor-element-afe62c4 elementor-widget elementor-widget-heading\" data-id=\"afe62c4\" data-element_type=\"widget\" data-widget_type=\"heading.default\">\n\t\t\t\t<div class=\"elementor-widget-container\">\n\t\t\t<div id=\"pxl-heading-afe62c4-9909\" class=\"pxl-heading typewriter-color\">\n\t<div class=\"pxl-heading--inner\">\n\t\t\n\t\t\t\t\t<h3 class=\"pxl-item--title  highlight-default \" data-wow-delay=\"ms\">\n\t\t\t\tTodos los pr\u00f3ximos eventos en nuestra agenda\t\t\n\t\t\t<\/h3>\n\t\t\n\t\t\t<\/div>\n<\/div>\t\t<\/div>\n\t\t\t\t<\/div>\n\t\t            <\/div>\r\n        <\/div>\r\n        \t\t\t<\/div>\n\t\t<\/section>\n\t\t        <section class=\"elementor-section elementor-top-section elementor-element elementor-element-e4ec744 elementor-section-boxed elementor-section-height-default elementor-section-height-default pxl-type-header-none pxl-row-scroll-none pxl-bg-color-none pxl-section-overlay-none\" data-id=\"e4ec744\" data-element_type=\"section\">\n\n                \n                <div class=\"elementor-container elementor-column-gap-extended \">\n                <div class=\"elementor-column elementor-col-100 elementor-top-column elementor-element elementor-element-771ccbf pxl-col-none pxl-column-none\" data-id=\"771ccbf\" data-element_type=\"column\">\r\n        <div class=\"elementor-widget-wrap elementor-element-populated\">\r\n                     \r\n        \t\t<div class=\"elementor-element elementor-element-8439b82 pxl-post-layout-portfolio-13 elementor-widget elementor-widget-post_grid\" data-id=\"8439b82\" data-element_type=\"widget\" data-widget_type=\"post_grid.default\">\n\t\t\t\t<div class=\"elementor-widget-container\">\n\t\t\t\n<div id=\"post_grid-8439b82-5750\" class=\"pxl-grid pxl-portfolio-grid pxl-portfolio-grid-layout13 pxl-grid-nogap\" data-layout=\"masonry\" data-start-page=\"1\" data-max-pages=\"1\" data-total=\"1\" data-perpage=\"6\" data-next-link=\"\">\n            <div class=\"pxl-grid-filter pxl-grid-filter6\">\n            <div class=\"pxl--filter-inner\">\n                <span class=\"filter-item active\" data-filter=\"*\">All<\/span>\n                                                                            \n                    <span class=\"filter-item\" data-filter=\".proteccion-datos\">\n                        Protecci\u00f3n de datos                    <\/span>\n                                                                            \n                    <span class=\"filter-item\" data-filter=\".proteccion-datos-ca\">\n                        Protecci\u00f3n de datos                    <\/span>\n                                                                            \n                    <span class=\"filter-item\" data-filter=\".proteccion-datos-fr\">\n                        Protecci\u00f3n de datos                    <\/span>\n                                                                            \n                    <span class=\"filter-item\" data-filter=\".proteccion-datos-en\">\n                        Protecci\u00f3n de datos                    <\/span>\n                            <\/div>\n        <\/div>\n    \n    <div class=\"pxl-grid-inner pxl-grid-masonry row grid-col-xl-4 grid-col-lg-6 \" data-gutter=\"15\">\n        <div class=\"grid-sizer col-xl-4 col-lg-4 col-md-6 col-sm-6 col-12\"><\/div>\n                    <div class=\"pxl-grid-item col-xl-4 col-lg-4 col-md-6 col-sm-6 col-12 proteccion-datos-fr\">\n                <div class=\"pxl-item--inner \" data-wow-duration=\"1.2s\">\n                    <h3 class=\"pxl-item--title\">\n                        <a href=\"https:\/\/www.mesastrigoadvocats.com\/fr\/blog\/portfolio\/debat-sur-acord-association-union-europeene\/\">\n                            D\u00e9bat sur l\u2019accord d\u2019association avec l\u2019Union europ\u00e9enne \n                        <\/a>\n                    <\/h3>\n                                            <div class=\"pxl-item--image\">\n                            <img fetchpriority=\"high\" decoding=\"async\" class=\"no-lazyload \" src=\"https:\/\/www.mesastrigoadvocats.com\/wp-content\/uploads\/2024\/07\/pexels-karolina-grabowska-4386152-scaled-1000x600.jpg\" width=\"1000\" height=\"600\" alt=\"Debate sobre el Acuerdo de Asociaci\u00f3n con la Uni\u00f3n Europea\" title=\"pexels-karolina-grabowska-4386152\" \/>                                                            <a class=\"pxl-item--readmore\" href=\"https:\/\/www.mesastrigoadvocats.com\/fr\/blog\/portfolio\/debat-sur-acord-association-union-europeene\/\">+<\/a>\n                                                        <div class=\"pxl-item--imgfilter bg-image\" style=\"background-image: url(https:\/\/www.mesastrigoadvocats.com\/wp-content\/uploads\/2024\/07\/pexels-karolina-grabowska-4386152-scaled-1000x600.jpg);\"><\/div>\n                        <\/div>\n                                        <div class=\"pxl-item--meta el-empty\">\n                                                                    <\/div>\n                <\/div>\n            <\/div>\n            <\/div>\n        <\/div>\t\t<\/div>\n\t\t\t\t<\/div>\n\t\t            <\/div>\r\n        <\/div>\r\n        \t\t\t<\/div>\n\t\t<\/section>\n\t\t\t\t<\/div>\n\t\t","protected":false},"excerpt":{"rendered":"<p>Todos los pr\u00f3ximos eventos en nuestra agenda All Protecci\u00f3n de datos Debate sobre el Acuerdo de Asociaci\u00f3n con la Uni\u00f3n Europea + ANDORRA LA VELLA 2025<\/p>\n","protected":false},"author":3,"featured_media":0,"parent":0,"menu_order":0,"comment_status":"closed","ping_status":"closed","template":"","meta":{"footnotes":""},"class_list":["post-8997","page","type-page","status-publish","hentry"],"yoast_head":"<!-- This site is optimized with the Yoast SEO Premium plugin v25.3 (Yoast SEO v25.3) - https:\/\/yoast.com\/wordpress\/plugins\/seo\/ -->\n<title>Noticias - Mesas Trigo advocats<\/title>\n<meta name=\"robots\" content=\"index, follow, max-snippet:-1, max-image-preview:large, max-video-preview:-1\" \/>\n<link rel=\"canonical\" href=\"https:\/\/www.mesastrigoadvocats.com\/noticias-economistas\/\" \/>\n<meta property=\"og:locale\" content=\"fr_FR\" \/>\n<meta property=\"og:type\" content=\"article\" \/>\n<meta property=\"og:title\" content=\"Noticias\" \/>\n<meta property=\"og:description\" content=\"Todos los pr\u00f3ximos eventos en nuestra agenda All Protecci\u00f3n de datos Debate sobre el Acuerdo de Asociaci\u00f3n con la Uni\u00f3n Europea + ANDORRA LA VELLA 2025\" \/>\n<meta property=\"og:url\" content=\"https:\/\/www.mesastrigoadvocats.com\/noticias-economistas\/\" \/>\n<meta property=\"og:site_name\" content=\"Mesas Trigo advocats\" \/>\n<meta property=\"article:modified_time\" content=\"2025-02-17T11:28:50+00:00\" \/>\n<meta property=\"og:image\" content=\"http:\/\/www.mesastrigo.com\/wp-content\/uploads\/2024\/07\/pexels-karolina-grabowska-4386152-scaled-1000x600.jpg\" \/>\n<meta name=\"twitter:card\" content=\"summary_large_image\" \/>\n<meta name=\"twitter:label1\" content=\"Dur\u00e9e de lecture estim\u00e9e\" \/>\n\t<meta name=\"twitter:data1\" content=\"1 minute\" \/>\n<script type=\"application\/ld+json\" class=\"yoast-schema-graph\">{\"@context\":\"https:\/\/schema.org\",\"@graph\":[{\"@type\":\"WebPage\",\"@id\":\"https:\/\/www.mesastrigoadvocats.com\/noticias-economistas\/\",\"url\":\"https:\/\/www.mesastrigoadvocats.com\/noticias-economistas\/\",\"name\":\"Noticias - Mesas Trigo advocats\",\"isPartOf\":{\"@id\":\"https:\/\/www.mesastrigoadvocats.com\/#website\"},\"primaryImageOfPage\":{\"@id\":\"https:\/\/www.mesastrigoadvocats.com\/noticias-economistas\/#primaryimage\"},\"image\":{\"@id\":\"https:\/\/www.mesastrigoadvocats.com\/noticias-economistas\/#primaryimage\"},\"thumbnailUrl\":\"http:\/\/www.mesastrigo.com\/wp-content\/uploads\/2024\/07\/pexels-karolina-grabowska-4386152-scaled-1000x600.jpg\",\"datePublished\":\"2024-12-04T16:20:01+00:00\",\"dateModified\":\"2025-02-17T11:28:50+00:00\",\"breadcrumb\":{\"@id\":\"https:\/\/www.mesastrigoadvocats.com\/noticias-economistas\/#breadcrumb\"},\"inLanguage\":\"fr-FR\",\"potentialAction\":[{\"@type\":\"ReadAction\",\"target\":[\"https:\/\/www.mesastrigoadvocats.com\/noticias-economistas\/\"]}]},{\"@type\":\"ImageObject\",\"inLanguage\":\"fr-FR\",\"@id\":\"https:\/\/www.mesastrigoadvocats.com\/noticias-economistas\/#primaryimage\",\"url\":\"http:\/\/www.mesastrigo.com\/wp-content\/uploads\/2024\/07\/pexels-karolina-grabowska-4386152-scaled-1000x600.jpg\",\"contentUrl\":\"http:\/\/www.mesastrigo.com\/wp-content\/uploads\/2024\/07\/pexels-karolina-grabowska-4386152-scaled-1000x600.jpg\"},{\"@type\":\"BreadcrumbList\",\"@id\":\"https:\/\/www.mesastrigoadvocats.com\/noticias-economistas\/#breadcrumb\",\"itemListElement\":[{\"@type\":\"ListItem\",\"position\":1,\"name\":\"Portada\",\"item\":\"https:\/\/www.mesastrigoadvocats.com\/\"},{\"@type\":\"ListItem\",\"position\":2,\"name\":\"Noticias\"}]},{\"@type\":\"WebSite\",\"@id\":\"https:\/\/www.mesastrigoadvocats.com\/#website\",\"url\":\"https:\/\/www.mesastrigoadvocats.com\/\",\"name\":\"Mesas Trigo\",\"description\":\"Mesas Trigo advocats\",\"publisher\":{\"@id\":\"https:\/\/www.mesastrigoadvocats.com\/#organization\"},\"potentialAction\":[{\"@type\":\"SearchAction\",\"target\":{\"@type\":\"EntryPoint\",\"urlTemplate\":\"https:\/\/www.mesastrigoadvocats.com\/?s={search_term_string}\"},\"query-input\":{\"@type\":\"PropertyValueSpecification\",\"valueRequired\":true,\"valueName\":\"search_term_string\"}}],\"inLanguage\":\"fr-FR\"},{\"@type\":\"Organization\",\"@id\":\"https:\/\/www.mesastrigoadvocats.com\/#organization\",\"name\":\"Mesas Trigo\",\"url\":\"https:\/\/www.mesastrigoadvocats.com\/\",\"logo\":{\"@type\":\"ImageObject\",\"inLanguage\":\"fr-FR\",\"@id\":\"https:\/\/www.mesastrigoadvocats.com\/#\/schema\/logo\/image\/\",\"url\":\"https:\/\/www.mesastrigoadvocats.com\/wp-content\/uploads\/2024\/11\/cropped-favicon-mesas-trigo.png\",\"contentUrl\":\"https:\/\/www.mesastrigoadvocats.com\/wp-content\/uploads\/2024\/11\/cropped-favicon-mesas-trigo.png\",\"width\":512,\"height\":245,\"caption\":\"Mesas Trigo\"},\"image\":{\"@id\":\"https:\/\/www.mesastrigoadvocats.com\/#\/schema\/logo\/image\/\"}}]}<\/script>\n<!-- \/ Yoast SEO Premium plugin. -->","yoast_head_json":{"title":"Noticias - Mesas Trigo advocats","robots":{"index":"index","follow":"follow","max-snippet":"max-snippet:-1","max-image-preview":"max-image-preview:large","max-video-preview":"max-video-preview:-1"},"canonical":"https:\/\/www.mesastrigoadvocats.com\/noticias-economistas\/","og_locale":"fr_FR","og_type":"article","og_title":"Noticias","og_description":"Todos los pr\u00f3ximos eventos en nuestra agenda All Protecci\u00f3n de datos Debate sobre el Acuerdo de Asociaci\u00f3n con la Uni\u00f3n Europea + ANDORRA LA VELLA 2025","og_url":"https:\/\/www.mesastrigoadvocats.com\/noticias-economistas\/","og_site_name":"Mesas Trigo advocats","article_modified_time":"2025-02-17T11:28:50+00:00","og_image":[{"url":"http:\/\/www.mesastrigo.com\/wp-content\/uploads\/2024\/07\/pexels-karolina-grabowska-4386152-scaled-1000x600.jpg","type":"","width":"","height":""}],"twitter_card":"summary_large_image","twitter_misc":{"Dur\u00e9e de lecture estim\u00e9e":"1 minute"},"schema":{"@context":"https:\/\/schema.org","@graph":[{"@type":"WebPage","@id":"https:\/\/www.mesastrigoadvocats.com\/noticias-economistas\/","url":"https:\/\/www.mesastrigoadvocats.com\/noticias-economistas\/","name":"Noticias - Mesas Trigo advocats","isPartOf":{"@id":"https:\/\/www.mesastrigoadvocats.com\/#website"},"primaryImageOfPage":{"@id":"https:\/\/www.mesastrigoadvocats.com\/noticias-economistas\/#primaryimage"},"image":{"@id":"https:\/\/www.mesastrigoadvocats.com\/noticias-economistas\/#primaryimage"},"thumbnailUrl":"http:\/\/www.mesastrigo.com\/wp-content\/uploads\/2024\/07\/pexels-karolina-grabowska-4386152-scaled-1000x600.jpg","datePublished":"2024-12-04T16:20:01+00:00","dateModified":"2025-02-17T11:28:50+00:00","breadcrumb":{"@id":"https:\/\/www.mesastrigoadvocats.com\/noticias-economistas\/#breadcrumb"},"inLanguage":"fr-FR","potentialAction":[{"@type":"ReadAction","target":["https:\/\/www.mesastrigoadvocats.com\/noticias-economistas\/"]}]},{"@type":"ImageObject","inLanguage":"fr-FR","@id":"https:\/\/www.mesastrigoadvocats.com\/noticias-economistas\/#primaryimage","url":"http:\/\/www.mesastrigo.com\/wp-content\/uploads\/2024\/07\/pexels-karolina-grabowska-4386152-scaled-1000x600.jpg","contentUrl":"http:\/\/www.mesastrigo.com\/wp-content\/uploads\/2024\/07\/pexels-karolina-grabowska-4386152-scaled-1000x600.jpg"},{"@type":"BreadcrumbList","@id":"https:\/\/www.mesastrigoadvocats.com\/noticias-economistas\/#breadcrumb","itemListElement":[{"@type":"ListItem","position":1,"name":"Portada","item":"https:\/\/www.mesastrigoadvocats.com\/"},{"@type":"ListItem","position":2,"name":"Noticias"}]},{"@type":"WebSite","@id":"https:\/\/www.mesastrigoadvocats.com\/#website","url":"https:\/\/www.mesastrigoadvocats.com\/","name":"Mesas Trigo","description":"Mesas Trigo advocats","publisher":{"@id":"https:\/\/www.mesastrigoadvocats.com\/#organization"},"potentialAction":[{"@type":"SearchAction","target":{"@type":"EntryPoint","urlTemplate":"https:\/\/www.mesastrigoadvocats.com\/?s={search_term_string}"},"query-input":{"@type":"PropertyValueSpecification","valueRequired":true,"valueName":"search_term_string"}}],"inLanguage":"fr-FR"},{"@type":"Organization","@id":"https:\/\/www.mesastrigoadvocats.com\/#organization","name":"Mesas Trigo","url":"https:\/\/www.mesastrigoadvocats.com\/","logo":{"@type":"ImageObject","inLanguage":"fr-FR","@id":"https:\/\/www.mesastrigoadvocats.com\/#\/schema\/logo\/image\/","url":"https:\/\/www.mesastrigoadvocats.com\/wp-content\/uploads\/2024\/11\/cropped-favicon-mesas-trigo.png","contentUrl":"https:\/\/www.mesastrigoadvocats.com\/wp-content\/uploads\/2024\/11\/cropped-favicon-mesas-trigo.png","width":512,"height":245,"caption":"Mesas Trigo"},"image":{"@id":"https:\/\/www.mesastrigoadvocats.com\/#\/schema\/logo\/image\/"}}]}},"_links":{"self":[{"href":"https:\/\/www.mesastrigoadvocats.com\/fr\/wp-json\/wp\/v2\/pages\/8997","targetHints":{"allow":["GET"]}}],"collection":[{"href":"https:\/\/www.mesastrigoadvocats.com\/fr\/wp-json\/wp\/v2\/pages"}],"about":[{"href":"https:\/\/www.mesastrigoadvocats.com\/fr\/wp-json\/wp\/v2\/types\/page"}],"author":[{"embeddable":true,"href":"https:\/\/www.mesastrigoadvocats.com\/fr\/wp-json\/wp\/v2\/users\/3"}],"replies":[{"embeddable":true,"href":"https:\/\/www.mesastrigoadvocats.com\/fr\/wp-json\/wp\/v2\/comments?post=8997"}],"version-history":[{"count":12,"href":"https:\/\/www.mesastrigoadvocats.com\/fr\/wp-json\/wp\/v2\/pages\/8997\/revisions"}],"predecessor-version":[{"id":9717,"href":"https:\/\/www.mesastrigoadvocats.com\/fr\/wp-json\/wp\/v2\/pages\/8997\/revisions\/9717"}],"wp:attachment":[{"href":"https:\/\/www.mesastrigoadvocats.com\/fr\/wp-json\/wp\/v2\/media?parent=8997"}],"curies":[{"name":"wp","href":"https:\/\/api.w.org\/{rel}","templated":true}]}}